{"id":4203,"date":"2025-12-30T15:14:37","date_gmt":"2025-12-30T07:14:37","guid":{"rendered":"https:\/\/minghanggroup.com\/?post_type=product&#038;p=4203"},"modified":"2025-12-30T15:32:27","modified_gmt":"2025-12-30T07:32:27","slug":"crystal-scent-bottles-with-with-silver-spray-bulk","status":"publish","type":"product","link":"https:\/\/minghanggroup.com\/es\/producto\/crystal-scent-bottles-with-with-silver-spray-bulk\/","title":{"rendered":"Botellas de cristal con aroma de 30 ml, 50 ml y 100 ml con pulverizador plateado a granel"},"content":{"rendered":"<p>Estos frascos de perfume de cristal est\u00e1n hechos completamente de vidrio cristalino, que es multifac\u00e9tico y cristalino con una medida igual de tapas de cristal tallado con diamante y hermosas boquillas rociadoras plateadas, y no solo son lujosos sino tambi\u00e9n modernos.<\/p>\n<h2>Caracter\u00edsticas del producto<\/h2>\n<ul>\n<li><strong>Prisma geom\u00e9trico multifac\u00e9tico:<\/strong> Las formas geom\u00e9tricas de vidrio multifac\u00e9ticas con dise\u00f1o cortado producen efectos insuperables de refracci\u00f3n de la luz y tienen un perfil arquitect\u00f3nico prominente.<\/li>\n<li><strong>Vidrio transparente con alto nivel de transparencia:<\/strong> Este es un material transparente, que tiene una excelente transparencia, de modo que la fragancia en su interior se muestra bien.<\/li>\n<li><strong>Tres tama\u00f1os:<\/strong> Puede encontrar una opci\u00f3n de tama\u00f1o de 30 ml, 50 ml y 100 ml para adaptarse a sus necesidades en funci\u00f3n de muestras de transporte, tama\u00f1os de viaje y perfumes exclusivos.<\/li>\n<\/ul>\n<h2 style=\"text-align: left;\">Especificaciones clave<\/h2>\n<table class=\"aligncenter\" style=\"border-collapse: collapse; width: 536.27pt;\" border=\"0\" width=\"715\" cellspacing=\"0\" cellpadding=\"0\">\n<tbody>\n<tr style=\"height: 13.50pt;\">\n<td style=\"height: 13.50pt; width: 83.25pt;\" width=\"111\" height=\"18\">Especificaci\u00f3n<\/td>\n<td style=\"width: 453.00pt;\" width=\"604\">Detalles<\/td>\n<\/tr>\n<tr style=\"height: 13.50pt;\">\n<td style=\"height: 13.50pt;\" height=\"18\">Dimensiones<\/td>\n<td>30 ml: 44 \u00d7 47 \u00d7 62 mm; 50 ml: 57 \u00d7 28 \u00d7 75 mm; 100 ml: 67 \u00d7 35 \u00d7 95 mm<\/td>\n<\/tr>\n<tr style=\"height: 13.50pt;\">\n<td style=\"height: 13.50pt;\" height=\"18\">Material<\/td>\n<td>Cuerpo de vidrio transparente multifac\u00e9tico; componentes de metal plateado; tapa cuadrada facetada<\/td>\n<\/tr>\n<tr style=\"height: 13.50pt;\">\n<td style=\"height: 13.50pt;\" height=\"18\">Tipo de cierre<\/td>\n<td>Tapa facetada cuadrada con collar de spray de metal plateado integrado<\/td>\n<\/tr>\n<tr style=\"height: 13.50pt;\">\n<td style=\"height: 13.50pt;\" height=\"18\">Ideal para<\/td>\n<td>Frascos de cristal para aromas, frascos de fragancias al por mayor<\/td>\n<\/tr>\n<\/tbody>\n<\/table>\n<h2>Historia de \u00e9xito<\/h2>\n<p>Nuestro frasco de fragancia de 30 ml fue elegido por una de las tiendas departamentales m\u00e1s grandes del mundo, encargada de realizar ligeras modificaciones en el cuello de metal esmerilado multifac\u00e9tico ba\u00f1ado en paladio. El elaborado dise\u00f1o crea magn\u00edficos efectos de iluminaci\u00f3n y sombras con la iluminaci\u00f3n interior y aumenta en un 25% la interacci\u00f3n del cliente con el mostrador de perfumes. El dise\u00f1o de alta gama sit\u00faa a esta marca de perfumes un 40 % por encima de perfumes de dise\u00f1o similares. La respuesta del mercado fue espectacular y los minoristas solicitaron inmediatamente m\u00e1s de un mill\u00f3n de botellas para satisfacer la demanda de suministro durante los pr\u00f3ximos dos a\u00f1os.<\/p>\n<h2>Personalizaci\u00f3n de botellas de cristal con aroma<\/h2>\n<ul>\n<li>Colores de vidrio personalizados: colores de vidrio personalizados en copas cortadas a medida disponibles en champ\u00e1n, gris ahumado o rosa claro.<\/li>\n<li>Acabados de cuello de botella de metal: el cuello de la botella puede tener muchos acabados diferentes, incluidos acabados met\u00e1licos (oro, oro rosa, negro, bronce).<\/li>\n<li>Grabado l\u00e1ser facetado: se puede cortar un logotipo o patr\u00f3n en facetas seleccionadas con un l\u00e1ser.<\/li>\n<li>Dise\u00f1o de agarre antideslizante: los dos lados de la botella est\u00e1n micrograbados para proporcionar un agarre antideslizante adicional.<\/li>\n<\/ul>","protected":false},"excerpt":{"rendered":"<p>Frascos de cristal dise\u00f1ados con vidrio facetado y tapas con corte de diamante. Frascos de primera calidad, suministro directo de f\u00e1brica para marcas y mayoristas.<\/p>","protected":false},"featured_media":4207,"template":"","meta":{"postBodyCss":"","postBodyMargin":[],"postBodyPadding":[],"postBodyBackground":{"backgroundType":"classic","gradient":""}},"product_brand":[],"product_cat":[15,16,62],"product_tag":[],"class_list":{"0":"post-4203","1":"product","2":"type-product","3":"status-publish","4":"has-post-thumbnail","6":"product_cat-glass-containers","7":"product_cat-glass-bottles","8":"product_cat-perfume-bottles","10":"first","11":"instock","12":"shipping-taxable","13":"product-type-simple"},"jetpack_sharing_enabled":true,"_links":{"self":[{"href":"https:\/\/minghanggroup.com\/es\/wp-json\/wp\/v2\/product\/4203","targetHints":{"allow":["GET"]}}],"collection":[{"href":"https:\/\/minghanggroup.com\/es\/wp-json\/wp\/v2\/product"}],"about":[{"href":"https:\/\/minghanggroup.com\/es\/wp-json\/wp\/v2\/types\/product"}],"wp:featuredmedia":[{"embeddable":true,"href":"https:\/\/minghanggroup.com\/es\/wp-json\/wp\/v2\/media\/4207"}],"wp:attachment":[{"href":"https:\/\/minghanggroup.com\/es\/wp-json\/wp\/v2\/media?parent=4203"}],"wp:term":[{"taxonomy":"product_brand","embeddable":true,"href":"https:\/\/minghanggroup.com\/es\/wp-json\/wp\/v2\/product_brand?post=4203"},{"taxonomy":"product_cat","embeddable":true,"href":"https:\/\/minghanggroup.com\/es\/wp-json\/wp\/v2\/product_cat?post=4203"},{"taxonomy":"product_tag","embeddable":true,"href":"https:\/\/minghanggroup.com\/es\/wp-json\/wp\/v2\/product_tag?post=4203"}],"curies":[{"name":"wp","href":"https:\/\/api.w.org\/{rel}","templated":true}]}}