{"id":4202,"date":"2025-12-30T16:04:18","date_gmt":"2025-12-30T08:04:18","guid":{"rendered":"https:\/\/minghanggroup.com\/?post_type=product&#038;p=4202"},"modified":"2025-12-30T17:03:31","modified_gmt":"2025-12-30T09:03:31","slug":"clear-perfume-bottles-for-custom-fragrance-packaging-bulk","status":"publish","type":"product","link":"https:\/\/minghanggroup.com\/es\/producto\/clear-perfume-bottles-for-custom-fragrance-packaging-bulk\/","title":{"rendered":"Botellas de perfume transparentes de 25 ml y 90 ml para envasar fragancias personalizadas a granel"},"content":{"rendered":"<p>Tus frascos de perfume transparentes deben llamar la atenci\u00f3n de tus clientes. Creamos envases de perfume premium dise\u00f1ados para el \u00e9xito en el envasado de fragancias, donde cada frasco de perfume de vidrio se convierte en el sello distintivo de tu marca.<\/p>\n<h2>Caracter\u00edsticas del producto<\/h2>\n<ul>\n<li><strong>Presentaci\u00f3n de Crystal Clarity:<\/strong>Nuestro frasco de perfume de vidrio es el recipiente perfecto para mostrar el color original de su fragancia, haciendo que el empaque de su perfume sea visualmente atractivo a la vez.<\/li>\n<li><strong>Tapas a prueba de fugas:<\/strong>El cuello seguro evitar\u00e1 que el producto tenga fugas durante el transporte de las mercanc\u00edas, una excelente soluci\u00f3n para aceites esenciales o su l\u00ednea de perfumes personalizada.<\/li>\n<li><strong>Tapa de botella geom\u00e9trica:<\/strong> La tapa de la botella cortada geom\u00e9tricamente imita la nitidez de una gema que refleja la luz, comunic\u00e1ndose as\u00ed silenciosamente con el cuerpo minimalista de la botella, discreto, pero que contiene el lenguaje del lujo y la elegancia.<\/li>\n<\/ul>\n<h2>Especificaciones clave<\/h2>\n<table style=\"border-collapse: collapse; width: 80%; margin-left: auto; margin-right: auto;\" border=\"0\" width=\"288\" cellspacing=\"0\" cellpadding=\"0\">\n<tbody>\n<tr style=\"height: 13.50pt;\">\n<td style=\"height: 13.5pt; width: 54pt; text-align: center;\" width=\"72\" height=\"18\">Capacidad (ml)<\/td>\n<td style=\"width: 54pt; text-align: center;\" width=\"72\">Dimensiones (mm)<\/td>\n<td style=\"width: 54pt; text-align: center;\" width=\"72\">Tipo de sello<\/td>\n<td style=\"width: 54pt; text-align: center;\" width=\"72\">Colores de boquillas<\/td>\n<\/tr>\n<tr style=\"height: 13.50pt;\">\n<td style=\"height: 13.5pt; text-align: center;\" align=\"right\" height=\"18\">25<\/td>\n<td style=\"text-align: center;\">37 x 37 x 58<\/td>\n<td class=\"et2\" style=\"text-align: center;\" rowspan=\"2\">Cuello ajustado a presi\u00f3n<\/td>\n<td class=\"et2\" style=\"text-align: center;\" rowspan=\"2\">Plata\/Oro<\/td>\n<\/tr>\n<tr style=\"height: 13.50pt;\">\n<td style=\"height: 13.5pt; text-align: center;\" align=\"right\" height=\"18\">90<\/td>\n<td style=\"text-align: center;\">55 x 55 x 88<\/td>\n<\/tr>\n<\/tbody>\n<\/table>\n<h2>Caso de \u00e9xito<\/h2>\n<p>Una marca de fragancias deseaba que su envase transmitiera visualmente una imagen m\u00e1s sofisticada de su marca. Seleccionaron nuestros frascos de perfume transparentes y los personalizaron con un logotipo en relieve, un acabado esmerilado aterciopelado y un vidrio tintado de color claro para separar visualmente cada l\u00ednea de fragancia.<\/p>\n<p>En el momento del cambio de marca, la empresa experiment\u00f3 un crecimiento de ventas del 28% en el primer trimestre y el volumen de pedidos repetidos de los distribuidores fue significativamente mayor.<\/p>\n<h2>Su ruta de personalizaci\u00f3n<\/h2>\n<ol>\n<li><strong>Colores del atomizador:<\/strong> Coordine las boquillas plateadas o doradas con la identidad de su marca.<\/li>\n<li><strong>Colocaci\u00f3n de etiquetas:<\/strong> Implemente una marca personalizada en la botella de vidrio cil\u00edndrica.<\/li>\n<li><strong>Decoraci\u00f3n Premium:<\/strong> Incorpore discretos detalles en papel dorado para realzar el lujo.<\/li>\n<li><strong>Coincidencia de estilos:<\/strong> Seleccione acabados mate o brillantes para sus soluciones de envasado de fragancias.<\/li>\n<\/ol>","protected":false},"excerpt":{"rendered":"<p>Frascos de perfume de vidrio transparente con curvas suaves y base de vidrio s\u00f3lido. Envases de perfume de f\u00e1brica que ofrecen muestras gratuitas y personalizaci\u00f3n flexible al por mayor.<\/p>","protected":false},"featured_media":4212,"template":"","meta":{"postBodyCss":"","postBodyMargin":[],"postBodyPadding":[],"postBodyBackground":{"backgroundType":"classic","gradient":""}},"product_brand":[],"product_cat":[15,16,62],"product_tag":[],"class_list":{"0":"post-4202","1":"product","2":"type-product","3":"status-publish","4":"has-post-thumbnail","6":"product_cat-glass-containers","7":"product_cat-glass-bottles","8":"product_cat-perfume-bottles","10":"first","11":"instock","12":"shipping-taxable","13":"product-type-simple"},"jetpack_sharing_enabled":true,"_links":{"self":[{"href":"https:\/\/minghanggroup.com\/es\/wp-json\/wp\/v2\/product\/4202","targetHints":{"allow":["GET"]}}],"collection":[{"href":"https:\/\/minghanggroup.com\/es\/wp-json\/wp\/v2\/product"}],"about":[{"href":"https:\/\/minghanggroup.com\/es\/wp-json\/wp\/v2\/types\/product"}],"wp:featuredmedia":[{"embeddable":true,"href":"https:\/\/minghanggroup.com\/es\/wp-json\/wp\/v2\/media\/4212"}],"wp:attachment":[{"href":"https:\/\/minghanggroup.com\/es\/wp-json\/wp\/v2\/media?parent=4202"}],"wp:term":[{"taxonomy":"product_brand","embeddable":true,"href":"https:\/\/minghanggroup.com\/es\/wp-json\/wp\/v2\/product_brand?post=4202"},{"taxonomy":"product_cat","embeddable":true,"href":"https:\/\/minghanggroup.com\/es\/wp-json\/wp\/v2\/product_cat?post=4202"},{"taxonomy":"product_tag","embeddable":true,"href":"https:\/\/minghanggroup.com\/es\/wp-json\/wp\/v2\/product_tag?post=4202"}],"curies":[{"name":"wp","href":"https:\/\/api.w.org\/{rel}","templated":true}]}}