{"id":4197,"date":"2025-12-30T14:05:06","date_gmt":"2025-12-30T06:05:06","guid":{"rendered":"https:\/\/minghanggroup.com\/?post_type=product&#038;p=4197"},"modified":"2025-12-30T16:59:44","modified_gmt":"2025-12-30T08:59:44","slug":"empty-bottles-of-perfume-with-lids-bulk","status":"publish","type":"product","link":"https:\/\/minghanggroup.com\/es\/producto\/empty-bottles-of-perfume-with-lids-bulk\/","title":{"rendered":"Botellas de perfume vac\u00edas de 50 ml con tapa a granel"},"content":{"rendered":"<p>Estos frascos de perfume de vidrio vac\u00edos de alta gama est\u00e1n dise\u00f1ados con vidrio de m\u00faltiples lados que es transparente y cada tapa est\u00e1 rematada con un brillante cristal tallado con diamante.<\/p>\n<h2>Caracter\u00edsticas del producto<\/h2>\n<ul>\n<li><strong>Vidrio cristalino:<\/strong> Se trata de un material muy transparente para que el color del perfume salga perfecto, ya que es cristalino y sin distorsiones como una piedra preciosa.<\/li>\n<li><strong>Botella de vidrio multifac\u00e9tica:<\/strong> El vidrio multifac\u00e9tico, un tipo de vidrio transparente, mejora el reflejo de la luz sobre la superficie de la botella, creando una ilusi\u00f3n \u00f3ptica similar a la de una joya incrustada dentro de la botella.<\/li>\n<li><strong>Corona o capuch\u00f3n con textura de diamante: <\/strong>El capuch\u00f3n tambi\u00e9n presenta una textura de corte de diamante. Por lo tanto, su estructura realza a\u00fan m\u00e1s la ilusi\u00f3n multifac\u00e9tica.<\/li>\n<\/ul>\n<h2 style=\"text-align: left;\">Especificaciones clave<\/h2>\n<table class=\"aligncenter\" style=\"border-collapse: collapse; width: 452.27pt;\" border=\"0\" width=\"603\" cellspacing=\"0\" cellpadding=\"0\">\n<tbody>\n<tr style=\"height: 13.50pt;\">\n<td style=\"height: 13.50pt; width: 130.50pt;\" width=\"174\" height=\"18\">Especificaci\u00f3n<\/td>\n<td style=\"width: 321.75pt;\" width=\"429\">Detalles<\/td>\n<\/tr>\n<tr style=\"height: 13.50pt;\">\n<td style=\"height: 13.50pt;\" height=\"18\">Capacidad<\/td>\n<td>50 ml<\/td>\n<\/tr>\n<tr style=\"height: 13.50pt;\">\n<td style=\"height: 13.50pt;\" height=\"18\">Dimensiones<\/td>\n<td>50\u00d739\u00d787 mm<\/td>\n<\/tr>\n<tr style=\"height: 13.50pt;\">\n<td style=\"height: 13.50pt;\" height=\"18\">Material<\/td>\n<td>Cuerpo de vidrio de alta claridad de grado cristalino<\/td>\n<\/tr>\n<tr style=\"height: 13.50pt;\">\n<td style=\"height: 13.50pt;\" height=\"18\">Tipo de cierre<\/td>\n<td>Capuch\u00f3n de cristal facetado con collar de espray dorado integrado<\/td>\n<\/tr>\n<tr style=\"height: 13.50pt;\">\n<td style=\"height: 13.50pt;\" height=\"18\">Caracter\u00edstica de la artesan\u00eda<\/td>\n<td>Claridad de vidrio de calidad cristalina, ensamblaje de metal de primera calidad<\/td>\n<\/tr>\n<tr style=\"height: 13.50pt;\">\n<td style=\"height: 13.50pt;\" height=\"18\">Ideal para<\/td>\n<td>Frascos de perfume de vidrio vac\u00edos, frascos de fragancia a granel<\/td>\n<\/tr>\n<\/tbody>\n<\/table>\n<h2>Historia de \u00e9xito<\/h2>\n<p>Un perfumista de las familias reales de Oriente Medio necesitaba un recipiente de lujo y alta calidad artesanal. Encarg\u00f3 la fabricaci\u00f3n a medida de nuestros frascos vac\u00edos de perfume de 50 ml en color azul zafiro. Esta combinaci\u00f3n de luces y sombras cre\u00f3 un hermoso efecto de luz y sombra, y el m\u00e9todo de corte utilizado en la boutique permiti\u00f3 a los clientes disfrutar de un 70 % m\u00e1s de tiempo de exposici\u00f3n. Su aspecto de gema permite venderlo a un precio superior al 300 % del coste de producci\u00f3n. Debido a este impacto, el cliente realiz\u00f3 otro pedido de 500\u00a0000 frascos y firm\u00f3 un acuerdo de distribuci\u00f3n regional exclusivo.<\/p>\n<h2>Personalizaci\u00f3n de botellas de perfume de vidrio vac\u00edas<\/h2>\n<ul>\n<li>Colores y tonos de vidrio hechos a medida: el vidrio tallado (rub\u00ed, esmeralda, topacio) viene en varios tonos de gemas.<\/li>\n<li>Grabado l\u00e1ser de una sola cara: grabe insignias, letras o n\u00fameros de serie en ciertos lados de la botella.<\/li>\n<li>Frosty \u2013 Las facetas alternas de Frost crean un efecto de dos tonos.<\/li>\n<li>Dise\u00f1a tu propia gorra: convierte la gorra de cristal en un dise\u00f1o con una forma o patr\u00f3n diferente.<\/li>\n<\/ul>","protected":false},"excerpt":{"rendered":"<p>Frascos de perfume vac\u00edos de lujo, fabricados en cristal transparente con dise\u00f1o facetado y pulverizador dorado. Suministro directo de f\u00e1brica, ideales para marcas de fragancias premium.<\/p>","protected":false},"featured_media":4201,"template":"","meta":{"postBodyCss":"","postBodyMargin":[],"postBodyPadding":[],"postBodyBackground":{"backgroundType":"classic","gradient":""}},"product_brand":[],"product_cat":[15,16,62],"product_tag":[],"class_list":{"0":"post-4197","1":"product","2":"type-product","3":"status-publish","4":"has-post-thumbnail","6":"product_cat-glass-containers","7":"product_cat-glass-bottles","8":"product_cat-perfume-bottles","10":"first","11":"instock","12":"shipping-taxable","13":"product-type-simple"},"jetpack_sharing_enabled":true,"_links":{"self":[{"href":"https:\/\/minghanggroup.com\/es\/wp-json\/wp\/v2\/product\/4197","targetHints":{"allow":["GET"]}}],"collection":[{"href":"https:\/\/minghanggroup.com\/es\/wp-json\/wp\/v2\/product"}],"about":[{"href":"https:\/\/minghanggroup.com\/es\/wp-json\/wp\/v2\/types\/product"}],"wp:featuredmedia":[{"embeddable":true,"href":"https:\/\/minghanggroup.com\/es\/wp-json\/wp\/v2\/media\/4201"}],"wp:attachment":[{"href":"https:\/\/minghanggroup.com\/es\/wp-json\/wp\/v2\/media?parent=4197"}],"wp:term":[{"taxonomy":"product_brand","embeddable":true,"href":"https:\/\/minghanggroup.com\/es\/wp-json\/wp\/v2\/product_brand?post=4197"},{"taxonomy":"product_cat","embeddable":true,"href":"https:\/\/minghanggroup.com\/es\/wp-json\/wp\/v2\/product_cat?post=4197"},{"taxonomy":"product_tag","embeddable":true,"href":"https:\/\/minghanggroup.com\/es\/wp-json\/wp\/v2\/product_tag?post=4197"}],"curies":[{"name":"wp","href":"https:\/\/api.w.org\/{rel}","templated":true}]}}