{"id":4186,"date":"2025-12-30T10:18:04","date_gmt":"2025-12-30T02:18:04","guid":{"rendered":"https:\/\/minghanggroup.com\/?post_type=product&#038;p=4186"},"modified":"2025-12-30T13:02:03","modified_gmt":"2025-12-30T05:02:03","slug":"crystal-fragrance-bottle-with-thick-base-bulk","status":"publish","type":"product","link":"https:\/\/minghanggroup.com\/es\/producto\/crystal-fragrance-bottle-with-thick-base-bulk\/","title":{"rendered":"Frasco de fragancia de cristal de 100 ml con base gruesa a granel"},"content":{"rendered":"<p>Este frasco de fragancia de cristal est\u00e1 hecho de vidrio transparente y brillante (con una base m\u00e1s gruesa para mayor estabilidad y durabilidad). El tap\u00f3n es de deslumbrante cristal tallado con diamante y lleva un anillo dorado para realzar su brillo.<\/p>\n<h2>Caracter\u00edsticas del producto<\/h2>\n<ul>\n<li><strong>Tapa con corte de diamante:<\/strong> La tapa transparente presenta un corte con patr\u00f3n de diamantes que refracta la luz, lo que le da a la botella un aspecto m\u00e1s elegante y hace que la naturaleza lujosa del producto sea m\u00e1s evidente.<\/li>\n<li><strong>Detalle del anillo de oro:<\/strong> El anillo dorado que conecta la tapa y la botella a\u00f1ade profundidad visual al dise\u00f1o y un peque\u00f1o, pero elegante, toque de sofisticaci\u00f3n.<\/li>\n<li><strong>Base de dise\u00f1o de m\u00faltiples capas:<\/strong> La base est\u00e1 dise\u00f1ada para ser gruesa, multicapa y, por lo tanto, m\u00e1s estable. Adem\u00e1s, la textura del vidrio tambi\u00e9n resalta.<\/li>\n<\/ul>\n<h2 style=\"text-align: left;\">Especificaciones clave<\/h2>\n<table class=\"aligncenter\" style=\"border-collapse: collapse; width: 548.27pt;\" border=\"0\" width=\"731\" cellspacing=\"0\" cellpadding=\"0\">\n<tbody>\n<tr style=\"height: 13.50pt;\">\n<td style=\"height: 13.50pt; width: 130.50pt;\" width=\"174\" height=\"18\">Especificaci\u00f3n<\/td>\n<td style=\"width: 417.75pt;\" width=\"557\">Detalles<\/td>\n<\/tr>\n<tr style=\"height: 13.50pt;\">\n<td style=\"height: 13.50pt;\" height=\"18\">Capacidad<\/td>\n<td>100 ml<\/td>\n<\/tr>\n<tr style=\"height: 13.50pt;\">\n<td style=\"height: 13.50pt;\" height=\"18\">Dimensiones<\/td>\n<td>55\u00d7114 mm<\/td>\n<\/tr>\n<tr style=\"height: 13.50pt;\">\n<td style=\"height: 13.50pt;\" height=\"18\">Material<\/td>\n<td>Cuerpo de vidrio transparente; tapa facetada con efecto cristalino; detalle de anillo de metal dorado.<\/td>\n<\/tr>\n<tr style=\"height: 13.50pt;\">\n<td style=\"height: 13.50pt;\" height=\"18\">Tipo de cierre<\/td>\n<td>Tapa con corte de cristal y anillo de metal dorado; bomba de pulverizaci\u00f3n de precisi\u00f3n integrada<\/td>\n<\/tr>\n<tr style=\"height: 13.50pt;\">\n<td style=\"height: 13.50pt;\" height=\"18\">Caracter\u00edstica de la artesan\u00eda<\/td>\n<td>Base moldeada con niveles ponderados, facetado de cristal de precisi\u00f3n (tapa)<\/td>\n<\/tr>\n<tr style=\"height: 13.50pt;\">\n<td style=\"height: 13.50pt;\" height=\"18\">Ideal para<\/td>\n<td>Frasco de cristal para fragancia, frasco de perfume de vidrio a granel<\/td>\n<\/tr>\n<\/tbody>\n<\/table>\n<h2>Historia de \u00e9xito<\/h2>\n<p>Una de las grandes casas de moda milanesas nos encarg\u00f3 la producci\u00f3n de este frasco de perfume de 100 ml, con un cuerpo de cristal de cuarzo ahumado y un anillo decorativo chapado en oro de 24 quilates. El tap\u00f3n tallado en cristal se convirti\u00f3 en el centro de atenci\u00f3n de la campa\u00f1a de marketing, aumentando en un 450 % la visibilidad medi\u00e1tica gracias a su aspecto fotog\u00e9nico. Su elevado peso justifica su precio, que supera en un 75 % la media del mercado. El \u00e9xito del dise\u00f1o fue tal que la marca encarg\u00f3 250\u00a0000 frascos de nuevo como continuaci\u00f3n de las dos siguientes l\u00edneas de fragancias.<\/p>\n<h2>Personalizaci\u00f3n de frascos de fragancia de cristal<\/h2>\n<ul>\n<li>Color y transparencia del vidrio personal: viene en varios colores diferentes (zafiro, verde esmeralda, \u00e1mbar) con diferentes niveles de transparencia.<\/li>\n<li>Anillos de Metal \u2013 Anillos de metal personalizados de aleaci\u00f3n (oro rosa, platino, paladio) y acabado.<\/li>\n<li>Botella de vidrio esmerilado: hay opciones esmeriladas o esmeriladas degradadas disponibles para brindar una sensaci\u00f3n de lujo m\u00e1s suave y et\u00e9rea.<\/li>\n<\/ul>","protected":false},"excerpt":{"rendered":"<p>Frasco de fragancia de cristal de alta gama con cuerpo de vidrio engrosado, tapa de cristal tallado y un estilo moderno y lujoso. Env\u00edo r\u00e1pido que garantiza una entrega confiable y puntual.<\/p>","protected":false},"featured_media":4195,"template":"","meta":{"postBodyCss":"","postBodyMargin":[],"postBodyPadding":[],"postBodyBackground":{"backgroundType":"classic","gradient":""}},"product_brand":[],"product_cat":[15,16,62],"product_tag":[],"class_list":{"0":"post-4186","1":"product","2":"type-product","3":"status-publish","4":"has-post-thumbnail","6":"product_cat-glass-containers","7":"product_cat-glass-bottles","8":"product_cat-perfume-bottles","10":"first","11":"instock","12":"shipping-taxable","13":"product-type-simple"},"jetpack_sharing_enabled":true,"_links":{"self":[{"href":"https:\/\/minghanggroup.com\/es\/wp-json\/wp\/v2\/product\/4186","targetHints":{"allow":["GET"]}}],"collection":[{"href":"https:\/\/minghanggroup.com\/es\/wp-json\/wp\/v2\/product"}],"about":[{"href":"https:\/\/minghanggroup.com\/es\/wp-json\/wp\/v2\/types\/product"}],"wp:featuredmedia":[{"embeddable":true,"href":"https:\/\/minghanggroup.com\/es\/wp-json\/wp\/v2\/media\/4195"}],"wp:attachment":[{"href":"https:\/\/minghanggroup.com\/es\/wp-json\/wp\/v2\/media?parent=4186"}],"wp:term":[{"taxonomy":"product_brand","embeddable":true,"href":"https:\/\/minghanggroup.com\/es\/wp-json\/wp\/v2\/product_brand?post=4186"},{"taxonomy":"product_cat","embeddable":true,"href":"https:\/\/minghanggroup.com\/es\/wp-json\/wp\/v2\/product_cat?post=4186"},{"taxonomy":"product_tag","embeddable":true,"href":"https:\/\/minghanggroup.com\/es\/wp-json\/wp\/v2\/product_tag?post=4186"}],"curies":[{"name":"wp","href":"https:\/\/api.w.org\/{rel}","templated":true}]}}