{"id":4177,"date":"2025-12-30T10:17:25","date_gmt":"2025-12-30T02:17:25","guid":{"rendered":"https:\/\/minghanggroup.com\/?post_type=product&#038;p=4177"},"modified":"2025-12-30T17:04:12","modified_gmt":"2025-12-30T09:04:12","slug":"100ml-cologne-bottles-for-fragrance-in-bulk","status":"publish","type":"product","link":"https:\/\/minghanggroup.com\/es\/producto\/100ml-cologne-bottles-for-fragrance-in-bulk\/","title":{"rendered":"Botellas de colonia de 100 ml para fragancias a granel"},"content":{"rendered":"<p>Tu frasco de colonia de 100 ml deber\u00eda cautivar a tus clientes. Fabricamos frascos de perfume premium a granel, dise\u00f1ados para el \u00e9xito en el envasado de fragancias, donde cada frasco de perfume de vidrio se convierte en la se\u00f1a de identidad de tu marca.<\/p>\n<h2>Caracter\u00edsticas del producto<\/h2>\n<ul>\n<li><strong>Presentaci\u00f3n de Crystal Clarity: <\/strong>Nuestro frasco de perfume de vidrio muestra el verdadero color de su fragancia, lo que hace que el empaque de su perfume sea visualmente atractivo al instante.<\/li>\n<li><strong>Base cil\u00edndrica estable: <\/strong>La parte inferior reforzada de su botella de colonia de 100 ml, que est\u00e1 hecha de vidrio, la mantendr\u00e1 perfectamente en posici\u00f3n vertical durante una exhibici\u00f3n o el uso diario.<\/li>\n<li><strong>Gorra met\u00e1lica personalizable: <\/strong>\u00bfPor qu\u00e9 no complementar el look de tu marca con una gorra negra, dorada o plateada de tu elecci\u00f3n?<\/li>\n<\/ul>\n<h2>Especificaciones clave<\/h2>\n<table style=\"border-collapse: collapse; width: 80%; margin-left: auto; margin-right: auto;\" border=\"0\" width=\"432\" cellspacing=\"0\" cellpadding=\"0\">\n<tbody>\n<tr style=\"height: 13.50pt;\">\n<td style=\"height: 13.5pt; width: 54pt; text-align: center;\" width=\"72\" height=\"18\">Capacidad<\/td>\n<td style=\"width: 54pt; text-align: center;\" width=\"72\">Dimensiones<\/td>\n<td style=\"width: 54pt; text-align: center;\" width=\"72\">Calibre<\/td>\n<td style=\"width: 54pt; text-align: center;\" width=\"72\">Forma<\/td>\n<td style=\"width: 54pt; text-align: center;\" width=\"72\">Tipo de sello<\/td>\n<td style=\"width: 54pt; text-align: center;\" width=\"72\">Opciones de color<\/td>\n<\/tr>\n<tr style=\"height: 13.50pt;\">\n<td style=\"height: 13.5pt; text-align: center;\" height=\"18\">100 ml<\/td>\n<td style=\"text-align: center;\">55 x 98 mm<\/td>\n<td style=\"text-align: center;\">15 mm<\/td>\n<td style=\"text-align: center;\">Cil\u00edndrico<\/td>\n<td style=\"text-align: center;\">Cuello de engarce + pulverizador<\/td>\n<td style=\"text-align: center;\">Personalizable<\/td>\n<\/tr>\n<\/tbody>\n<\/table>\n<h2>Caso de \u00e9xito<\/h2>\n<p>Una marca de fragancias nicho ten\u00eda un aroma excelente, pero su envase original parec\u00eda demasiado gen\u00e9rico en los estantes. Cambiaron a nuestro frasco de colonia de vidrio de 100 ml, dise\u00f1aron a medida un tap\u00f3n plateado \u00fanico y el logotipo de la marca serigrafiado, lo que realzaba el atractivo de esta serie de fragancias. Hicieron un primer pedido de 5000 unidades. Gracias al relanzamiento, la imagen renovada de la marca le dio mayor visibilidad y, por lo tanto, sus ventas en l\u00ednea aumentaron un 32 % en tres meses.<\/p>\n<h2>Sus opciones de personalizaci\u00f3n<\/h2>\n<ol>\n<li><strong>Acabados de la tapa:<\/strong> Mejore los colores de su marca con la selecci\u00f3n de tapa met\u00e1lica negra, dorada o plateada.<\/li>\n<li><strong>Integraci\u00f3n de etiquetas:<\/strong> Marque la botella de vidrio simple con su marca personalizada para reconocerla f\u00e1cilmente.<\/li>\n<li><strong>Decoraci\u00f3n Premium:<\/strong> A\u00f1ade un poco de lujo a la botella con un relieve sutil que no afecta la transparencia.<\/li>\n<\/ol>","protected":false},"excerpt":{"rendered":"<p>Frasco de colonia de 100 ml con vidrio transparente y base estable. Suministro directo de f\u00e1brica. Muestras gratuitas disponibles. Ideal para frascos de perfume al por mayor con opciones personalizadas.<\/p>","protected":false},"featured_media":4185,"template":"","meta":{"postBodyCss":"","postBodyMargin":[],"postBodyPadding":[],"postBodyBackground":{"backgroundType":"classic","gradient":""}},"product_brand":[],"product_cat":[15,16,62],"product_tag":[],"class_list":{"0":"post-4177","1":"product","2":"type-product","3":"status-publish","4":"has-post-thumbnail","6":"product_cat-glass-containers","7":"product_cat-glass-bottles","8":"product_cat-perfume-bottles","10":"first","11":"instock","12":"shipping-taxable","13":"product-type-simple"},"jetpack_sharing_enabled":true,"_links":{"self":[{"href":"https:\/\/minghanggroup.com\/es\/wp-json\/wp\/v2\/product\/4177","targetHints":{"allow":["GET"]}}],"collection":[{"href":"https:\/\/minghanggroup.com\/es\/wp-json\/wp\/v2\/product"}],"about":[{"href":"https:\/\/minghanggroup.com\/es\/wp-json\/wp\/v2\/types\/product"}],"wp:featuredmedia":[{"embeddable":true,"href":"https:\/\/minghanggroup.com\/es\/wp-json\/wp\/v2\/media\/4185"}],"wp:attachment":[{"href":"https:\/\/minghanggroup.com\/es\/wp-json\/wp\/v2\/media?parent=4177"}],"wp:term":[{"taxonomy":"product_brand","embeddable":true,"href":"https:\/\/minghanggroup.com\/es\/wp-json\/wp\/v2\/product_brand?post=4177"},{"taxonomy":"product_cat","embeddable":true,"href":"https:\/\/minghanggroup.com\/es\/wp-json\/wp\/v2\/product_cat?post=4177"},{"taxonomy":"product_tag","embeddable":true,"href":"https:\/\/minghanggroup.com\/es\/wp-json\/wp\/v2\/product_tag?post=4177"}],"curies":[{"name":"wp","href":"https:\/\/api.w.org\/{rel}","templated":true}]}}