{"id":4176,"date":"2025-12-30T09:08:22","date_gmt":"2025-12-30T01:08:22","guid":{"rendered":"https:\/\/minghanggroup.com\/?post_type=product&#038;p=4176"},"modified":"2025-12-30T10:17:42","modified_gmt":"2025-12-30T02:17:42","slug":"50ml-empty-perfume-spray-bottles-with-vertical-stripes-bulk","status":"publish","type":"product","link":"https:\/\/minghanggroup.com\/es\/producto\/50ml-empty-perfume-spray-bottles-with-vertical-stripes-bulk\/","title":{"rendered":"Botellas de spray de perfume vac\u00edas de 50 ml con rayas verticales al por mayor"},"content":{"rendered":"<p>El frasco de perfume vac\u00edo de 50 ml est\u00e1 hecho de vidrio transparente de alta calidad. Su textura de rayas verticales brilla con la luz. Su sencillo tap\u00f3n, de elegante color negro (con un anillo dorado pulido), le aporta un sutil toque de lujo.<\/p>\n<h2>Caracter\u00edsticas del producto<\/h2>\n<ul>\n<li><strong>Botella de rayas verticales:<\/strong> La botella tiene densas rayas verticales que aumentan la refracci\u00f3n de la luz y aumentan el agarre.<\/li>\n<li><strong>Tapa de anillo de metal:<\/strong> El anillo de metal y la tapa negra con anillo de metal dorado son una combinaci\u00f3n totalmente natural con un toque lujoso, presentando as\u00ed el posicionamiento de alta gama.<\/li>\n<li><strong>Capacidad universal de 50 ml:<\/strong> La capacidad de 50 ml y el llamativo dise\u00f1o vertical lo convierten en el mejor complemento para cualquier tocador.<\/li>\n<\/ul>\n<h2 style=\"text-align: left;\">Especificaciones clave<\/h2>\n<table class=\"aligncenter\" style=\"border-collapse: collapse; width: 412.52pt;\" border=\"0\" width=\"550\" cellspacing=\"0\" cellpadding=\"0\">\n<tbody>\n<tr style=\"height: 13.50pt;\">\n<td style=\"height: 13.50pt; width: 80.25pt;\" width=\"107\" height=\"18\">Especificaci\u00f3n<\/td>\n<td style=\"width: 332.25pt;\" width=\"443\">Detalles<\/td>\n<\/tr>\n<tr style=\"height: 13.50pt;\">\n<td style=\"height: 13.50pt;\" height=\"18\">Capacidad<\/td>\n<td>50 ml<\/td>\n<\/tr>\n<tr style=\"height: 13.50pt;\">\n<td style=\"height: 13.50pt;\" height=\"18\">Dimensiones<\/td>\n<td>55\u00d793 mm<\/td>\n<\/tr>\n<tr style=\"height: 13.50pt;\">\n<td style=\"height: 13.50pt;\" height=\"18\">Material<\/td>\n<td>Cuerpo de vidrio transparente con corte a rayas; tapa negra; anillo de metal dorado<\/td>\n<\/tr>\n<tr style=\"height: 13.50pt;\">\n<td style=\"height: 13.50pt;\" height=\"18\">Forma de la botella<\/td>\n<td>Cil\u00edndrico<\/td>\n<\/tr>\n<tr style=\"height: 13.50pt;\">\n<td style=\"height: 13.50pt;\" height=\"18\">Tipo de cierre<\/td>\n<td>Tapa negra con anillo met\u00e1lico dorado; bomba de pulverizaci\u00f3n integrada<\/td>\n<\/tr>\n<tr style=\"height: 13.50pt;\">\n<td style=\"height: 13.50pt;\" height=\"18\">Ideal para<\/td>\n<td>Frascos de perfume en aerosol vac\u00edos, frascos de perfume en aerosol a granel<\/td>\n<\/tr>\n<\/tbody>\n<\/table>\n<h2>\u00c9xito: Colecci\u00f3n exclusiva de una famosa marca de farmacia de Nueva York<\/h2>\n<p>Una popular farmacia neoyorquina lanz\u00f3 una l\u00ednea de fragancias unisex dise\u00f1adas a pedido. Eligieron nuestro frasco de perfume de vidrio de 50 ml con rayas verticales como envase exclusivo, con su tapa de nogal oscuro. La textura de rayas verticales ofrece un agarre excelente, una caracter\u00edstica bien valorada en el 95 % de las rese\u00f1as en l\u00ednea. Su distintiva textura resulta muy familiar, lo que ha impulsado una tasa de ventas del 50 % en el primer trimestre. El farmac\u00e9utico qued\u00f3 satisfecho con la mejora de la marca y la respuesta de los clientes, hasta el punto de encargar 300\u00a0000 frascos para probar el mercado internacional.<\/p>\n<h2>Botellas de perfume en aerosol vac\u00edas personalizadas<\/h2>\n<ul>\n<li>Colores de vidrio personalizados: se ofrece en colores de vidrio cortado a rayas, como gris ahumado, azul cobalto o \u00e1mbar.<\/li>\n<li>Anillos de Metal Personalizados \u2013 Se pueden realizar en muchos tipos de metales (cobre, bronce, plata) y acabados de los anillos decorativos.<\/li>\n<li>Efecto de rayas esmeriladas: rayas esmeriladas en relieve para mejorar la difusi\u00f3n de la luz.<\/li>\n<li>Base en relieve: es un logotipo o insignia en relieve en la parte inferior de la botella que no es visible.<\/li>\n<\/ul>","protected":false},"excerpt":{"rendered":"<p>Frascos de perfume vac\u00edos premium con atomizador, frasco de perfume de 50 ml con vidrio texturizado vertical, tap\u00f3n negro y aro dorado. Suministro directo de f\u00e1brica con env\u00edo r\u00e1pido.<\/p>","protected":false},"featured_media":4178,"template":"","meta":{"postBodyCss":"","postBodyMargin":[],"postBodyPadding":[],"postBodyBackground":{"backgroundType":"classic","gradient":""}},"product_brand":[],"product_cat":[15,16,62],"product_tag":[],"class_list":{"0":"post-4176","1":"product","2":"type-product","3":"status-publish","4":"has-post-thumbnail","6":"product_cat-glass-containers","7":"product_cat-glass-bottles","8":"product_cat-perfume-bottles","10":"first","11":"instock","12":"shipping-taxable","13":"product-type-simple"},"jetpack_sharing_enabled":true,"_links":{"self":[{"href":"https:\/\/minghanggroup.com\/es\/wp-json\/wp\/v2\/product\/4176","targetHints":{"allow":["GET"]}}],"collection":[{"href":"https:\/\/minghanggroup.com\/es\/wp-json\/wp\/v2\/product"}],"about":[{"href":"https:\/\/minghanggroup.com\/es\/wp-json\/wp\/v2\/types\/product"}],"wp:featuredmedia":[{"embeddable":true,"href":"https:\/\/minghanggroup.com\/es\/wp-json\/wp\/v2\/media\/4178"}],"wp:attachment":[{"href":"https:\/\/minghanggroup.com\/es\/wp-json\/wp\/v2\/media?parent=4176"}],"wp:term":[{"taxonomy":"product_brand","embeddable":true,"href":"https:\/\/minghanggroup.com\/es\/wp-json\/wp\/v2\/product_brand?post=4176"},{"taxonomy":"product_cat","embeddable":true,"href":"https:\/\/minghanggroup.com\/es\/wp-json\/wp\/v2\/product_cat?post=4176"},{"taxonomy":"product_tag","embeddable":true,"href":"https:\/\/minghanggroup.com\/es\/wp-json\/wp\/v2\/product_tag?post=4176"}],"curies":[{"name":"wp","href":"https:\/\/api.w.org\/{rel}","templated":true}]}}