{"id":4170,"date":"2025-12-29T16:38:57","date_gmt":"2025-12-29T08:38:57","guid":{"rendered":"https:\/\/minghanggroup.com\/?post_type=product&#038;p=4170"},"modified":"2025-12-29T16:48:48","modified_gmt":"2025-12-29T08:48:48","slug":"3-oz-perfume-bottles-with-blue-ball-lids-wholesale","status":"publish","type":"product","link":"https:\/\/minghanggroup.com\/es\/producto\/3-oz-perfume-bottles-with-blue-ball-lids-wholesale\/","title":{"rendered":"Botellas de perfume de 3 oz con tapas de bola azul al por mayor"},"content":{"rendered":"<p>Embellezca su l\u00ednea de perfumes con frascos de perfume al por mayor, como esta obra de arte, frasco de perfume de 3 oz con un vidrio transparente con una atractiva tapa esf\u00e9rica azul.<\/p>\n<h2>Caracter\u00edsticas del producto<\/h2>\n<ul>\n<li><strong>Dise\u00f1o de tapa esf\u00e9rica azul:<\/strong> La tapa esf\u00e9rica con texto en azul brillante se convierte en un punto focal visual y adem\u00e1s aporta un toque art\u00edstico a la botella.<\/li>\n<li><strong>Cuerpo de vidrio curvado:<\/strong> Las l\u00edneas curvas de la botella, junto con la textura decorativa ubicada en el medio de la botella, contribuyen al agarre y agregan profundidad al dise\u00f1o minimalista.<\/li>\n<li><strong>Material transparente:<\/strong> El material de vidrio transparente permite ver claramente la cantidad de fragancia que queda y tambi\u00e9n muestra la claridad del vidrio y su sensaci\u00f3n elegante.<\/li>\n<\/ul>\n<h2 style=\"text-align: left;\">Especificaciones clave<\/h2>\n<table class=\"aligncenter\" style=\"border-collapse: collapse; width: 408.02pt;\" border=\"0\" width=\"544\" cellspacing=\"0\" cellpadding=\"0\">\n<tbody>\n<tr style=\"height: 13.50pt;\">\n<td style=\"height: 13.50pt; width: 84.00pt;\" width=\"112\" height=\"18\">Especificaci\u00f3n<\/td>\n<td style=\"width: 324.00pt;\" width=\"432\">Detalles<\/td>\n<\/tr>\n<tr style=\"height: 13.50pt;\">\n<td style=\"height: 13.50pt;\" height=\"18\">Capacidad<\/td>\n<td>90 ml (aprox. 3 oz)<\/td>\n<\/tr>\n<tr style=\"height: 13.50pt;\">\n<td style=\"height: 13.50pt;\" height=\"18\">Dimensiones<\/td>\n<td>60\u00d795 mm<\/td>\n<\/tr>\n<tr style=\"height: 13.50pt;\">\n<td style=\"height: 13.50pt;\" height=\"18\">Material<\/td>\n<td>Cuerpo de vidrio transparente; tapa de pl\u00e1stico\/metal<\/td>\n<\/tr>\n<tr style=\"height: 13.50pt;\">\n<td style=\"height: 13.50pt;\" height=\"18\">Acentos de color<\/td>\n<td>Vidrio transparente; tapa esf\u00e9rica azul brillante<\/td>\n<\/tr>\n<tr style=\"height: 13.50pt;\">\n<td style=\"height: 13.50pt;\" height=\"18\">Tipo de cierre<\/td>\n<td>Tap\u00f3n de rosca esf\u00e9rico azul brillante; dosificaci\u00f3n integrada (para fragancias)<\/td>\n<\/tr>\n<tr style=\"height: 13.50pt;\">\n<td style=\"height: 13.50pt;\" height=\"18\">Ideal para<\/td>\n<td>Frascos de perfume al por mayor, frascos de perfume con tapa<\/td>\n<\/tr>\n<\/tbody>\n<\/table>\n<h2>Historia de \u00e9xito<\/h2>\n<p>Una de las marcas de estilo de vida californianas m\u00e1s populares lanz\u00f3 una l\u00ednea de fragancias con motivos oce\u00e1nicos. Decidieron usar nuestro frasco de perfume de 85 ml como elemento clave del empaque, modificando el uso de la botella esmerilada de color verde espuma de mar y la tapa con textura coral. Su enorme capacidad de 90 ml y su dise\u00f1o de alta gama aumentaron un 40 % el precio de la generaci\u00f3n anterior. El dise\u00f1o distintivo del tap\u00f3n gener\u00f3 un crecimiento del 300 % en las menciones en Instagram. El rendimiento de las ventas y la retroalimentaci\u00f3n de los clientes fueron tan altos que la marca qued\u00f3 muy satisfecha y encarg\u00f3 otro producto nuevo de 175\u00a0000 botellas como producto de temporada.<\/p>\n<h2>Opciones de personalizaci\u00f3n de frascos de perfume al por mayor<\/h2>\n<ul>\n<li>Colores y acabados de vidrio personalizados: se puede utilizar en una gama de colores de vidrio (\u00e1mbar, gris ahumado), brillante o liso.<\/li>\n<li>Colores y texturas de la tapa: elija el color, el acabado (brillante, mate) y la textura de la tapa esf\u00e9rica.<\/li>\n<li>Grabado l\u00e1ser en vidrio: corte c\u00edrculos de hojas o dise\u00f1os geom\u00e9tricos encima o debajo de las marcas en el medio de la botella.<\/li>\n<li>Anillo decorativo de metal: coloque un anillo delgado de metal (por ejemplo, oro, plata) entre el cuello de la botella y la tapa.<\/li>\n<\/ul>","protected":false},"excerpt":{"rendered":"<p>Estos frascos de perfume al por mayor presentan un estilo lujoso y ligero. Un frasco de perfume de 85 ml con marco de vidrio texturizado y tapa azul. Disponible para env\u00edo.<\/p>","protected":false},"featured_media":4171,"template":"","meta":{"postBodyCss":"","postBodyMargin":[],"postBodyPadding":[],"postBodyBackground":{"backgroundType":"classic","gradient":""}},"product_brand":[],"product_cat":[15,16,62],"product_tag":[],"class_list":{"0":"post-4170","1":"product","2":"type-product","3":"status-publish","4":"has-post-thumbnail","6":"product_cat-glass-containers","7":"product_cat-glass-bottles","8":"product_cat-perfume-bottles","10":"first","11":"instock","12":"shipping-taxable","13":"product-type-simple"},"jetpack_sharing_enabled":true,"_links":{"self":[{"href":"https:\/\/minghanggroup.com\/es\/wp-json\/wp\/v2\/product\/4170","targetHints":{"allow":["GET"]}}],"collection":[{"href":"https:\/\/minghanggroup.com\/es\/wp-json\/wp\/v2\/product"}],"about":[{"href":"https:\/\/minghanggroup.com\/es\/wp-json\/wp\/v2\/types\/product"}],"wp:featuredmedia":[{"embeddable":true,"href":"https:\/\/minghanggroup.com\/es\/wp-json\/wp\/v2\/media\/4171"}],"wp:attachment":[{"href":"https:\/\/minghanggroup.com\/es\/wp-json\/wp\/v2\/media?parent=4170"}],"wp:term":[{"taxonomy":"product_brand","embeddable":true,"href":"https:\/\/minghanggroup.com\/es\/wp-json\/wp\/v2\/product_brand?post=4170"},{"taxonomy":"product_cat","embeddable":true,"href":"https:\/\/minghanggroup.com\/es\/wp-json\/wp\/v2\/product_cat?post=4170"},{"taxonomy":"product_tag","embeddable":true,"href":"https:\/\/minghanggroup.com\/es\/wp-json\/wp\/v2\/product_tag?post=4170"}],"curies":[{"name":"wp","href":"https:\/\/api.w.org\/{rel}","templated":true}]}}