{"id":4161,"date":"2025-12-29T15:27:49","date_gmt":"2025-12-29T07:27:49","guid":{"rendered":"https:\/\/minghanggroup.com\/?post_type=product&#038;p=4161"},"modified":"2025-12-29T15:46:31","modified_gmt":"2025-12-29T07:46:31","slug":"empty-crystal-perfume-bottles-with-lids-bulk","status":"publish","type":"product","link":"https:\/\/minghanggroup.com\/es\/producto\/empty-crystal-perfume-bottles-with-lids-bulk\/","title":{"rendered":"Frascos de perfume de cristal vac\u00edos de 55 ml con tapas al por mayor"},"content":{"rendered":"<p>Estos frascos de perfume vac\u00edos est\u00e1n hechos de vidrio cil\u00edndrico, liso, transparente y con base estable. Cada frasco tiene una tapa con corte de diamante y, al abrirlo, su perfume se presenta a la perfecci\u00f3n.<\/p>\n<h2>Caracter\u00edsticas del producto<\/h2>\n<ul>\n<li><strong>Tapa con corte de cristal:<\/strong> La tapa de cristal tallado con su textura de diamante le dar\u00e1 el aroma al frasco de perfume adem\u00e1s de proporcionarle al frasco una sensaci\u00f3n brillante.<\/li>\n<li><strong>Anillo de oro:<\/strong> El anillo de metal dorado que une el tap\u00f3n y la botella le aporta una riqueza visual y un toque de sofisticada elegancia a todo el dise\u00f1o.<\/li>\n<li><strong>Dise\u00f1o de base engrosada:<\/strong> La base engrosada hace que el vidrio sea m\u00e1s estable y tambi\u00e9n mejora la textura del vidrio.<\/li>\n<\/ul>\n<h2 style=\"text-align: left;\">Especificaciones clave<\/h2>\n<table class=\"aligncenter\" style=\"border-collapse: collapse; width: 411.02pt;\" border=\"0\" width=\"548\" cellspacing=\"0\" cellpadding=\"0\">\n<tbody>\n<tr style=\"height: 13.50pt;\">\n<td style=\"height: 13.50pt; width: 87.00pt;\" width=\"116\" height=\"18\">Especificaci\u00f3n<\/td>\n<td style=\"width: 324.00pt;\" width=\"432\">Detalles<\/td>\n<\/tr>\n<tr style=\"height: 13.50pt;\">\n<td style=\"height: 13.50pt;\" height=\"18\">Capacidad<\/td>\n<td>55 ml<\/td>\n<\/tr>\n<tr style=\"height: 13.50pt;\">\n<td style=\"height: 13.50pt;\" height=\"18\">Dimensiones<\/td>\n<td>40\u00d7102 mm<\/td>\n<\/tr>\n<tr style=\"height: 13.50pt;\">\n<td style=\"height: 13.50pt;\" height=\"18\">Material<\/td>\n<td>Cuerpo de vidrio transparente; componentes de pulverizaci\u00f3n de metal<\/td>\n<\/tr>\n<tr style=\"height: 13.50pt;\">\n<td style=\"height: 13.50pt;\" height=\"18\">Forma de la botella<\/td>\n<td>Cilindro con base ponderada<\/td>\n<\/tr>\n<tr style=\"height: 13.50pt;\">\n<td style=\"height: 13.50pt;\" height=\"18\">Acentos de color<\/td>\n<td>Vidrio transparente; detalles met\u00e1licos dorados<\/td>\n<\/tr>\n<tr style=\"height: 13.50pt;\">\n<td style=\"height: 13.50pt;\" height=\"18\">Tipo de cierre<\/td>\n<td>Tapa con corte de diamante y anillo dorado; bomba de pulverizaci\u00f3n integrada<\/td>\n<\/tr>\n<tr style=\"height: 13.50pt;\">\n<td style=\"height: 13.50pt;\" height=\"18\">Ideal para<\/td>\n<td>Frascos de perfume de lujo, frascos de perfume de cristal<\/td>\n<\/tr>\n<\/tbody>\n<\/table>\n<h2>Caso de \u00e9xito: Programa de Refill Exclusivo de un Taller Europeo de Perfumer\u00eda<\/h2>\n<p>Nuestros frascos de perfume de cristal de 55 ml fueron seleccionados como el frasco exclusivo de un prestigioso taller de perfumes parisino, donde el cuerpo est\u00e1 personalizado con cristal azul y el anillo decorativo est\u00e1 chapado en oro de 24 quilates. La base con peso fue todo un \u00e9xito, y el 90 % de los clientes, en sus rese\u00f1as, destacaron su supuesta calidad heredada. El tap\u00f3n con corte de diamante fue otro dise\u00f1o muy popular, y el n\u00famero de fotos del frasco con luz natural en redes sociales aument\u00f3 un 400 % en comparaci\u00f3n con el mismo per\u00edodo anterior al evento. Por ello, el taller de perfumes encarg\u00f3 150\u00a0000 frascos adicionales para ampliar el uso de esta idea.<\/p>\n<h2>Personalizaci\u00f3n de la botella de perfume de cristal<\/h2>\n<ul>\n<li>Colores de vidrio personalizados: hay una variedad de colores de vidrio de alta gama, incluidos esmeralda, amatista o champ\u00e1n.<\/li>\n<li>Colores de tapas de cristal: Las tapas se pueden cortar con acr\u00edlico de cristal de color (zafiro, cuarzo rosa, etc.).<\/li>\n<li>Acabado de anillo de metal: Acabados Los acabados met\u00e1licos personalizados son oro rosa, platino o plata antigua.<\/li>\n<li>Grabado l\u00e1ser sobre vidrio: se puede grabar un patr\u00f3n complicado, un monograma o una insignia en el hombro del vidrio.<\/li>\n<\/ul>","protected":false},"excerpt":{"rendered":"<p>Frasco de perfume vac\u00edo de vidrio transparente con dise\u00f1o de cristal, ideal para aromas premium. Descuento por pedido al por mayor.<\/p>","protected":false},"featured_media":4164,"template":"","meta":{"postBodyCss":"","postBodyMargin":[],"postBodyPadding":[],"postBodyBackground":{"backgroundType":"classic","gradient":""}},"product_brand":[],"product_cat":[15,16,62],"product_tag":[],"class_list":{"0":"post-4161","1":"product","2":"type-product","3":"status-publish","4":"has-post-thumbnail","6":"product_cat-glass-containers","7":"product_cat-glass-bottles","8":"product_cat-perfume-bottles","10":"first","11":"instock","12":"shipping-taxable","13":"product-type-simple"},"jetpack_sharing_enabled":true,"_links":{"self":[{"href":"https:\/\/minghanggroup.com\/es\/wp-json\/wp\/v2\/product\/4161","targetHints":{"allow":["GET"]}}],"collection":[{"href":"https:\/\/minghanggroup.com\/es\/wp-json\/wp\/v2\/product"}],"about":[{"href":"https:\/\/minghanggroup.com\/es\/wp-json\/wp\/v2\/types\/product"}],"wp:featuredmedia":[{"embeddable":true,"href":"https:\/\/minghanggroup.com\/es\/wp-json\/wp\/v2\/media\/4164"}],"wp:attachment":[{"href":"https:\/\/minghanggroup.com\/es\/wp-json\/wp\/v2\/media?parent=4161"}],"wp:term":[{"taxonomy":"product_brand","embeddable":true,"href":"https:\/\/minghanggroup.com\/es\/wp-json\/wp\/v2\/product_brand?post=4161"},{"taxonomy":"product_cat","embeddable":true,"href":"https:\/\/minghanggroup.com\/es\/wp-json\/wp\/v2\/product_cat?post=4161"},{"taxonomy":"product_tag","embeddable":true,"href":"https:\/\/minghanggroup.com\/es\/wp-json\/wp\/v2\/product_tag?post=4161"}],"curies":[{"name":"wp","href":"https:\/\/api.w.org\/{rel}","templated":true}]}}