{"id":4156,"date":"2025-12-29T15:35:10","date_gmt":"2025-12-29T07:35:10","guid":{"rendered":"https:\/\/minghanggroup.com\/?post_type=product&#038;p=4156"},"modified":"2025-12-29T17:27:14","modified_gmt":"2025-12-29T09:27:14","slug":"little-perfume-bottles-with-spray-lids-bulk","status":"publish","type":"product","link":"https:\/\/minghanggroup.com\/es\/producto\/little-perfume-bottles-with-spray-lids-bulk\/","title":{"rendered":"Frascos de perfume peque\u00f1os con tapas de pulverizaci\u00f3n de 10 ml, 20 ml y 30 ml a granel"},"content":{"rendered":"<p>Tus peque\u00f1os frascos de perfume deber\u00edan llamar la atenci\u00f3n de tus clientes. Fabricamos frascos de colonia premium de 30 ml, dise\u00f1ados para el \u00e9xito en el empaquetado de fragancias, donde cada peque\u00f1o frasco de perfume se convierte en el sello distintivo de tu marca.<\/p>\n<h2>Caracter\u00edsticas del producto<\/h2>\n<ul>\n<li><strong>Acabado de m\u00e1stil est\u00e1ndar:<\/strong> Un dise\u00f1o de cuello de botella est\u00e1ndar puede adaptarse a diferentes boquillas de pulverizaci\u00f3n y tipos de tapas, lo que significa que las marcas pueden mezclar y combinar libremente varios accesorios para crear diferentes opciones de personalizaci\u00f3n.<\/li>\n<li><strong>Superficie de vidrio lisa:<\/strong> Una superficie de vidrio lisa y refinada es perfecta para cualquier tipo de trabajo de acabado como serigraf\u00eda, estampado en caliente y etiquetado, por lo que puede satisfacer los requisitos de dise\u00f1o personalizado de las marcas.<\/li>\n<li><strong>Dise\u00f1o compacto de tama\u00f1o peque\u00f1o:<\/strong> Un dise\u00f1o compacto que ahorra espacio es una gran ayuda para el transporte, el almacenamiento y la exhibici\u00f3n en el punto de venta, por lo tanto, es especialmente apropiado para la serie de muestras de fragancias y productos de tama\u00f1o de viaje.<\/li>\n<\/ul>\n<h2>Especificaciones clave<\/h2>\n<table style=\"border-collapse: collapse; width: 80%; margin-left: auto; margin-right: auto;\" border=\"0\" width=\"144\" cellspacing=\"0\" cellpadding=\"0\">\n<tbody>\n<tr style=\"height: 13.50pt;\">\n<td style=\"height: 13.5pt; width: 54pt; text-align: center;\" width=\"72\" height=\"18\">Capacidad<\/td>\n<td style=\"width: 54pt; text-align: center;\" width=\"72\">10 ml \/ 20 ml \/ 30 ml<\/td>\n<\/tr>\n<tr style=\"height: 13.50pt;\">\n<td style=\"height: 13.5pt; text-align: center;\" height=\"18\">Forma<\/td>\n<td style=\"text-align: center;\">Cil\u00edndrico<\/td>\n<\/tr>\n<tr style=\"height: 13.50pt;\">\n<td style=\"height: 13.5pt; text-align: center;\" height=\"18\">Caza de focas<\/td>\n<td style=\"text-align: center;\">cuello de rosca + boquilla de pulverizaci\u00f3n<\/td>\n<\/tr>\n<tr style=\"height: 13.50pt;\">\n<td style=\"height: 13.5pt; text-align: center;\" height=\"18\">Material<\/td>\n<td style=\"text-align: center;\">Cristal, tapa de metal.<\/td>\n<\/tr>\n<tr style=\"height: 13.50pt;\">\n<td style=\"height: 13.5pt; text-align: center;\" height=\"18\">Opciones de color<\/td>\n<td style=\"text-align: center;\">Personalizable<\/td>\n<\/tr>\n<\/tbody>\n<\/table>\n<h2>Caso de \u00e9xito<\/h2>\n<p>Una marca emergente de fragancias hab\u00eda desarrollado varias fragancias exclusivas, pero su envase original carec\u00eda de impacto visual y no lograba destacar. La marca opt\u00f3 por nuestros frascos de perfume de vidrio de 10 ml, 20 ml y 30 ml, que presentan un logotipo en relieve dise\u00f1ado a medida que resalta la identidad de la marca. El color del frasco se cambi\u00f3 a azul rey para enfatizar la tem\u00e1tica de la nueva l\u00ednea de perfumes.<\/p>\n<p>En dos meses, las ventas de la l\u00ednea de viaje aumentaron un 27 %. La marca ahora realiza pedidos al por mayor con regularidad, aplicando el mismo dise\u00f1o de frasco al lanzamiento de la nueva fragancia.<\/p>\n<h2>Sus opciones de personalizaci\u00f3n<\/h2>\n<ol>\n<li><strong>Combinaci\u00f3n de colores del sombrero:<\/strong> Elija un sombrero dorado o plateado que combine con la paleta de colores de su marca.<\/li>\n<li><strong>Personalizaci\u00f3n de etiquetas: <\/strong>Agregue su logotipo a la botella de vidrio cil\u00edndrica para un reconocimiento instant\u00e1neo de la marca.<\/li>\n<li><strong>Compatibilidad de aceites esenciales:<\/strong> El sistema de cuello de rosca funciona perfectamente para aceites arom\u00e1ticos concentrados.<\/li>\n<li><strong>Decoraci\u00f3n Premium: <\/strong>Agregue un relieve sutil a la botella de vidrio para lograr un atractivo m\u00e1s lujoso.<\/li>\n<\/ol>","protected":false},"excerpt":{"rendered":"<p>Estos frascos de colonia de 30 ml presentan una silueta limpia, mientras que los frascos de perfume peque\u00f1os son ideales para viajes. Directo de f\u00e1brica, muestras gratuitas y pedidos personalizados disponibles.<\/p>","protected":false},"featured_media":4169,"template":"","meta":{"postBodyCss":"","postBodyMargin":[],"postBodyPadding":[],"postBodyBackground":{"backgroundType":"classic","gradient":""}},"product_brand":[],"product_cat":[15,16,62],"product_tag":[],"class_list":{"0":"post-4156","1":"product","2":"type-product","3":"status-publish","4":"has-post-thumbnail","6":"product_cat-glass-containers","7":"product_cat-glass-bottles","8":"product_cat-perfume-bottles","10":"first","11":"instock","12":"shipping-taxable","13":"product-type-simple"},"jetpack_sharing_enabled":true,"_links":{"self":[{"href":"https:\/\/minghanggroup.com\/es\/wp-json\/wp\/v2\/product\/4156","targetHints":{"allow":["GET"]}}],"collection":[{"href":"https:\/\/minghanggroup.com\/es\/wp-json\/wp\/v2\/product"}],"about":[{"href":"https:\/\/minghanggroup.com\/es\/wp-json\/wp\/v2\/types\/product"}],"wp:featuredmedia":[{"embeddable":true,"href":"https:\/\/minghanggroup.com\/es\/wp-json\/wp\/v2\/media\/4169"}],"wp:attachment":[{"href":"https:\/\/minghanggroup.com\/es\/wp-json\/wp\/v2\/media?parent=4156"}],"wp:term":[{"taxonomy":"product_brand","embeddable":true,"href":"https:\/\/minghanggroup.com\/es\/wp-json\/wp\/v2\/product_brand?post=4156"},{"taxonomy":"product_cat","embeddable":true,"href":"https:\/\/minghanggroup.com\/es\/wp-json\/wp\/v2\/product_cat?post=4156"},{"taxonomy":"product_tag","embeddable":true,"href":"https:\/\/minghanggroup.com\/es\/wp-json\/wp\/v2\/product_tag?post=4156"}],"curies":[{"name":"wp","href":"https:\/\/api.w.org\/{rel}","templated":true}]}}