{"id":4151,"date":"2025-12-29T13:34:00","date_gmt":"2025-12-29T05:34:00","guid":{"rendered":"https:\/\/minghanggroup.com\/?post_type=product&#038;p=4151"},"modified":"2025-12-29T14:55:53","modified_gmt":"2025-12-29T06:55:53","slug":"clear-cylindrical-custom-fragrance-bottles-bulk","status":"publish","type":"product","link":"https:\/\/minghanggroup.com\/es\/producto\/clear-cylindrical-custom-fragrance-bottles-bulk\/","title":{"rendered":"Botellas de fragancia personalizadas cil\u00edndricas transparentes de 15 ml, 20 ml y 30 ml al por mayor"},"content":{"rendered":"<p>Estos frascos de fragancia personalizados vienen en un cristal cil\u00edndrico estrecho y transparente. El tap\u00f3n transparente, de dise\u00f1o minimalista y cuadrado, con una elegante boquilla plateada, completa el dise\u00f1o. Este frasco de perfume de 30 ml es una combinaci\u00f3n perfecta de minimalismo moderno y elegancia discreta.<\/p>\n<h2>Caracter\u00edsticas del producto<\/h2>\n<ul>\n<li><strong>Botella cil\u00edndrica transparente:<\/strong> La forma delgada ayuda a ahorrar espacio, es elegante y ofrece mucho espacio para exhibir su marca.<\/li>\n<li><strong>Tapa transparente con boquilla met\u00e1lica:<\/strong> La tapa cuadrada transparente se combina con una boquilla de metal plateado para darle un toque de habilidad mec\u00e1nica.<\/li>\n<li><strong>Tres tama\u00f1os:<\/strong> Estar\u00e1n disponibles tama\u00f1os de 15 ml, 20 ml y 30 ml para satisfacer los requisitos de tama\u00f1os de prueba, tama\u00f1os de viaje y productos de tama\u00f1o completo.<\/li>\n<\/ul>\n<h2 style=\"text-align: left;\">Especificaciones clave<\/h2>\n<table class=\"aligncenter\" style=\"border-collapse: collapse; width: 490.52pt;\" border=\"0\" width=\"654\" cellspacing=\"0\" cellpadding=\"0\">\n<tbody>\n<tr style=\"height: 13.50pt;\">\n<td style=\"height: 13.50pt; width: 132.00pt;\" width=\"176\" height=\"18\">Especificaci\u00f3n<\/td>\n<td style=\"width: 358.50pt;\" width=\"478\">Detalles<\/td>\n<\/tr>\n<tr style=\"height: 13.50pt;\">\n<td style=\"height: 13.50pt;\" height=\"18\">Dimensiones<\/td>\n<td>15 ml: 25 \u00d7 84 mm; 20 ml: 29 \u00d7 67 mm; 30 ml: 33 \u00d7 98 mm<\/td>\n<\/tr>\n<tr style=\"height: 13.50pt;\">\n<td style=\"height: 13.50pt;\" height=\"18\">Material<\/td>\n<td>Cuerpo de vidrio transparente, tapa de pl\u00e1stico transparente, componentes de pulverizaci\u00f3n de metal<\/td>\n<\/tr>\n<tr style=\"height: 13.50pt;\">\n<td style=\"height: 13.50pt;\" height=\"18\">Forma de la botella<\/td>\n<td>Cilindro<\/td>\n<\/tr>\n<tr style=\"height: 13.50pt;\">\n<td style=\"height: 13.50pt;\" height=\"18\">Acentos de color<\/td>\n<td>Vidrio transparente, detalles met\u00e1licos plateados<\/td>\n<\/tr>\n<tr style=\"height: 13.50pt;\">\n<td style=\"height: 13.50pt;\" height=\"18\">Caracter\u00edstica de la artesan\u00eda<\/td>\n<td>Vidrio de alta claridad, mecanismo de pulverizaci\u00f3n a prueba de fugas<\/td>\n<\/tr>\n<tr style=\"height: 13.50pt;\">\n<td style=\"height: 13.50pt;\" height=\"18\">Ideal para<\/td>\n<td>Frascos de fragancia personalizados, frascos de perfume<\/td>\n<\/tr>\n<\/tbody>\n<\/table>\n<h2>Una historia de \u00e9xito: el t\u00edpico frasco de perfume de una marca minimalista n\u00f3rdica<\/h2>\n<p>Una de las marcas n\u00f3rdicas m\u00e1s populares, con un dise\u00f1o minimalista, eligi\u00f3 nuestro frasco de perfume de 30 ml y lo utiliz\u00f3 como dise\u00f1o est\u00e1ndar, modificando el cuerpo de vidrio esmerilado y la boquilla negra mate. Sus valores de marca son la transparencia total, lo cual es muy coherente con el dise\u00f1o transparente, y su encuesta revel\u00f3 un crecimiento del 45 % en la confianza en la calidad del producto. Contamos con cabezales de dosificaci\u00f3n a prueba de fugas con una tasa de \u00e9xito del 99,8 % durante los env\u00edos a todo el mundo. Impresionado por la consistencia del producto y su rendimiento en el mercado, nuestro cliente realiz\u00f3 otro pedido de 200\u00a0000 frascos.<\/p>\n<h2>Frascos de fragancia individuales<\/h2>\n<ul>\n<li>Color o tono de vidrio personalizado: viene en vidrio \u00e1mbar, gris humo o azul claro.<\/li>\n<li>Tapa de cuidado personalizado Color: Ofrecer\u00e1n tapas cuadradas transparentes en acr\u00edlico de color en negro, blanco, gris y otros colores.<\/li>\n<li>Acabado en aerosol met\u00e1lico: seleccione oro, oro rosa, negro o cromo como sustituto del acabado del cabezal de la bomba.<\/li>\n<li>Serigraf\u00eda sobre vidrio: es un proceso que permite imprimir un logotipo, un dise\u00f1o o un texto sobre la superficie del vidrio.<\/li>\n<\/ul>","protected":false},"excerpt":{"rendered":"<p>Frascos de fragancia personalizados, frasco de perfume de 30 ml en vidrio transparente con pulverizador plateado. Suministro directo de f\u00e1brica que garantiza una calidad estable y precios competitivos.<\/p>","protected":false},"featured_media":4159,"template":"","meta":{"postBodyCss":"","postBodyMargin":[],"postBodyPadding":[],"postBodyBackground":{"backgroundType":"classic","gradient":""}},"product_brand":[],"product_cat":[15,16,62],"product_tag":[],"class_list":{"0":"post-4151","1":"product","2":"type-product","3":"status-publish","4":"has-post-thumbnail","6":"product_cat-glass-containers","7":"product_cat-glass-bottles","8":"product_cat-perfume-bottles","10":"first","11":"instock","12":"shipping-taxable","13":"product-type-simple"},"jetpack_sharing_enabled":true,"_links":{"self":[{"href":"https:\/\/minghanggroup.com\/es\/wp-json\/wp\/v2\/product\/4151","targetHints":{"allow":["GET"]}}],"collection":[{"href":"https:\/\/minghanggroup.com\/es\/wp-json\/wp\/v2\/product"}],"about":[{"href":"https:\/\/minghanggroup.com\/es\/wp-json\/wp\/v2\/types\/product"}],"wp:featuredmedia":[{"embeddable":true,"href":"https:\/\/minghanggroup.com\/es\/wp-json\/wp\/v2\/media\/4159"}],"wp:attachment":[{"href":"https:\/\/minghanggroup.com\/es\/wp-json\/wp\/v2\/media?parent=4151"}],"wp:term":[{"taxonomy":"product_brand","embeddable":true,"href":"https:\/\/minghanggroup.com\/es\/wp-json\/wp\/v2\/product_brand?post=4151"},{"taxonomy":"product_cat","embeddable":true,"href":"https:\/\/minghanggroup.com\/es\/wp-json\/wp\/v2\/product_cat?post=4151"},{"taxonomy":"product_tag","embeddable":true,"href":"https:\/\/minghanggroup.com\/es\/wp-json\/wp\/v2\/product_tag?post=4151"}],"curies":[{"name":"wp","href":"https:\/\/api.w.org\/{rel}","templated":true}]}}