{"id":4150,"date":"2025-12-29T14:03:26","date_gmt":"2025-12-29T06:03:26","guid":{"rendered":"https:\/\/minghanggroup.com\/?post_type=product&#038;p=4150"},"modified":"2026-04-14T10:03:15","modified_gmt":"2026-04-14T02:03:15","slug":"50-ml-perfume-bottles-for-fragrance-packaging-wholesale","status":"publish","type":"product","link":"https:\/\/minghanggroup.com\/es\/producto\/50-ml-perfume-bottles-for-fragrance-packaging-wholesale\/","title":{"rendered":"Frascos de perfume de 50 ml para envasado de fragancias al por mayor"},"content":{"rendered":"<p>Tu frasco de perfume de 50 ml deber\u00eda cautivar a tus clientes. Fabricamos frascos vac\u00edos de fragancia premium, dise\u00f1ados para el \u00e9xito en el envasado de fragancias, donde cada frasco de perfume de vidrio se convierte en la se\u00f1a de identidad de tu marca.<\/p>\n<h2>Caracter\u00edsticas del producto<\/h2>\n<ol>\n<li><strong>Forma cl\u00e1sica de botella cil\u00edndrica: <\/strong>Sus l\u00edneas suaves y fluidas y proporciones equilibradas combinan la est\u00e9tica contempor\u00e1nea con la adaptabilidad, lo que permite su uso para una variedad de productos de fragancias, como perfumes y colonias.<\/li>\n<li><strong>Boquilla y tapa de pulverizaci\u00f3n dorada:<\/strong> La boquilla de pulverizaci\u00f3n dorada es una superficie lisa y brillante, que eleva todo el dise\u00f1o con elegancia y lujo y, por lo tanto, hace que el producto sea m\u00e1s atractivo para el cliente en el punto de venta.<\/li>\n<li><strong>Sensaci\u00f3n suave y c\u00f3moda:<\/strong> Al sostenerlo, se adapta perfectamente a la palma de la mano, aumentando la sensaci\u00f3n de comodidad y seguridad durante el uso diario.<\/li>\n<\/ol>\n<h2>Especificaciones clave<\/h2>\n<table style=\"border-collapse: collapse; width: 80%; margin-left: auto; margin-right: auto;\" border=\"0\" width=\"432\" cellspacing=\"0\" cellpadding=\"0\">\n<tbody>\n<tr style=\"height: 13.50pt;\">\n<td style=\"height: 13.5pt; width: 54pt; text-align: center;\" width=\"72\" height=\"18\">Capacidad<\/td>\n<td style=\"width: 54pt; text-align: center;\" width=\"72\">Tama\u00f1o<\/td>\n<td style=\"width: 54pt; text-align: center;\" width=\"72\">Di\u00e1metro del cuello<\/td>\n<td style=\"width: 54pt; text-align: center;\" width=\"72\">Forma<\/td>\n<td style=\"width: 54pt; text-align: center;\" width=\"72\">Cierre<\/td>\n<td style=\"width: 54pt; text-align: center;\" width=\"72\">Opciones de color<\/td>\n<\/tr>\n<tr style=\"height: 13.50pt;\">\n<td style=\"height: 13.5pt; text-align: center;\" height=\"18\">50 ml \/ 1,7 oz<\/td>\n<td style=\"text-align: center;\">43 x 96 mil\u00edmetros<\/td>\n<td style=\"text-align: center;\">15 mil\u00edmetros<\/td>\n<td style=\"text-align: center;\">Cil\u00edndrico con hombro inclinado<\/td>\n<td style=\"text-align: center;\">Rociador de empuje superior + tubo de inmersi\u00f3n<\/td>\n<td style=\"text-align: center;\">Personalizable<\/td>\n<\/tr>\n<\/tbody>\n<\/table>\n<h2>Caso de \u00e9xito<\/h2>\n<p>Una marca de perfumes nicho adapt\u00f3 los frascos vac\u00edos de vidrio para reflejar mejor su posicionamiento de lujo, eligiendo una base m\u00e1s gruesa, un dosificador de aluminio dorado y un logotipo personalizado. Tres meses despu\u00e9s del lanzamiento del nuevo envase, la marca registr\u00f3 un aumento del 30 % en las ventas, con un aumento del 40 % en las compras repetidas en l\u00ednea. Esto, a su vez, gener\u00f3 un segundo pedido que duplic\u00f3 el volumen original.<\/p>\n<h2>Sus opciones de personalizaci\u00f3n<\/h2>\n<ul>\n<li><strong>Combinaci\u00f3n de colores:<\/strong> Seleccione colores de vidrio que se alineen con la paleta de su marca para lograr un empaque de perfume armonioso.<\/li>\n<li><strong>Boquilla de pulverizaci\u00f3n:<\/strong> Cambie de un atomizador de niebla fina a una bomba est\u00e1ndar para variar las texturas de las fragancias.<\/li>\n<li><strong>Estilos de gorra:<\/strong> Incorpore tapas de metal o elementos decorativos para realzar el aspecto de sus toques finales.<\/li>\n<li><strong>Colocaci\u00f3n de etiquetas:<\/strong> Cree etiquetas \u00fanicas que se ajusten con precisi\u00f3n a la bandolera curva.<\/li>\n<\/ul>","protected":false},"excerpt":{"rendered":"<p>Descubra los frascos de perfume de 50 ml para personalizar su perfume. Estos frascos vac\u00edos permiten la personalizaci\u00f3n al por mayor y ofrecen muestras gratuitas con env\u00edo r\u00e1pido.<\/p>","protected":false},"featured_media":4155,"template":"","meta":{"postBodyCss":"","postBodyMargin":[],"postBodyPadding":[],"postBodyBackground":{"backgroundType":"classic","gradient":""}},"product_brand":[],"product_cat":[15,16,62],"product_tag":[111],"class_list":{"0":"post-4150","1":"product","2":"type-product","3":"status-publish","4":"has-post-thumbnail","6":"product_cat-glass-containers","7":"product_cat-glass-bottles","8":"product_cat-perfume-bottles","9":"product_tag-glass-mist-bottles","11":"first","12":"instock","13":"shipping-taxable","14":"product-type-simple"},"jetpack_sharing_enabled":true,"_links":{"self":[{"href":"https:\/\/minghanggroup.com\/es\/wp-json\/wp\/v2\/product\/4150","targetHints":{"allow":["GET"]}}],"collection":[{"href":"https:\/\/minghanggroup.com\/es\/wp-json\/wp\/v2\/product"}],"about":[{"href":"https:\/\/minghanggroup.com\/es\/wp-json\/wp\/v2\/types\/product"}],"wp:featuredmedia":[{"embeddable":true,"href":"https:\/\/minghanggroup.com\/es\/wp-json\/wp\/v2\/media\/4155"}],"wp:attachment":[{"href":"https:\/\/minghanggroup.com\/es\/wp-json\/wp\/v2\/media?parent=4150"}],"wp:term":[{"taxonomy":"product_brand","embeddable":true,"href":"https:\/\/minghanggroup.com\/es\/wp-json\/wp\/v2\/product_brand?post=4150"},{"taxonomy":"product_cat","embeddable":true,"href":"https:\/\/minghanggroup.com\/es\/wp-json\/wp\/v2\/product_cat?post=4150"},{"taxonomy":"product_tag","embeddable":true,"href":"https:\/\/minghanggroup.com\/es\/wp-json\/wp\/v2\/product_tag?post=4150"}],"curies":[{"name":"wp","href":"https:\/\/api.w.org\/{rel}","templated":true}]}}