{"id":4145,"date":"2025-12-29T11:24:44","date_gmt":"2025-12-29T03:24:44","guid":{"rendered":"https:\/\/minghanggroup.com\/?post_type=product&#038;p=4145"},"modified":"2025-12-29T13:33:41","modified_gmt":"2025-12-29T05:33:41","slug":"square-engraved-perfume-bottles-with-black-lids-bulk","status":"publish","type":"product","link":"https:\/\/minghanggroup.com\/es\/producto\/square-engraved-perfume-bottles-with-black-lids-bulk\/","title":{"rendered":"Frascos de perfume cuadrados grabados de 100 ml con tapas negras al por mayor"},"content":{"rendered":"<p>Estos frascos de perfume grabados, hechos de vidrio cuadrado transparente con un dise\u00f1o de corte de diamante 3D muy sofisticado, combinados con una tapa cil\u00edndrica negra mate, forman un contraste incre\u00edble entre el modernismo y el frasco de perfume tradicional.<\/p>\n<h2>Caracter\u00edsticas del producto<\/h2>\n<ul>\n<li><strong>Textura de corte 3D:<\/strong> La botella tendr\u00e1 una textura cortada con diamante que agregar\u00e1 profundidad visual y tambi\u00e9n mejorar\u00e1 el agarre y el anti-deslizamiento.<\/li>\n<li><strong>Esquema de colores cl\u00e1sico en blanco y negro:<\/strong> La simplicidad del vidrio transparente en combinaci\u00f3n con la tapa negra pura es simple pero elegante y se puede utilizar en todo tipo de tocador o espacio de exhibici\u00f3n.<\/li>\n<li><strong>Cuadrado simple:<\/strong> El dise\u00f1o de la botella es f\u00e1cil de almacenar y exhibir, adem\u00e1s de ser compatible con el dise\u00f1o minimalista moderno.<\/li>\n<\/ul>\n<h2 style=\"text-align: left;\">Especificaciones clave<\/h2>\n<table class=\"aligncenter\" style=\"border-collapse: collapse; width: 409.52pt;\" border=\"0\" width=\"546\" cellspacing=\"0\" cellpadding=\"0\">\n<tbody>\n<tr style=\"height: 13.50pt;\">\n<td style=\"height: 13.50pt; width: 129.00pt;\" width=\"172\" height=\"18\">Especificaci\u00f3n<\/td>\n<td style=\"width: 280.50pt;\" width=\"374\">Detalles<\/td>\n<\/tr>\n<tr style=\"height: 13.50pt;\">\n<td style=\"height: 13.50pt;\" height=\"18\">Capacidad<\/td>\n<td>100 ml<\/td>\n<\/tr>\n<tr style=\"height: 13.50pt;\">\n<td style=\"height: 13.50pt;\" height=\"18\">Dimensiones<\/td>\n<td>55,5 \u00d7 36,5 \u00d7 102 mm<\/td>\n<\/tr>\n<tr style=\"height: 13.50pt;\">\n<td style=\"height: 13.50pt;\" height=\"18\">Material<\/td>\n<td>Vidrio transparente, tapa de pl\u00e1stico\/metal<\/td>\n<\/tr>\n<tr style=\"height: 13.50pt;\">\n<td style=\"height: 13.50pt;\" height=\"18\">Forma de la botella<\/td>\n<td>Cuadrado con facetas diagonales<\/td>\n<\/tr>\n<tr style=\"height: 13.50pt;\">\n<td style=\"height: 13.50pt;\" height=\"18\">Color<\/td>\n<td>Cuerpo de vidrio transparente, tapa cil\u00edndrica negra<\/td>\n<\/tr>\n<tr style=\"height: 13.50pt;\">\n<td style=\"height: 13.50pt;\" height=\"18\">Caracter\u00edstica de la artesan\u00eda<\/td>\n<td>Grabado de diamante en diagonal 3D profundo<\/td>\n<\/tr>\n<tr style=\"height: 13.50pt;\">\n<td style=\"height: 13.50pt;\" height=\"18\">Ideal para<\/td>\n<td>Frascos de perfume grabados, frascos de perfume al por mayor<\/td>\n<\/tr>\n<\/tbody>\n<\/table>\n<h2>Historia de \u00e9xito: Frasco de perfume de lujo de una marca de fragancias modernas<\/h2>\n<p>Una de las marcas de fragancias emergentes eligi\u00f3 nuestro frasco de perfume esculpido de 100 ml para envasar sus productos. El profundo grabado de diamante, adem\u00e1s de tener formas est\u00e9ticamente atractivas, ofrece un agarre antideslizante de primera calidad que, seg\u00fan los clientes, reduce las ca\u00eddas accidentales en casi un 40 %. Su elegante dise\u00f1o justifica un precio un 60 % superior al precio promedio del mercado. La distintiva textura del frasco le ha asegurado un alto reconocimiento y ha impulsado un aumento del 300 % en las menciones org\u00e1nicas en redes sociales. Posteriormente, encargaron otras 200\u00a0000 botellas para su distribuci\u00f3n en todo el mundo.<\/p>\n<h2>Sugerencias para personalizar frascos de perfume a granel<\/h2>\n<ul>\n<li>Patrones para grabar personalizados: dise\u00f1o de forma \u00fanica, patr\u00f3n geom\u00e9trico, floral o abstracto, no est\u00e1ndar cuando se lee por medio de un dise\u00f1o cortado con diamante.<\/li>\n<li>Vidrieras, Las botellas de vidrieras con grabados (gris ahumado, \u00e1mbar) son el estilo de embalaje que se ofrece.<\/li>\n<li>Color y acabado de tapa personalizado. Seleccione el color de la tapa para complementar los colores de la marca, o dar acabados en mate, brillante o met\u00e1lico.<\/li>\n<li>Logotipo grabado con l\u00e1ser: el logotipo de la marca en el patr\u00f3n grabado est\u00e1 finamente marcado con l\u00e1ser.<\/li>\n<\/ul>","protected":false},"excerpt":{"rendered":"<p>Estos frascos de perfume grabados ofrecen un elegante dise\u00f1o cuadrado. Ofrecemos frascos de perfume al por mayor con opciones de logotipos personalizados para su marca. Muestras gratis.<\/p>","protected":false},"featured_media":4146,"template":"","meta":{"postBodyCss":"","postBodyMargin":[],"postBodyPadding":[],"postBodyBackground":{"backgroundType":"classic","gradient":""}},"product_brand":[],"product_cat":[15,16,62],"product_tag":[],"class_list":{"0":"post-4145","1":"product","2":"type-product","3":"status-publish","4":"has-post-thumbnail","6":"product_cat-glass-containers","7":"product_cat-glass-bottles","8":"product_cat-perfume-bottles","10":"first","11":"instock","12":"shipping-taxable","13":"product-type-simple"},"jetpack_sharing_enabled":true,"_links":{"self":[{"href":"https:\/\/minghanggroup.com\/es\/wp-json\/wp\/v2\/product\/4145","targetHints":{"allow":["GET"]}}],"collection":[{"href":"https:\/\/minghanggroup.com\/es\/wp-json\/wp\/v2\/product"}],"about":[{"href":"https:\/\/minghanggroup.com\/es\/wp-json\/wp\/v2\/types\/product"}],"wp:featuredmedia":[{"embeddable":true,"href":"https:\/\/minghanggroup.com\/es\/wp-json\/wp\/v2\/media\/4146"}],"wp:attachment":[{"href":"https:\/\/minghanggroup.com\/es\/wp-json\/wp\/v2\/media?parent=4145"}],"wp:term":[{"taxonomy":"product_brand","embeddable":true,"href":"https:\/\/minghanggroup.com\/es\/wp-json\/wp\/v2\/product_brand?post=4145"},{"taxonomy":"product_cat","embeddable":true,"href":"https:\/\/minghanggroup.com\/es\/wp-json\/wp\/v2\/product_cat?post=4145"},{"taxonomy":"product_tag","embeddable":true,"href":"https:\/\/minghanggroup.com\/es\/wp-json\/wp\/v2\/product_tag?post=4145"}],"curies":[{"name":"wp","href":"https:\/\/api.w.org\/{rel}","templated":true}]}}