{"id":4140,"date":"2025-12-29T11:22:36","date_gmt":"2025-12-29T03:22:36","guid":{"rendered":"https:\/\/minghanggroup.com\/?post_type=product&#038;p=4140"},"modified":"2026-04-14T10:08:31","modified_gmt":"2026-04-14T02:08:31","slug":"100ml-tall-glass-perfume-bottles-for-fragrance-packaging-bulk","status":"publish","type":"product","link":"https:\/\/minghanggroup.com\/es\/producto\/100ml-tall-glass-perfume-bottles-for-fragrance-packaging-bulk\/","title":{"rendered":"Frascos de perfume de vidrio altos de 100 ml para envasar fragancias a granel"},"content":{"rendered":"<p>Tu fragancia merece un empaque que demuestre calidad desde el primer vistazo. Fabricamos frascos de perfume de vidrio premium, dise\u00f1ados para el \u00e9xito en el empaquetado de fragancias, donde cada frasco de vidrio se convierte en el sello distintivo de tu marca.<\/p>\n<h2>Caracter\u00edsticas del producto<\/h2>\n<ol>\n<li><strong>Dise\u00f1o alto y elegante:<\/strong> Las botellas de fragancia de vidrio est\u00e1n dise\u00f1adas en una forma cil\u00edndrica alta y esbelta con un hombro liso y suave, lo que representa una fuerte sensaci\u00f3n de modernidad y llama la atenci\u00f3n f\u00e1cilmente en el estante.<\/li>\n<li><strong>Claridad cristalina:<\/strong> Nuestras botellas de vidrio para fragancias son un escaparate perfecto para su fragancia, hecha con la naturaleza m\u00e1s aut\u00e9ntica de una est\u00e9tica moderna que llama la atenci\u00f3n.<\/li>\n<li><strong>Sistema de pulverizaci\u00f3n vers\u00e1til:<\/strong> El pulverizador integrado emite una fina niebla para una aplicaci\u00f3n uniforme, la mejor opci\u00f3n para una l\u00ednea de perfumes personalizada.<\/li>\n<\/ol>\n<h2>Especificaciones clave<\/h2>\n<table style=\"border-collapse: collapse; width: 80%; margin-left: auto; margin-right: auto;\" border=\"0\" width=\"432\" cellspacing=\"0\" cellpadding=\"0\">\n<tbody>\n<tr style=\"height: 13.50pt;\">\n<td style=\"height: 13.5pt; width: 54pt; text-align: center;\" width=\"72\" height=\"18\">Capacidad<\/td>\n<td style=\"width: 54pt; text-align: center;\" width=\"72\">Tama\u00f1o<\/td>\n<td style=\"width: 54pt; text-align: center;\" width=\"72\">Di\u00e1metro del cuello<\/td>\n<td style=\"width: 54pt; text-align: center;\" width=\"72\">Forma<\/td>\n<td style=\"width: 54pt; text-align: center;\" width=\"72\">Tipo de cierre<\/td>\n<td style=\"width: 54pt; text-align: center;\" width=\"72\">Opciones de color<\/td>\n<\/tr>\n<tr style=\"height: 13.50pt;\">\n<td style=\"height: 13.5pt; text-align: center;\" height=\"18\">100 ml<\/td>\n<td style=\"text-align: center;\">40 x 129 mm<\/td>\n<td style=\"text-align: center;\">15 mm<\/td>\n<td style=\"text-align: center;\">Cil\u00edndrico<\/td>\n<td style=\"text-align: center;\">Cuello de engarce + pulverizador<\/td>\n<td style=\"text-align: center;\">Personalizable<\/td>\n<\/tr>\n<\/tbody>\n<\/table>\n<h2>Caso de \u00e9xito<\/h2>\n<p>Una nueva marca de fragancias opt\u00f3 por este frasco cil\u00edndrico de vidrio para su l\u00ednea de fragancias diarias como envase est\u00e1ndar. El frasco transparente y sus l\u00edneas minimalistas resaltan la calidad de la fragancia y la hacen f\u00e1cilmente reconocible. Gracias al \u00e9xito del producto en los canales de comercio electr\u00f3nico y compras personales, las ventas del primer trimestre superaron las expectativas en un 28 %, de las cuales los pedidos repetidos representaron m\u00e1s del 35 %.<\/p>\n<h2>Su ruta de personalizaci\u00f3n<\/h2>\n<p>Estos frascos de vidrio para fragancias est\u00e1n dise\u00f1ados para ajustarse en capacidad y proporciones con gran flexibilidad seg\u00fan el posicionamiento de la marca, lo que permite satisfacer las necesidades de diferentes tipos de fragancias o especificaciones del canal. Para mejorar la textura, el frasco de vidrio para perfumes puede estar hecho de material blanco de alta transparencia o puede optarse por un tratamiento de atomizaci\u00f3n ligera. La boquilla del frasco se adapta a diversos sistemas de boquillas de pulverizaci\u00f3n, compatibles con soluciones de pulverizaci\u00f3n regular o fina, lo que mejora la experiencia del usuario. En cuanto a la apariencia, cuenta con capacidades de procesos como serigraf\u00eda, estampado en caliente, etiquetado o pulverizaci\u00f3n parcial para facilitar el reconocimiento de la marca. El tap\u00f3n del frasco tambi\u00e9n puede personalizarse en diferentes colores o combinaciones de materiales para que el envase se ajuste mejor a las demandas del mercado de perfumes de alta gama, de nicho o de consumo masivo.<\/p>","protected":false},"excerpt":{"rendered":"<p>Frasco de perfume de vidrio premium, directamente de f\u00e1brica. Estos frascos de vidrio para fragancias admiten pedidos al por mayor, muestras gratuitas y env\u00edos internacionales para marcas de renombre.<\/p>","protected":false},"featured_media":4144,"template":"","meta":{"postBodyCss":"","postBodyMargin":[],"postBodyPadding":[],"postBodyBackground":{"backgroundType":"classic","gradient":""}},"product_brand":[],"product_cat":[15,16,62],"product_tag":[111],"class_list":{"0":"post-4140","1":"product","2":"type-product","3":"status-publish","4":"has-post-thumbnail","6":"product_cat-glass-containers","7":"product_cat-glass-bottles","8":"product_cat-perfume-bottles","9":"product_tag-glass-mist-bottles","11":"first","12":"instock","13":"shipping-taxable","14":"product-type-simple"},"jetpack_sharing_enabled":true,"_links":{"self":[{"href":"https:\/\/minghanggroup.com\/es\/wp-json\/wp\/v2\/product\/4140","targetHints":{"allow":["GET"]}}],"collection":[{"href":"https:\/\/minghanggroup.com\/es\/wp-json\/wp\/v2\/product"}],"about":[{"href":"https:\/\/minghanggroup.com\/es\/wp-json\/wp\/v2\/types\/product"}],"wp:featuredmedia":[{"embeddable":true,"href":"https:\/\/minghanggroup.com\/es\/wp-json\/wp\/v2\/media\/4144"}],"wp:attachment":[{"href":"https:\/\/minghanggroup.com\/es\/wp-json\/wp\/v2\/media?parent=4140"}],"wp:term":[{"taxonomy":"product_brand","embeddable":true,"href":"https:\/\/minghanggroup.com\/es\/wp-json\/wp\/v2\/product_brand?post=4140"},{"taxonomy":"product_cat","embeddable":true,"href":"https:\/\/minghanggroup.com\/es\/wp-json\/wp\/v2\/product_cat?post=4140"},{"taxonomy":"product_tag","embeddable":true,"href":"https:\/\/minghanggroup.com\/es\/wp-json\/wp\/v2\/product_tag?post=4140"}],"curies":[{"name":"wp","href":"https:\/\/api.w.org\/{rel}","templated":true}]}}