{"id":4134,"date":"2025-12-29T10:07:40","date_gmt":"2025-12-29T02:07:40","guid":{"rendered":"https:\/\/minghanggroup.com\/?post_type=product&#038;p=4134"},"modified":"2025-12-29T17:27:51","modified_gmt":"2025-12-29T09:27:51","slug":"fancy-custom-cologne-bottles-with-gold-lids-bulk","status":"publish","type":"product","link":"https:\/\/minghanggroup.com\/es\/producto\/fancy-custom-cologne-bottles-with-gold-lids-bulk\/","title":{"rendered":"Botellas de colonia personalizadas de lujo de 50 ml y 100 ml con tapas doradas al por mayor"},"content":{"rendered":"<p>Necesita un empaque que haga que su fragancia se sienta lujosa desde el primer vistazo. Creamos frascos de colonia personalizados, dise\u00f1ados para el \u00e9xito en el empaque de fragancias, donde cada elegante frasco de perfume se convierte en el sello distintivo de su marca.<\/p>\n<h2>Caracter\u00edsticas del producto<\/h2>\n<ul>\n<li><strong>Material de vidrio de alta claridad:<\/strong>Nuestras elegantes botellas de perfume de cristal son el medio perfecto para que un perfume muestre su color original y, por lo tanto, se puede decir que tienen un atractivo visual instant\u00e1neo.<\/li>\n<li><strong>Silueta redondeada y elegante:<\/strong>Las l\u00edneas suaves y fluidas de nuestros elegantes frascos de perfume brindan una elegancia moderna que se destaca en cualquier estante.<\/li>\n<li><strong>Dise\u00f1o de base estable:<\/strong>La parte inferior engrosada del frasco de perfume de vidrio permite exhibirlo no solo durante una exhibici\u00f3n de frascos de perfume de vidrio sino tambi\u00e9n en el uso diario.<\/li>\n<li><strong>Opciones de tapa decorativa:<\/strong>Al elegir tapas met\u00e1licas con acentos de color, est\u00e1s agregando ese toque final de estilo premium.<\/li>\n<\/ul>\n<h2>Especificaciones clave<\/h2>\n<table style=\"border-collapse: collapse; width: 80%; margin-left: auto; margin-right: auto;\" border=\"0\" width=\"360\" cellspacing=\"0\" cellpadding=\"0\">\n<tbody>\n<tr style=\"height: 13.50pt;\">\n<td style=\"height: 13.5pt; width: 54pt; text-align: center;\" width=\"72\" height=\"18\">Capacidad (ml)<\/td>\n<td style=\"width: 54pt; text-align: center;\" width=\"72\">Tama\u00f1o (mm)<\/td>\n<td style=\"width: 54pt; text-align: center;\" width=\"72\">Di\u00e1metro del cuello<\/td>\n<td style=\"width: 54pt; text-align: center;\" width=\"72\">M\u00e9todo de sellado<\/td>\n<td style=\"width: 54pt; text-align: center;\" width=\"72\">Opci\u00f3n de color<\/td>\n<\/tr>\n<tr style=\"height: 13.50pt;\">\n<td style=\"height: 13.5pt; text-align: center;\" height=\"18\">50<\/td>\n<td style=\"text-align: center;\">43 x 77<\/td>\n<td class=\"et2\" style=\"text-align: center;\" rowspan=\"2\">15 mm<\/td>\n<td class=\"et2\" style=\"text-align: center;\" rowspan=\"2\">Cuello a presi\u00f3n + atomizador<\/td>\n<td class=\"et2\" style=\"text-align: center;\" rowspan=\"2\">Personalizable<\/td>\n<\/tr>\n<tr style=\"height: 13.50pt;\">\n<td style=\"height: 13.5pt; text-align: center;\" height=\"18\">100<\/td>\n<td style=\"text-align: center;\">52 x 93<\/td>\n<\/tr>\n<\/tbody>\n<\/table>\n<h2>Caso de \u00e9xito de los frascos de perfume de lujo<\/h2>\n<p>Una marca de fragancias dirigida a canales transfronterizos de comercio electr\u00f3nico y boutiques seleccion\u00f3 este frasco de perfume como el envase principal de su lujosa serie. La calidad visual general de la presentaci\u00f3n se mejor\u00f3 considerablemente gracias a la personalizaci\u00f3n de las proporciones del frasco y al uso de un tap\u00f3n met\u00e1lico de alto brillo.<\/p>\n<p>Las tasas de conversi\u00f3n han aumentado significativamente durante las principales actividades promocionales de la plataforma despu\u00e9s del lanzamiento del producto, y las ventas de la serie han aumentado aproximadamente un 28% a\u00f1o tras a\u00f1o en tres meses.<\/p>\n<h2>Su ruta de personalizaci\u00f3n<\/h2>\n<p>Crear un momento es incluso mejor que vender una fragancia. Colores de tapa \u00fanicos o patrones decorativos que reflejen la historia de tu marca pueden ayudarte a personalizar tus frascos de colonia. Los aceites esenciales o tu l\u00ednea de perfumes personalizados se beneficiar\u00e1n del sistema de presi\u00f3n, cuello ajustable y atomizador que proporciona una fina bruma. Puedes elegir entre nuestros tama\u00f1os de frascos de vidrio para adaptarlos a tus necesidades de empaquetado de perfumes y disfrutar del env\u00edo sin problemas de pedidos al por mayor. Haz que cada frasco sea un detalle de lujo: haz que tus elegantes frascos de perfume se vean como un regalo premium con un acabado met\u00e1lico en el tap\u00f3n.<\/p>","protected":false},"excerpt":{"rendered":"<p>Frascos de colonia personalizados de f\u00e1brica. Estos elegantes frascos de perfume ofrecen env\u00edos globales confiables para personalizar tu marca. Muestra gratis.<\/p>","protected":false},"featured_media":4137,"template":"","meta":{"postBodyCss":"","postBodyMargin":[],"postBodyPadding":[],"postBodyBackground":{"backgroundType":"classic","gradient":""}},"product_brand":[],"product_cat":[15,16,62],"product_tag":[],"class_list":{"0":"post-4134","1":"product","2":"type-product","3":"status-publish","4":"has-post-thumbnail","6":"product_cat-glass-containers","7":"product_cat-glass-bottles","8":"product_cat-perfume-bottles","10":"first","11":"instock","12":"shipping-taxable","13":"product-type-simple"},"jetpack_sharing_enabled":true,"_links":{"self":[{"href":"https:\/\/minghanggroup.com\/es\/wp-json\/wp\/v2\/product\/4134","targetHints":{"allow":["GET"]}}],"collection":[{"href":"https:\/\/minghanggroup.com\/es\/wp-json\/wp\/v2\/product"}],"about":[{"href":"https:\/\/minghanggroup.com\/es\/wp-json\/wp\/v2\/types\/product"}],"wp:featuredmedia":[{"embeddable":true,"href":"https:\/\/minghanggroup.com\/es\/wp-json\/wp\/v2\/media\/4137"}],"wp:attachment":[{"href":"https:\/\/minghanggroup.com\/es\/wp-json\/wp\/v2\/media?parent=4134"}],"wp:term":[{"taxonomy":"product_brand","embeddable":true,"href":"https:\/\/minghanggroup.com\/es\/wp-json\/wp\/v2\/product_brand?post=4134"},{"taxonomy":"product_cat","embeddable":true,"href":"https:\/\/minghanggroup.com\/es\/wp-json\/wp\/v2\/product_cat?post=4134"},{"taxonomy":"product_tag","embeddable":true,"href":"https:\/\/minghanggroup.com\/es\/wp-json\/wp\/v2\/product_tag?post=4134"}],"curies":[{"name":"wp","href":"https:\/\/api.w.org\/{rel}","templated":true}]}}