{"id":4122,"date":"2025-12-26T15:30:44","date_gmt":"2025-12-26T07:30:44","guid":{"rendered":"https:\/\/minghanggroup.com\/?post_type=product&#038;p=4122"},"modified":"2025-12-26T16:12:42","modified_gmt":"2025-12-26T08:12:42","slug":"square-small-perfume-roller-bottles-bulk","status":"publish","type":"product","link":"https:\/\/minghanggroup.com\/es\/producto\/square-small-perfume-roller-bottles-bulk\/","title":{"rendered":"Frascos de perfume peque\u00f1os cuadrados con rodillo de 10 ml a granel"},"content":{"rendered":"<p>Este peque\u00f1o frasco de perfume tiene un cuerpo cuadrado minimalista de vidrio y un dise\u00f1o de bola rodante convencional, lo que lo convierte en un excelente frasco de perfume. Adem\u00e1s, es muy pr\u00e1ctico y f\u00e1cil de transportar gracias a su peque\u00f1o tama\u00f1o y al material resistente del que est\u00e1 hecho.<\/p>\n<h2>Caracter\u00edsticas del producto<\/h2>\n<ul>\n<li><strong>Dise\u00f1o de rollerball aplicable:<\/strong> El dise\u00f1o del roll-on en la parte superior permite una aplicaci\u00f3n sencilla y f\u00e1cil del perfume y es f\u00e1cil controlar la cantidad liberada.<\/li>\n<li><strong>Botella cuadrada de vidrio transparente:<\/strong> El contorno n\u00edtido es elegante y avanzado, y el cuerpo de vidrio transparente tiene una indicaci\u00f3n aparente de la cantidad de perfume restante.<\/li>\n<li><strong>Tama\u00f1o port\u00e1til de 10 ml:<\/strong> Es peque\u00f1o y cabe f\u00e1cilmente en una billetera o bolsillo o incluso cuando viajas, evitando eficazmente fugas.<\/li>\n<\/ul>\n<h2 style=\"text-align: left;\">Especificaciones clave<\/h2>\n<table class=\"aligncenter\" style=\"border-collapse: collapse; width: 382.52pt;\" border=\"0\" width=\"510\" cellspacing=\"0\" cellpadding=\"0\">\n<tbody>\n<tr style=\"height: 13.50pt;\">\n<td style=\"height: 13.50pt; width: 111.75pt;\" width=\"149\" height=\"18\">Especificaci\u00f3n<\/td>\n<td style=\"width: 270.75pt;\" width=\"361\">Detalles<\/td>\n<\/tr>\n<tr style=\"height: 13.50pt;\">\n<td style=\"height: 13.50pt;\" height=\"18\">Capacidad<\/td>\n<td>10ml<\/td>\n<\/tr>\n<tr style=\"height: 13.50pt;\">\n<td style=\"height: 13.50pt;\" height=\"18\">Dimensiones (An x Al)<\/td>\n<td>1,7\u00d711,2 cm<\/td>\n<\/tr>\n<tr style=\"height: 13.50pt;\">\n<td style=\"height: 13.50pt;\" height=\"18\">Material<\/td>\n<td>Vidrio transparente, tapa de metal y bol\u00edgrafo<\/td>\n<\/tr>\n<tr style=\"height: 13.50pt;\">\n<td style=\"height: 13.50pt;\" height=\"18\">Forma de la botella<\/td>\n<td>Prisma cuadrado<\/td>\n<\/tr>\n<tr style=\"height: 13.50pt;\">\n<td style=\"height: 13.50pt;\" height=\"18\">Caracter\u00edstica del material<\/td>\n<td>Acabado premium duradero y resistente a fugas<\/td>\n<\/tr>\n<tr style=\"height: 13.50pt;\">\n<td style=\"height: 13.50pt;\" height=\"18\">Ideal para<\/td>\n<td>Frascos de perfume con rodillo, frascos de perfume peque\u00f1os<\/td>\n<\/tr>\n<\/tbody>\n<\/table>\n<h2>Historia de \u00e9xito: Un producto de gran \u00e9xito de una marca de aromaterapia<\/h2>\n<p>Nuestro frasco peque\u00f1o de perfume de 10 ml fue seleccionado por una marca de productos de aromaterapia. El dise\u00f1o preciso del roll-on garantiza una aplicaci\u00f3n perfecta y sin desperdicio. La vida \u00fatil del producto se ha incrementado en un 30 %, seg\u00fan las opiniones de los clientes. El sello herm\u00e9tico garantiza un 99,9 % de \u00e9xito en el env\u00edo, y no hay quejas de los clientes. El cliente realiz\u00f3 otro pedido de 120\u00a0000 frascos gracias a un mejor rendimiento y mejores ventas del producto.<\/p>\n<h2>Las opciones de personalizaci\u00f3n de los frascos de perfume con rodillo incluyen<\/h2>\n<ul>\n<li>Color de tapa personalizado: seleccione el color de tapa de metal seg\u00fan el color Pantene o de su marca deseada.<\/li>\n<li>Color de la botella: Vienen en botellas de vidrio cuadradas de color \u00e1mbar, azul cobalto o verde en un intento de protegerlas de la luz.<\/li>\n<li>Serigraf\u00eda sobre vidrio: Imprima su logotipo o dise\u00f1o en la botella de vidrio.<\/li>\n<li>Superficie de vidrio esmerilado: esmerile toda la superficie o parte de ella para crear una calidad lujosa.<\/li>\n<\/ul>","protected":false},"excerpt":{"rendered":"<p>Descubre los frascos roll-on de perfume de 10 ml con un dise\u00f1o cuadrado minimalista. Este peque\u00f1o frasco transparente es elegante y perfecto para viajes. \u00a1Solicita muestras gratis!<\/p>","protected":false},"featured_media":4126,"template":"","meta":{"postBodyCss":"","postBodyMargin":[],"postBodyPadding":[],"postBodyBackground":{"backgroundType":"classic","gradient":""}},"product_brand":[],"product_cat":[15,16,62],"product_tag":[],"class_list":{"0":"post-4122","1":"product","2":"type-product","3":"status-publish","4":"has-post-thumbnail","6":"product_cat-glass-containers","7":"product_cat-glass-bottles","8":"product_cat-perfume-bottles","10":"first","11":"instock","12":"shipping-taxable","13":"product-type-simple"},"jetpack_sharing_enabled":true,"_links":{"self":[{"href":"https:\/\/minghanggroup.com\/es\/wp-json\/wp\/v2\/product\/4122","targetHints":{"allow":["GET"]}}],"collection":[{"href":"https:\/\/minghanggroup.com\/es\/wp-json\/wp\/v2\/product"}],"about":[{"href":"https:\/\/minghanggroup.com\/es\/wp-json\/wp\/v2\/types\/product"}],"wp:featuredmedia":[{"embeddable":true,"href":"https:\/\/minghanggroup.com\/es\/wp-json\/wp\/v2\/media\/4126"}],"wp:attachment":[{"href":"https:\/\/minghanggroup.com\/es\/wp-json\/wp\/v2\/media?parent=4122"}],"wp:term":[{"taxonomy":"product_brand","embeddable":true,"href":"https:\/\/minghanggroup.com\/es\/wp-json\/wp\/v2\/product_brand?post=4122"},{"taxonomy":"product_cat","embeddable":true,"href":"https:\/\/minghanggroup.com\/es\/wp-json\/wp\/v2\/product_cat?post=4122"},{"taxonomy":"product_tag","embeddable":true,"href":"https:\/\/minghanggroup.com\/es\/wp-json\/wp\/v2\/product_tag?post=4122"}],"curies":[{"name":"wp","href":"https:\/\/api.w.org\/{rel}","templated":true}]}}