{"id":4121,"date":"2025-12-26T16:45:56","date_gmt":"2025-12-26T08:45:56","guid":{"rendered":"https:\/\/minghanggroup.com\/?post_type=product&#038;p=4121"},"modified":"2025-12-26T17:01:06","modified_gmt":"2025-12-26T09:01:06","slug":"custom-empty-cologne-bottles-with-wooden-lids-wholesale","status":"publish","type":"product","link":"https:\/\/minghanggroup.com\/es\/producto\/custom-empty-cologne-bottles-with-wooden-lids-wholesale\/","title":{"rendered":"Botellas de colonia vac\u00edas personalizadas de 30 ml, 50 ml y 100 ml con tapa de madera, venta al por mayor"},"content":{"rendered":"<p>Tu fragancia merece un empaque tan excepcional como tu aroma. Fabricamos frascos de colonia premium al por mayor, dise\u00f1ados para el \u00e9xito en el empaquetado de fragancias, donde cada frasco vac\u00edo se convierte en el sello distintivo de tu marca.<\/p>\n<h2>Caracter\u00edsticas del producto<\/h2>\n<ol>\n<li><strong>Dise\u00f1o moderno y elegante:<\/strong> Los elementos minimalistas y modernos junto con la tapa esf\u00e9rica de forma inusual de nuestros frascos de perfume de vidrio transparente crean un contraste visual hermoso y sorprendente.<\/li>\n<li><strong>Duradero y ecol\u00f3gico:<\/strong> Fabricada con vidrio de primera calidad, duradero y madera natural, esta botella de colonia es una soluci\u00f3n de envasado ecol\u00f3gico para la industria de las fragancias que no pierde su atractivo.<\/li>\n<li><strong>Tapa de botella con veta de madera:<\/strong> La tapa de madera aporta cierta clase y refinamiento al producto, emitiendo un aire natural y verde al tiempo que es la forma m\u00e1s herm\u00e9tica y segura de mantener el perfume fresco en su interior.<\/li>\n<\/ol>\n<h2>Especificaciones clave<\/h2>\n<table style=\"border-collapse: collapse; width: 80%; margin-left: auto; margin-right: auto;\" border=\"0\" width=\"288\" cellspacing=\"0\" cellpadding=\"0\">\n<tbody>\n<tr style=\"height: 13.50pt;\">\n<td style=\"height: 13.5pt; width: 54pt; text-align: center;\" width=\"72\" height=\"18\">Capacidad (ml)<\/td>\n<td style=\"width: 54pt; text-align: center;\" width=\"72\">Tama\u00f1o (mm)<\/td>\n<td style=\"width: 54pt; text-align: center;\" width=\"72\">Di\u00e1metro del cuello<\/td>\n<td style=\"width: 54pt; text-align: center;\" width=\"72\">Opciones de color<\/td>\n<\/tr>\n<tr style=\"height: 13.50pt;\">\n<td style=\"height: 13.5pt; text-align: center;\" align=\"right\" height=\"18\">30<\/td>\n<td style=\"text-align: center;\">45 x 56<\/td>\n<td class=\"et2\" style=\"text-align: center;\" rowspan=\"3\">15 mm<\/td>\n<td class=\"et2\" style=\"text-align: center;\" rowspan=\"3\">Personalizado (solo vidrio)<\/td>\n<\/tr>\n<tr style=\"height: 13.50pt;\">\n<td style=\"height: 13.5pt; text-align: center;\" align=\"right\" height=\"18\">50<\/td>\n<td style=\"text-align: center;\">51 x 72<\/td>\n<\/tr>\n<tr style=\"height: 13.50pt;\">\n<td style=\"height: 13.5pt; text-align: center;\" align=\"right\" height=\"18\">100<\/td>\n<td style=\"text-align: center;\">57 x 84<\/td>\n<\/tr>\n<\/tbody>\n<\/table>\n<h2>Caso de \u00e9xito<\/h2>\n<p>Una de las marcas de perfumes m\u00e1s prestigiosas ha decidido usar este frasco de colonia vac\u00edo de 50 ml con tap\u00f3n de madera para su nueva l\u00ednea de fragancias. La marca buscaba expresar una combinaci\u00f3n de naturaleza y lujo, y los frascos de colonia al por mayor, junto con el hermoso tap\u00f3n de madera, eran la combinaci\u00f3n perfecta para esta idea. El estilo sencillo del frasco y el uso de materiales de primera calidad elevaron el producto a un nuevo nivel, convirtiendo as\u00ed el principal atractivo de la marca en su esencia.<\/p>\n<p>Con el relanzamiento de la marca, el volumen de ventas ha aumentado hasta un 22% y los consumidores tambi\u00e9n han aplaudido en gran medida el embalaje del producto y el uso de materiales ecol\u00f3gicos.<\/p>\n<h2>Tus consejos de personalizaci\u00f3n<\/h2>\n<p>Al personalizar este envase de fragancia, puede considerar varias ideas distintivas para realzar el reconocimiento de la marca. Una forma es experimentar a\u00f1adiendo texturas o patrones \u00fanicos al cuerpo de la botella, por ejemplo, mediante efectos de grabado o relieve. Adem\u00e1s de mejorar la experiencia t\u00e1ctil, tambi\u00e9n le da un toque m\u00e1s creativo. Asimismo, puede utilizar vidrio degradado de color, un dise\u00f1o que produce un efecto degradado desde la base hasta la parte superior de la botella, aportando impacto visual y mayor profundidad. En cuanto al tap\u00f3n, puede optar por un tratamiento de superficie diferente, como un acabado mate o brillante, que no solo comunica la distinci\u00f3n de la marca, sino que tambi\u00e9n contribuye a realzar su imagen ecol\u00f3gica, ecol\u00f3gica y lujosa. Para realzar la sensaci\u00f3n de lujo, tambi\u00e9n puede considerar incrustaciones met\u00e1licas o decoraciones con gemas.<\/p>","protected":false},"excerpt":{"rendered":"<p>Descubra botellas de colonia vac\u00edas premium al por mayor para sus necesidades de envasado de fragancias y ofrecemos servicios de personalizaci\u00f3n al por mayor. Esperamos su consulta.<\/p>","protected":false},"featured_media":4129,"template":"","meta":{"postBodyCss":"","postBodyMargin":[],"postBodyPadding":[],"postBodyBackground":{"backgroundType":"classic","gradient":""}},"product_brand":[],"product_cat":[15,16,62],"product_tag":[],"class_list":{"0":"post-4121","1":"product","2":"type-product","3":"status-publish","4":"has-post-thumbnail","6":"product_cat-glass-containers","7":"product_cat-glass-bottles","8":"product_cat-perfume-bottles","10":"first","11":"instock","12":"shipping-taxable","13":"product-type-simple"},"jetpack_sharing_enabled":true,"_links":{"self":[{"href":"https:\/\/minghanggroup.com\/es\/wp-json\/wp\/v2\/product\/4121","targetHints":{"allow":["GET"]}}],"collection":[{"href":"https:\/\/minghanggroup.com\/es\/wp-json\/wp\/v2\/product"}],"about":[{"href":"https:\/\/minghanggroup.com\/es\/wp-json\/wp\/v2\/types\/product"}],"wp:featuredmedia":[{"embeddable":true,"href":"https:\/\/minghanggroup.com\/es\/wp-json\/wp\/v2\/media\/4129"}],"wp:attachment":[{"href":"https:\/\/minghanggroup.com\/es\/wp-json\/wp\/v2\/media?parent=4121"}],"wp:term":[{"taxonomy":"product_brand","embeddable":true,"href":"https:\/\/minghanggroup.com\/es\/wp-json\/wp\/v2\/product_brand?post=4121"},{"taxonomy":"product_cat","embeddable":true,"href":"https:\/\/minghanggroup.com\/es\/wp-json\/wp\/v2\/product_cat?post=4121"},{"taxonomy":"product_tag","embeddable":true,"href":"https:\/\/minghanggroup.com\/es\/wp-json\/wp\/v2\/product_tag?post=4121"}],"curies":[{"name":"wp","href":"https:\/\/api.w.org\/{rel}","templated":true}]}}