{"id":4112,"date":"2025-12-26T14:23:16","date_gmt":"2025-12-26T06:23:16","guid":{"rendered":"https:\/\/minghanggroup.com\/?post_type=product&#038;p=4112"},"modified":"2025-12-26T15:30:50","modified_gmt":"2025-12-26T07:30:50","slug":"custom-10ml-small-vintage-perfume-bottles-bulk","status":"publish","type":"product","link":"https:\/\/minghanggroup.com\/es\/producto\/custom-10ml-small-vintage-perfume-bottles-bulk\/","title":{"rendered":"Frascos de perfume vintage peque\u00f1os personalizados de 10 ml al por mayor"},"content":{"rendered":"<p>Este frasco de perfume vintage presenta un dise\u00f1o geom\u00e9trico muy sencillo con un cuerpo de vidrio cuadrado y de paredes rectas. La boquilla met\u00e1lica est\u00e1 ba\u00f1ada en oro y tiene una borla esf\u00e9rica que le da un toque elegante y antiguo.<\/p>\n<h2>Caracter\u00edsticas del producto<\/h2>\n<ul>\n<li><strong>Tama\u00f1o de viaje vintage de 10 ml:<\/strong> El tama\u00f1o mediano (10 ml) de la botella recta es bueno para usar como muestras de lujo o perfumes de viaje.<\/li>\n<li><strong>Rociador decorativo con forma de renacuajo:<\/strong> La adorable corona est\u00e1 hecha de una malla colorida y la boquilla dorada imita la forma de la antigua botella de perfume vintage, que no solo es hermosa sino tambi\u00e9n \u00fatil.<\/li>\n<li><strong>Botella de vidrio cuadrada:<\/strong> Su forma geom\u00e9trica le proporciona un aspecto moderno y ordenado, creando un complemento espectacular para cualquier tocador.<\/li>\n<\/ul>\n<h2 style=\"text-align: left;\">Especificaciones clave<\/h2>\n<table class=\"aligncenter\" style=\"border-collapse: collapse; width: 398.27pt;\" border=\"0\" width=\"531\" cellspacing=\"0\" cellpadding=\"0\">\n<tbody>\n<tr style=\"height: 13.50pt;\">\n<td style=\"height: 13.50pt; width: 111.75pt;\" width=\"149\" height=\"18\">Especificaci\u00f3n<\/td>\n<td style=\"width: 286.50pt;\" width=\"382\">Detalles<\/td>\n<\/tr>\n<tr style=\"height: 13.50pt;\">\n<td style=\"height: 13.50pt;\" height=\"18\">Capacidad<\/td>\n<td>10ml<\/td>\n<\/tr>\n<tr style=\"height: 13.50pt;\">\n<td style=\"height: 13.50pt;\" height=\"18\">Dimensiones (An x Al)<\/td>\n<td>1,7\u00d711,2 cm<\/td>\n<\/tr>\n<tr style=\"height: 13.50pt;\">\n<td style=\"height: 13.50pt;\" height=\"18\">Material<\/td>\n<td>Vidrio transparente, componentes met\u00e1licos<\/td>\n<\/tr>\n<tr style=\"height: 13.50pt;\">\n<td style=\"height: 13.50pt;\" height=\"18\">Forma de la botella<\/td>\n<td>Prisma cuadrado<\/td>\n<\/tr>\n<tr style=\"height: 13.50pt;\">\n<td style=\"height: 13.50pt;\" height=\"18\">Acentos de color<\/td>\n<td>Cuerpo de vidrio transparente, pulverizador en tono dorado<\/td>\n<\/tr>\n<tr style=\"height: 13.50pt;\">\n<td style=\"height: 13.50pt;\" height=\"18\">Caracter\u00edstica del material<\/td>\n<td>Acabado decorativo de primera calidad<\/td>\n<\/tr>\n<tr style=\"height: 13.50pt;\">\n<td style=\"height: 13.50pt;\" height=\"18\">Ideal para<\/td>\n<td>Frascos de perfume vintage, frascos de perfume de lujo<\/td>\n<\/tr>\n<\/tbody>\n<\/table>\n<h2>Historia de \u00e9xito: El lanzamiento de un nuevo producto ic\u00f3nico de una marca de lujo<\/h2>\n<p>Una nueva marca de perfumes de lujo lanz\u00f3 tres perfumes con aromas \u00fanicos, disponibles en nuestro frasco de 10 ml con borlas en varios colores. Su sello distintivo era el exclusivo frasco cuadrado con borlas, y la marca alcanz\u00f3 el 90 % de su p\u00fablico objetivo en tan solo seis meses. Adem\u00e1s, ha ganado popularidad gracias a la apariencia premium del frasco, con un 30 % de clientes que lo compran como regalo. Tras este enorme \u00e9xito, la marca volvi\u00f3 a pedir 250\u00a0000 botellas.<\/p>\n<h2>Personalizaci\u00f3n de frascos de perfume Vantage<\/h2>\n<ul>\n<li>Opciones de color de vidrio: las botellas de vidrio cuadradas vienen en diferentes colores, como \u00e1mbar, gris ahumado o rosa claro.<\/li>\n<li>Serigraf\u00eda en vidrio: Imprima el logotipo de una marca minimalista, un gr\u00e1fico o el nombre de un perfume en la botella de vidrio.<\/li>\n<li>Recubrimiento en aerosol personalizado: acabado de boquilla de pulverizaci\u00f3n para otros elementos de la marca (por ejemplo, oro rosa, n\u00edquel cepillado).<\/li>\n<li>Paneles de vidrio esmerilado: use una decoraci\u00f3n de vidrio esmerilado en uno o ambos lados de la botella de vidrio cuadrada para darle una apariencia elegante.<\/li>\n<\/ul>","protected":false},"excerpt":{"rendered":"<p>Este frasco de perfume de 10 ml combina un dise\u00f1o cl\u00e1sico con un uso moderno. Un elegante frasco vintage, ideal para esprays de viaje y muestras de fragancias. Env\u00edo r\u00e1pido.<\/p>","protected":false},"featured_media":4118,"template":"","meta":{"postBodyCss":"","postBodyMargin":[],"postBodyPadding":[],"postBodyBackground":{"backgroundType":"classic","gradient":""}},"product_brand":[],"product_cat":[15,16,62],"product_tag":[],"class_list":{"0":"post-4112","1":"product","2":"type-product","3":"status-publish","4":"has-post-thumbnail","6":"product_cat-glass-containers","7":"product_cat-glass-bottles","8":"product_cat-perfume-bottles","10":"first","11":"instock","12":"shipping-taxable","13":"product-type-simple"},"jetpack_sharing_enabled":true,"_links":{"self":[{"href":"https:\/\/minghanggroup.com\/es\/wp-json\/wp\/v2\/product\/4112","targetHints":{"allow":["GET"]}}],"collection":[{"href":"https:\/\/minghanggroup.com\/es\/wp-json\/wp\/v2\/product"}],"about":[{"href":"https:\/\/minghanggroup.com\/es\/wp-json\/wp\/v2\/types\/product"}],"wp:featuredmedia":[{"embeddable":true,"href":"https:\/\/minghanggroup.com\/es\/wp-json\/wp\/v2\/media\/4118"}],"wp:attachment":[{"href":"https:\/\/minghanggroup.com\/es\/wp-json\/wp\/v2\/media?parent=4112"}],"wp:term":[{"taxonomy":"product_brand","embeddable":true,"href":"https:\/\/minghanggroup.com\/es\/wp-json\/wp\/v2\/product_brand?post=4112"},{"taxonomy":"product_cat","embeddable":true,"href":"https:\/\/minghanggroup.com\/es\/wp-json\/wp\/v2\/product_cat?post=4112"},{"taxonomy":"product_tag","embeddable":true,"href":"https:\/\/minghanggroup.com\/es\/wp-json\/wp\/v2\/product_tag?post=4112"}],"curies":[{"name":"wp","href":"https:\/\/api.w.org\/{rel}","templated":true}]}}