{"id":4111,"date":"2025-12-26T15:07:33","date_gmt":"2025-12-26T07:07:33","guid":{"rendered":"https:\/\/minghanggroup.com\/?post_type=product&#038;p=4111"},"modified":"2025-12-29T11:48:50","modified_gmt":"2025-12-29T03:48:50","slug":"custom-perfume-spray-bottles-with-metallic-lids-bulk","status":"publish","type":"product","link":"https:\/\/minghanggroup.com\/es\/producto\/custom-perfume-spray-bottles-with-metallic-lids-bulk\/","title":{"rendered":"Botellas de perfume personalizadas con tapas met\u00e1licas (30 ml, 55 ml y 100 ml)"},"content":{"rendered":"<p>Tu fragancia merece un empaque que la haga brillar. Fabricamos frascos atomizadores de perfume premium, dise\u00f1ados para el \u00e9xito en el empaque de fragancias, donde cada frasco de 28 ml realza la historia de tu producto.<\/p>\n<h2>Caracter\u00edsticas del producto<\/h2>\n<ol>\n<li><strong>Elegancia transparente: <\/strong>Con un aspecto contempor\u00e1neo, nuestro frasco atomizador de perfume de cristal es un medio perfecto para mostrar el color real de su fragancia.<\/li>\n<li><strong>Fuerte rendimiento de sellado, sin temor a fugas: <\/strong>Para crear el mejor rendimiento de sellado, el cuello de engarce prensado est\u00e1 estructurado, por lo que la parte superior es de primera clase.<\/li>\n<li><strong>Dise\u00f1o de base estable: <\/strong>El dise\u00f1o exclusivo de la base del frasco de perfume ser\u00e1 muy estable incluso si se coloca en el suelo o en una mesa de vidrio o m\u00e1rmol.<\/li>\n<\/ol>\n<h2>Especificaciones clave<\/h2>\n<table style=\"border-collapse: collapse; width: 80%; margin-left: auto; margin-right: auto;\" border=\"0\" width=\"360\" cellspacing=\"0\" cellpadding=\"0\">\n<tbody>\n<tr style=\"height: 13.50pt;\">\n<td style=\"height: 13.5pt; width: 54pt; text-align: center;\" width=\"72\" height=\"18\">Capacidad (ml)<\/td>\n<td style=\"width: 54pt; text-align: center;\" width=\"72\">Tama\u00f1o (mm)<\/td>\n<td style=\"width: 54pt; text-align: center;\" width=\"72\">Di\u00e1metro del cuello<\/td>\n<td style=\"width: 54pt; text-align: center;\" width=\"72\">Tipo de cierre<\/td>\n<td style=\"width: 54pt; text-align: center;\" width=\"72\">Material<\/td>\n<\/tr>\n<tr style=\"height: 13.50pt;\">\n<td style=\"height: 13.5pt; text-align: center;\" align=\"right\" height=\"18\">30<\/td>\n<td style=\"text-align: center;\">45 x 76<\/td>\n<td class=\"et2\" style=\"text-align: center;\" rowspan=\"3\">15 mm<\/td>\n<td class=\"et2\" style=\"text-align: center;\" rowspan=\"3\">Cuello de engarce + pulverizador<\/td>\n<td class=\"et2\" style=\"text-align: center;\" rowspan=\"3\">vaso de cristal<\/td>\n<\/tr>\n<tr style=\"height: 13.50pt;\">\n<td style=\"height: 13.5pt; text-align: center;\" align=\"right\" height=\"18\">55<\/td>\n<td style=\"text-align: center;\">46 x 91,4<\/td>\n<\/tr>\n<tr style=\"height: 13.50pt;\">\n<td style=\"height: 13.5pt; text-align: center;\" align=\"right\" height=\"18\">100<\/td>\n<td style=\"text-align: center;\">45 x 126<\/td>\n<\/tr>\n<\/tbody>\n<\/table>\n<h2>Caso de \u00e9xito<\/h2>\n<p>Una prestigiosa empresa de perfumes us\u00f3 este frasco de 28 ml para envolver su nueva l\u00ednea de productos. La marca buscaba proyectar una imagen de lujo y elegancia mediante un dise\u00f1o sencillo pero contempor\u00e1neo. El frasco con atomizador transparente dejaba ver el encantador color del perfume, y el tap\u00f3n met\u00e1lico le daba un toque de lujo, acorde con su posicionamiento en el mercado premium.<\/p>\n<p>Tras el lanzamiento de la l\u00ednea de perfumes, la empresa experiment\u00f3 un aumento del 20% en sus ventas en tres meses. Los clientes elogiaron el hermoso dise\u00f1o del frasco y la alta calidad del mecanismo de pulverizaci\u00f3n.<\/p>\n<h2>Tus consejos de personalizaci\u00f3n<\/h2>\n<p>El estilo de su marca y las caracter\u00edsticas de su producto determinar\u00e1n las diferentes opciones que puede elegir al personalizar un frasco con atomizador de perfume. Puede optar por un frasco de vidrio transparente para realzar el color y la textura del perfume, haci\u00e9ndolo m\u00e1s atractivo. Si desea una impresi\u00f3n de lujo, puede personalizar una tapa met\u00e1lica en una variedad de colores, como plateado, dorado u oscuro, para darle un aspecto sofisticado al frasco. Adem\u00e1s, la boquilla del atomizador puede personalizarse para garantizar que cada vez que se roc\u00ede el perfume, lo haga de forma uniforme y eficiente, ahorrando as\u00ed producto. El contorno del frasco puede dise\u00f1arse de forma creativa si la marca necesita una forma o patr\u00f3n diferente para personalizar el producto y aumentar su competitividad en el mercado. Tambi\u00e9n puede mejorar el reconocimiento de marca colocando su logotipo o etiquetas personalizadas en el frasco, convirti\u00e9ndolo no solo en una herramienta, sino tambi\u00e9n en un fuerte representante de su marca.<\/p>","protected":false},"excerpt":{"rendered":"<p>Descubra botellas de perfume premium de 1 oz, brindamos opciones de botellas de spray de perfume para sus necesidades de empaque de fragancias personalizadas, ventas directas de f\u00e1brica.<\/p>","protected":false},"featured_media":4120,"template":"","meta":{"postBodyCss":"","postBodyMargin":[],"postBodyPadding":[],"postBodyBackground":{"backgroundType":"classic","gradient":""}},"product_brand":[],"product_cat":[15,16,62],"product_tag":[],"class_list":{"0":"post-4111","1":"product","2":"type-product","3":"status-publish","4":"has-post-thumbnail","6":"product_cat-glass-containers","7":"product_cat-glass-bottles","8":"product_cat-perfume-bottles","10":"first","11":"instock","12":"shipping-taxable","13":"product-type-simple"},"jetpack_sharing_enabled":true,"_links":{"self":[{"href":"https:\/\/minghanggroup.com\/es\/wp-json\/wp\/v2\/product\/4111","targetHints":{"allow":["GET"]}}],"collection":[{"href":"https:\/\/minghanggroup.com\/es\/wp-json\/wp\/v2\/product"}],"about":[{"href":"https:\/\/minghanggroup.com\/es\/wp-json\/wp\/v2\/types\/product"}],"wp:featuredmedia":[{"embeddable":true,"href":"https:\/\/minghanggroup.com\/es\/wp-json\/wp\/v2\/media\/4120"}],"wp:attachment":[{"href":"https:\/\/minghanggroup.com\/es\/wp-json\/wp\/v2\/media?parent=4111"}],"wp:term":[{"taxonomy":"product_brand","embeddable":true,"href":"https:\/\/minghanggroup.com\/es\/wp-json\/wp\/v2\/product_brand?post=4111"},{"taxonomy":"product_cat","embeddable":true,"href":"https:\/\/minghanggroup.com\/es\/wp-json\/wp\/v2\/product_cat?post=4111"},{"taxonomy":"product_tag","embeddable":true,"href":"https:\/\/minghanggroup.com\/es\/wp-json\/wp\/v2\/product_tag?post=4111"}],"curies":[{"name":"wp","href":"https:\/\/api.w.org\/{rel}","templated":true}]}}