{"id":4106,"date":"2025-12-26T13:46:59","date_gmt":"2025-12-26T05:46:59","guid":{"rendered":"https:\/\/minghanggroup.com\/?post_type=product&#038;p=4106"},"modified":"2025-12-26T14:21:29","modified_gmt":"2025-12-26T06:21:29","slug":"small-gold-antique-perfume-bottles-bulk","status":"publish","type":"product","link":"https:\/\/minghanggroup.com\/es\/producto\/small-gold-antique-perfume-bottles-bulk\/","title":{"rendered":"Frascos de perfume antiguos peque\u00f1os de oro de 10 ml a granel"},"content":{"rendered":"<p><span class=\"inline cursor-pointer rounded\" data-state=\"closed\"><span class=\"rounded transition-colors hover:bg-yellow-200\/20\">Estos\u00a0<span class=\"text-[#00CEC8]\">antig\u00fcedad<\/span>\u00a0Los frascos de perfume son\u00a0<span class=\"text-[#00CEC8]\">elaborado a partir de material transparente<\/span>\u00a0vaso con\u00a0<span class=\"text-[#00CEC8]\">Bonitos cuerpos redondos, en forma de manzana.<\/span>\u00a0<\/span><\/span><span class=\"inline cursor-pointer rounded\" data-state=\"closed\"><span class=\"rounded transition-colors hover:bg-yellow-200\/20\"><span class=\"text-[#00CEC8]\">Tienen boquillas de malla delicadas y<\/span>\u00a0son\u00a0<span class=\"text-[#00CEC8]\">embellecido<\/span>\u00a0con\u00a0<span class=\"text-[#00CEC8]\">Adornos de oro fino y dise\u00f1os florales.<\/span><\/span><\/span><\/p>\n<h2>Caracter\u00edsticas del producto<\/h2>\n<ul>\n<li><strong>Forma de botella de manzana vintage:<\/strong> La elegante forma de la botella es una botella redondeada con forma de manzana, que demuestra plenamente la forma elegante de una botella de perfume vintage cl\u00e1sica y la representa en una forma muy reconocible.<\/li>\n<li><strong>Adorno dorado:<\/strong> La botella tiene ribetes dorados y finos dise\u00f1os en oro que acent\u00faan el lujo vintage y la belleza art\u00edstica.<\/li>\n<li><strong>Boquilla de pulverizaci\u00f3n estilo espada\u00f1a:<\/strong> La boquilla rociadora de malla vintage no solo proporciona una funci\u00f3n de nebulizaci\u00f3n efectiva, sino que tambi\u00e9n ofrece cierto estilo retro de una manera bastante elegante.<\/li>\n<\/ul>\n<h2 style=\"text-align: left;\">Especificaciones clave<\/h2>\n<table class=\"aligncenter\" style=\"border-collapse: collapse; width: 411.02pt;\" border=\"0\" width=\"548\" cellspacing=\"0\" cellpadding=\"0\">\n<tbody>\n<tr style=\"height: 13.50pt;\">\n<td style=\"height: 13.50pt; width: 111.75pt;\" width=\"149\" height=\"18\">Especificaci\u00f3n<\/td>\n<td style=\"width: 299.25pt;\" width=\"399\">Detalles<\/td>\n<\/tr>\n<tr style=\"height: 13.50pt;\">\n<td style=\"height: 13.50pt;\" height=\"18\">Capacidad<\/td>\n<td>10ml<\/td>\n<\/tr>\n<tr style=\"height: 13.50pt;\">\n<td style=\"height: 13.50pt;\" height=\"18\">Dimensiones (\u00d8 x Al)<\/td>\n<td>4\u00d77,1 cm<\/td>\n<\/tr>\n<tr style=\"height: 13.50pt;\">\n<td style=\"height: 13.50pt;\" height=\"18\">Material<\/td>\n<td>Vidrio transparente, detalles dorados<\/td>\n<\/tr>\n<tr style=\"height: 13.50pt;\">\n<td style=\"height: 13.50pt;\" height=\"18\">Forma de la botella<\/td>\n<td>Manzana redondeada<\/td>\n<\/tr>\n<tr style=\"height: 13.50pt;\">\n<td style=\"height: 13.50pt;\" height=\"18\">Tipo de cierre<\/td>\n<td>Tapa decorativa dorada<\/td>\n<\/tr>\n<tr style=\"height: 13.50pt;\">\n<td style=\"height: 13.50pt;\" height=\"18\">Caracter\u00edstica del material<\/td>\n<td>Decorativo, acabado de primera calidad, atractivo visual elegante<\/td>\n<\/tr>\n<tr style=\"height: 13.50pt;\">\n<td style=\"height: 13.50pt;\" height=\"18\">Ideal para<\/td>\n<td>Frascos de perfume antiguos, frascos de perfume vintage<\/td>\n<\/tr>\n<\/tbody>\n<\/table>\n<h2>Historia de \u00e9xito: Reedici\u00f3n de una famosa empresa de perfumes<\/h2>\n<p>Una de las marcas de perfumes m\u00e1s antiguas ha decidido renovar la marca de su perfume de la d\u00e9cada de 1930. Estos frascos vintage de 10 ml con forma de manzana fueron seleccionados como el material de embalaje exclusivo. Su hermoso ba\u00f1o de oro y su dise\u00f1o especial lo convirtieron inmediatamente en una pieza de colecci\u00f3n, vendi\u00e9ndose el primer lote en 48 horas. Caus\u00f3 un gran revuelo en redes sociales, con m\u00e1s de dos millones de conversaciones y una enorme cobertura medi\u00e1tica. La marca aprovech\u00f3 este \u00e9xito masivo para encargar otras 100\u00a0000 botellas como una extensi\u00f3n permanente del producto.<\/p>\n<h2>Requisitos de personalizaci\u00f3n de botellas de perfume vintage<\/h2>\n<ul>\n<li>Estampado en caliente personalizado: tenga su propio dise\u00f1o de estampado en caliente o monograma en la botella.<\/li>\n<li>Botella de vidrio de colores: las botellas de vidrio de colores tienen forma de manzana y pueden ser de cualquiera de los siguientes colores: verde esmeralda, azul cobalto o amatista.<\/li>\n<li>Acentos de esmalte: aplique el dise\u00f1o de estampado en caliente para agregar profundidad y color con esmaltes pintados a mano.<\/li>\n<li>Dise\u00f1o de borlas personalizado: edite el color, el material y la longitud de las borlas que adornan la botella de spray.<\/li>\n<\/ul>","protected":false},"excerpt":{"rendered":"<p>Realza tu marca con frascos de perfume antiguos. Cada frasco vintage luce intrincados motivos dorados y una bombilla de malla. Opciones totalmente personalizables.<\/p>","protected":false},"featured_media":4107,"template":"","meta":{"postBodyCss":"","postBodyMargin":[],"postBodyPadding":[],"postBodyBackground":{"backgroundType":"classic","gradient":""}},"product_brand":[],"product_cat":[15,16,62],"product_tag":[],"class_list":{"0":"post-4106","1":"product","2":"type-product","3":"status-publish","4":"has-post-thumbnail","6":"product_cat-glass-containers","7":"product_cat-glass-bottles","8":"product_cat-perfume-bottles","10":"first","11":"instock","12":"shipping-taxable","13":"product-type-simple"},"jetpack_sharing_enabled":true,"_links":{"self":[{"href":"https:\/\/minghanggroup.com\/es\/wp-json\/wp\/v2\/product\/4106","targetHints":{"allow":["GET"]}}],"collection":[{"href":"https:\/\/minghanggroup.com\/es\/wp-json\/wp\/v2\/product"}],"about":[{"href":"https:\/\/minghanggroup.com\/es\/wp-json\/wp\/v2\/types\/product"}],"wp:featuredmedia":[{"embeddable":true,"href":"https:\/\/minghanggroup.com\/es\/wp-json\/wp\/v2\/media\/4107"}],"wp:attachment":[{"href":"https:\/\/minghanggroup.com\/es\/wp-json\/wp\/v2\/media?parent=4106"}],"wp:term":[{"taxonomy":"product_brand","embeddable":true,"href":"https:\/\/minghanggroup.com\/es\/wp-json\/wp\/v2\/product_brand?post=4106"},{"taxonomy":"product_cat","embeddable":true,"href":"https:\/\/minghanggroup.com\/es\/wp-json\/wp\/v2\/product_cat?post=4106"},{"taxonomy":"product_tag","embeddable":true,"href":"https:\/\/minghanggroup.com\/es\/wp-json\/wp\/v2\/product_tag?post=4106"}],"curies":[{"name":"wp","href":"https:\/\/api.w.org\/{rel}","templated":true}]}}