{"id":4097,"date":"2025-12-26T11:32:56","date_gmt":"2025-12-26T03:32:56","guid":{"rendered":"https:\/\/minghanggroup.com\/?post_type=product&#038;p=4097"},"modified":"2025-12-26T13:29:04","modified_gmt":"2025-12-26T05:29:04","slug":"small-perfume-travel-bottle-with-refill-design-bulk","status":"publish","type":"product","link":"https:\/\/minghanggroup.com\/es\/producto\/small-perfume-travel-bottle-with-refill-design-bulk\/","title":{"rendered":"Botella de perfume peque\u00f1a de viaje de 5 ml con dise\u00f1o de recarga a granel"},"content":{"rendered":"<p>Estos frascos de perfume rellenables tienen un elegante dise\u00f1o cil\u00edndrico con una carcasa met\u00e1lica muy resistente y est\u00e1n disponibles en una amplia gama de colores. El llenado inferior es pr\u00e1ctico y f\u00e1cil de usar, y se puede usar como frasco de perfume rellenable reutilizable o como un duradero frasco de perfume de viaje.<\/p>\n<h2>Caracter\u00edsticas del producto<\/h2>\n<ul>\n<li><strong>Acabado met\u00e1lico multicolor:<\/strong> Tiene una amplia selecci\u00f3n de colores met\u00e1licos como dorado, azul y rojo para satisfacer diferentes opciones de estilo y aumentar la sofisticaci\u00f3n visual.<\/li>\n<li><strong>Formato mini cil\u00edndrico:<\/strong> La peque\u00f1a botella cil\u00edndrica se puede guardar c\u00f3modamente en un bolso, por lo que es perfecta para el d\u00eda a d\u00eda y para viajes cortos.<\/li>\n<li><strong>Construcci\u00f3n f\u00e1cil de rellenar desde abajo:<\/strong> El c\u00f3modo sistema de llenado inferior permite un llenado f\u00e1cil y c\u00f3modo, sin suciedad y reutilizaci\u00f3n.<\/li>\n<\/ul>\n<h2 style=\"text-align: left;\">Especificaciones clave<\/h2>\n<table class=\"aligncenter\" style=\"border-collapse: collapse; width: 411.02pt;\" border=\"0\" width=\"548\" cellspacing=\"0\" cellpadding=\"0\">\n<tbody>\n<tr style=\"height: 13.50pt;\">\n<td style=\"height: 13.50pt; width: 111.75pt;\" width=\"149\" height=\"18\">Especificaci\u00f3n<\/td>\n<td style=\"width: 299.25pt;\" width=\"399\">Detalles<\/td>\n<\/tr>\n<tr style=\"height: 13.50pt;\">\n<td style=\"height: 13.50pt;\" height=\"18\">Capacidad<\/td>\n<td>5 ml<\/td>\n<\/tr>\n<tr style=\"height: 13.50pt;\">\n<td style=\"height: 13.50pt;\" height=\"18\">Dimensiones (\u00d8 x Al)<\/td>\n<td>1,9\u00d78,8 cm<\/td>\n<\/tr>\n<tr style=\"height: 13.50pt;\">\n<td style=\"height: 13.50pt;\" height=\"18\">Material<\/td>\n<td>Vial interior de vidrio, carcasa exterior de metal<\/td>\n<\/tr>\n<tr style=\"height: 13.50pt;\">\n<td style=\"height: 13.50pt;\" height=\"18\">Forma de la botella<\/td>\n<td>Cilindro de pared recta<\/td>\n<\/tr>\n<tr style=\"height: 13.50pt;\">\n<td style=\"height: 13.50pt;\" height=\"18\">Opciones de color<\/td>\n<td>Oro, oro rosa, plata, negro, azul, rojo<\/td>\n<\/tr>\n<tr style=\"height: 13.50pt;\">\n<td style=\"height: 13.50pt;\" height=\"18\">Tipo de cierre<\/td>\n<td>Tapa met\u00e1lica segura, dise\u00f1o de llenado inferior<\/td>\n<\/tr>\n<tr style=\"height: 13.50pt;\">\n<td style=\"height: 13.50pt;\" height=\"18\">Caracter\u00edstica del material<\/td>\n<td>Acabado met\u00e1lico protector, duradero y de primera calidad<\/td>\n<\/tr>\n<tr style=\"height: 13.50pt;\">\n<td style=\"height: 13.50pt;\" height=\"18\">Ideal para<\/td>\n<td>Frascos de fragancias de viaje, frascos de recarga de perfume<\/td>\n<\/tr>\n<\/tbody>\n<\/table>\n<h2>Historia de \u00e9xito: Fragancia exclusiva de cadena hotelera<\/h2>\n<p>Una cadena hotelera de lujo eligi\u00f3 nuestro frasco de perfume de viaje en oro rosa de 5 ml. Su resistente carcasa met\u00e1lica resisti\u00f3 la limpieza intensiva y el uso de las habitaciones por parte de los hu\u00e9spedes, con una tasa de da\u00f1o del 0,1 %. Este sistema de recarga permiti\u00f3 al hotel minimizar los residuos pl\u00e1sticos de art\u00edculos de tocador de un solo uso en un 70 %. La cadena hotelera ha adquirido 250\u00a0000 frascos m\u00e1s para promocionarlo internacionalmente, gracias a la satisfacci\u00f3n de los hu\u00e9spedes y al ahorro en costos operativos.<\/p>\n<h2>Personalizaci\u00f3n de Botellas Recargables de Perfumes<\/h2>\n<ul>\n<li>Coincidencia de colores de metal personalizada: combine exactamente el acabado PVD con la tabla de colores de su marca Pantone.<\/li>\n<li>Grabado l\u00e1ser de la carcasa exterior: grabe su logotipo, patr\u00f3n o texto en el metal.<\/li>\n<li>Dise\u00f1o de anillo decorativo personalizado: var\u00ede el dise\u00f1o\/acabado del anillo de metal central.<\/li>\n<li>Color del vidrio de la botella en el interior: el color del vidrio interior de las botellas se puede te\u00f1ir (\u00e1mbar, azul cobalto) para conservar los perfumes de los compuestos sensibles a los rayos UV.<\/li>\n<\/ul>","protected":false},"excerpt":{"rendered":"<p>Descubra los frascos de perfume rellenables con un sencillo dise\u00f1o de llenado a presi\u00f3n. Este frasco de perfume de viaje est\u00e1 disponible en una variedad de vibrantes colores. Solicite muestras gratis.<\/p>","protected":false},"featured_media":4103,"template":"","meta":{"postBodyCss":"","postBodyMargin":[],"postBodyPadding":[],"postBodyBackground":{"backgroundType":"classic","gradient":""}},"product_brand":[],"product_cat":[15,16,62],"product_tag":[],"class_list":{"0":"post-4097","1":"product","2":"type-product","3":"status-publish","4":"has-post-thumbnail","6":"product_cat-glass-containers","7":"product_cat-glass-bottles","8":"product_cat-perfume-bottles","10":"first","11":"instock","12":"shipping-taxable","13":"product-type-simple"},"jetpack_sharing_enabled":true,"_links":{"self":[{"href":"https:\/\/minghanggroup.com\/es\/wp-json\/wp\/v2\/product\/4097","targetHints":{"allow":["GET"]}}],"collection":[{"href":"https:\/\/minghanggroup.com\/es\/wp-json\/wp\/v2\/product"}],"about":[{"href":"https:\/\/minghanggroup.com\/es\/wp-json\/wp\/v2\/types\/product"}],"wp:featuredmedia":[{"embeddable":true,"href":"https:\/\/minghanggroup.com\/es\/wp-json\/wp\/v2\/media\/4103"}],"wp:attachment":[{"href":"https:\/\/minghanggroup.com\/es\/wp-json\/wp\/v2\/media?parent=4097"}],"wp:term":[{"taxonomy":"product_brand","embeddable":true,"href":"https:\/\/minghanggroup.com\/es\/wp-json\/wp\/v2\/product_brand?post=4097"},{"taxonomy":"product_cat","embeddable":true,"href":"https:\/\/minghanggroup.com\/es\/wp-json\/wp\/v2\/product_cat?post=4097"},{"taxonomy":"product_tag","embeddable":true,"href":"https:\/\/minghanggroup.com\/es\/wp-json\/wp\/v2\/product_tag?post=4097"}],"curies":[{"name":"wp","href":"https:\/\/api.w.org\/{rel}","templated":true}]}}