{"id":4092,"date":"2025-12-26T11:58:18","date_gmt":"2025-12-26T03:58:18","guid":{"rendered":"https:\/\/minghanggroup.com\/?post_type=product&#038;p=4092"},"modified":"2025-12-26T16:58:40","modified_gmt":"2025-12-26T08:58:40","slug":"glass-round-perfume-bottle-with-marble-ball-lids-wholesale","status":"publish","type":"product","link":"https:\/\/minghanggroup.com\/es\/producto\/glass-round-perfume-bottle-with-marble-ball-lids-wholesale\/","title":{"rendered":"Botella de perfume redonda de vidrio de 30 ml, 50 ml y 100 ml con tapa de bola de m\u00e1rmol, venta al por mayor"},"content":{"rendered":"<p>Tu fragancia merece un empaque tan excepcional como tu aroma. Creamos soluciones para frascos de perfume redondos, dise\u00f1ados para el \u00e9xito en el empaquetado de fragancias, donde cada frasco con atomizador se convierte en el sello distintivo de tu marca.<\/p>\n<h2>Caracter\u00edsticas del producto<\/h2>\n<ol>\n<li><strong>Dise\u00f1o cil\u00edndrico elegante: <\/strong>Contamos con un frasco de perfume circular de l\u00edneas sencillas y elegantes y un tap\u00f3n con textura de m\u00e1rmol que le da un bonito aspecto de contraste.<\/li>\n<li><strong>Sistema de pulverizaci\u00f3n de precisi\u00f3n: <\/strong>La bomba incorporada es muy eficiente para brindar una fina niebla para una aplicaci\u00f3n de fragancia consistente, lo que hace que sus botellas rociadoras de fragancia sean m\u00e1s llamativas.<\/li>\n<li><strong>Construcci\u00f3n de base estable: <\/strong>El rendimiento de su frasco de perfume redondo est\u00e1 asegurado por el fondo engrosado que proporciona estabilidad, ya sea para exhibici\u00f3n o uso regular.<\/li>\n<\/ol>\n<h2>Especificaciones clave<\/h2>\n<table style=\"border-collapse: collapse; width: 80%; margin-left: auto; margin-right: auto;\" border=\"0\" width=\"360\" cellspacing=\"0\" cellpadding=\"0\">\n<tbody>\n<tr style=\"height: 13.50pt;\">\n<td style=\"height: 13.5pt; width: 54pt; text-align: center;\" width=\"72\" height=\"18\">Capacidad (ml)<\/td>\n<td style=\"width: 54pt; text-align: center;\" width=\"72\">Tama\u00f1o (mm)<\/td>\n<td style=\"width: 54pt; text-align: center;\" width=\"72\">Di\u00e1metro del cuello<\/td>\n<td style=\"width: 54pt; text-align: center;\" width=\"72\">Material<\/td>\n<td style=\"width: 54pt; text-align: center;\" width=\"72\">Opciones de color<\/td>\n<\/tr>\n<tr style=\"height: 13.50pt;\">\n<td style=\"height: 13.5pt; text-align: center;\" align=\"right\" height=\"18\">30<\/td>\n<td style=\"text-align: center;\">40 \u00d7 82<\/td>\n<td class=\"et2\" style=\"text-align: center;\" rowspan=\"3\">15 mm<\/td>\n<td class=\"et2\" style=\"text-align: center;\" rowspan=\"3\">vaso de cristal<\/td>\n<td class=\"et2\" style=\"text-align: center;\" rowspan=\"3\">Personalizable<\/td>\n<\/tr>\n<tr style=\"height: 13.50pt;\">\n<td style=\"height: 13.5pt; text-align: center;\" align=\"right\" height=\"18\">50<\/td>\n<td style=\"text-align: center;\">45 \u00d7 92<\/td>\n<\/tr>\n<tr style=\"height: 13.50pt;\">\n<td style=\"height: 13.5pt; text-align: center;\" align=\"right\" height=\"18\">100<\/td>\n<td style=\"text-align: center;\">53 \u00d7 110<\/td>\n<\/tr>\n<\/tbody>\n<\/table>\n<h2>Caso de \u00e9xito<\/h2>\n<p>Una empresa de perfumes eligi\u00f3 estos envases circulares en grandes cantidades para presentar su nueva fragancia distintiva. La empresa buscaba realzar el toque lujoso del producto y, al mismo tiempo, garantizar su seguridad y una distribuci\u00f3n eficiente. Los frascos con atomizador transparentes, combinados con un exclusivo tap\u00f3n redondo, son lo que realmente atrae a los clientes al revelar la pureza y el color del perfume, lo que mejora el reconocimiento de la marca y el atractivo en el estante. El mecanismo de pulverizaci\u00f3n incorporado proporciona una niebla fina y uniforme, que deleita al usuario y minimiza el desperdicio de producto.<\/p>\n<p>Tras el lanzamiento del producto y la promoci\u00f3n en el mercado, la empresa registr\u00f3 un aumento del 20% en las ventas de la l\u00ednea de fragancias en pocos meses.<\/p>\n<h2>Tus consejos de personalizaci\u00f3n<\/h2>\n<p>En cuanto a la personalizaci\u00f3n, los atomizadores cil\u00edndricos de fragancia de esta serie redonda se pueden ajustar para reflejar las preferencias de diversas marcas, modificando el acabado de la superficie del vidrio o incorporando logotipos personalizados mediante serigraf\u00eda o grabado. Las marcas tambi\u00e9n pueden seleccionar diferentes tipos de atomizadores y tapas para realzar el rendimiento y el atractivo del producto, haciendo que el envase de la fragancia no solo sea compatible con los requisitos de una dispensaci\u00f3n lujosa, elegante y f\u00e1cil de usar, sino tambi\u00e9n funcional y visualmente atractivo.<\/p>","protected":false},"excerpt":{"rendered":"<p>Frasco de perfume redondo de vidrio de primera calidad. Frascos con atomizador de fragancia directamente de f\u00e1brica, personalizaci\u00f3n al por mayor disponible, entrega r\u00e1pida.<\/p>","protected":false},"featured_media":4098,"template":"","meta":{"postBodyCss":"","postBodyMargin":[],"postBodyPadding":[],"postBodyBackground":{"backgroundType":"classic","gradient":""}},"product_brand":[],"product_cat":[15,16,62],"product_tag":[],"class_list":{"0":"post-4092","1":"product","2":"type-product","3":"status-publish","4":"has-post-thumbnail","6":"product_cat-glass-containers","7":"product_cat-glass-bottles","8":"product_cat-perfume-bottles","10":"first","11":"instock","12":"shipping-taxable","13":"product-type-simple"},"jetpack_sharing_enabled":true,"_links":{"self":[{"href":"https:\/\/minghanggroup.com\/es\/wp-json\/wp\/v2\/product\/4092","targetHints":{"allow":["GET"]}}],"collection":[{"href":"https:\/\/minghanggroup.com\/es\/wp-json\/wp\/v2\/product"}],"about":[{"href":"https:\/\/minghanggroup.com\/es\/wp-json\/wp\/v2\/types\/product"}],"wp:featuredmedia":[{"embeddable":true,"href":"https:\/\/minghanggroup.com\/es\/wp-json\/wp\/v2\/media\/4098"}],"wp:attachment":[{"href":"https:\/\/minghanggroup.com\/es\/wp-json\/wp\/v2\/media?parent=4092"}],"wp:term":[{"taxonomy":"product_brand","embeddable":true,"href":"https:\/\/minghanggroup.com\/es\/wp-json\/wp\/v2\/product_brand?post=4092"},{"taxonomy":"product_cat","embeddable":true,"href":"https:\/\/minghanggroup.com\/es\/wp-json\/wp\/v2\/product_cat?post=4092"},{"taxonomy":"product_tag","embeddable":true,"href":"https:\/\/minghanggroup.com\/es\/wp-json\/wp\/v2\/product_tag?post=4092"}],"curies":[{"name":"wp","href":"https:\/\/api.w.org\/{rel}","templated":true}]}}