{"id":4087,"date":"2025-12-26T10:40:12","date_gmt":"2025-12-26T02:40:12","guid":{"rendered":"https:\/\/minghanggroup.com\/?post_type=product&#038;p=4087"},"modified":"2026-04-14T10:04:14","modified_gmt":"2026-04-14T02:04:14","slug":"custom-glass-perfume-bottles-with-elegant-metal-lids-bulk","status":"publish","type":"product","link":"https:\/\/minghanggroup.com\/es\/producto\/custom-glass-perfume-bottles-with-elegant-metal-lids-bulk\/","title":{"rendered":"30ml 50ml 100ml Custom Glass Perfume Bottles with Metal Lids Bulk"},"content":{"rendered":"<p>Tu fragancia merece un empaque que diga mucho. Fabricamos frascos de perfume de vidrio dise\u00f1ados para el \u00e9xito en el empaque de fragancias, donde cada frasco de 50 ml se convierte en el sello distintivo de tu marca.<\/p>\n<h2>Caracter\u00edsticas del producto<\/h2>\n<ol>\n<li><strong>Dise\u00f1o minimalista moderno: <\/strong>El dise\u00f1o de nuestros frascos de perfume de cristal es muy simple y moderno, lo que es ideal para exhibir su aroma.<\/li>\n<li><strong>Material de cristal de primera calidad: <\/strong>Los materiales utilizados en la fabricaci\u00f3n de estos son de cristal de la m\u00e1s alta calidad, que es fuerte, puede resistir el calor y es perfecto para el almacenamiento de aceites esenciales o cualquier tipo de fragancia.<\/li>\n<li><strong>Varias opciones de tama\u00f1o: <\/strong>Puede elegir entre 30 ml, 50 ml y 100 ml para satisfacer sus necesidades personales de envasado de fragancias para diversas l\u00edneas de productos.<\/li>\n<\/ol>\n<h2>Especificaciones clave<\/h2>\n<table style=\"border-collapse: collapse; width: 80%; margin-left: auto; margin-right: auto;\" border=\"0\" width=\"432\" cellspacing=\"0\" cellpadding=\"0\">\n<tbody>\n<tr style=\"height: 13.50pt;\">\n<td style=\"height: 13.5pt; width: 54pt; text-align: center;\" width=\"72\" height=\"18\">Capacidad (ml)<\/td>\n<td style=\"width: 54pt; text-align: center;\" width=\"72\">Tama\u00f1o (mm)<\/td>\n<td style=\"width: 54pt; text-align: center;\" width=\"72\">Di\u00e1metro del cuello<\/td>\n<td style=\"width: 54pt; text-align: center;\" width=\"72\">Tipo de cierre<\/td>\n<td style=\"width: 54pt; text-align: center;\" width=\"72\">Material<\/td>\n<td style=\"width: 54pt; text-align: center;\" width=\"72\">Opciones de color<\/td>\n<\/tr>\n<tr style=\"height: 13.50pt;\">\n<td style=\"height: 13.5pt; text-align: center;\" align=\"right\" height=\"18\">30<\/td>\n<td style=\"text-align: center;\">32 x 98<\/td>\n<td class=\"et2\" style=\"text-align: center;\" rowspan=\"3\">18 mm<\/td>\n<td class=\"et2\" style=\"text-align: center;\" rowspan=\"3\">Bomba de cuello de rosca + pulverizador<\/td>\n<td class=\"et2\" style=\"text-align: center;\" rowspan=\"3\">vaso de cristal<\/td>\n<td class=\"et2\" style=\"text-align: center;\" rowspan=\"3\">Personalizable<\/td>\n<\/tr>\n<tr style=\"height: 13.50pt;\">\n<td style=\"height: 13.5pt; text-align: center;\" align=\"right\" height=\"18\">50<\/td>\n<td style=\"text-align: center;\">32 x 122<\/td>\n<\/tr>\n<tr style=\"height: 13.50pt;\">\n<td style=\"height: 13.5pt; text-align: center;\" align=\"right\" height=\"18\">100<\/td>\n<td style=\"text-align: center;\">40 x 167<\/td>\n<\/tr>\n<\/tbody>\n<\/table>\n<h2>Caso de \u00e9xito<\/h2>\n<p>Nuestros frascos de perfume de 50 ml fueron seleccionados por una marca de perfumes como envase para el lanzamiento de su nueva l\u00ednea de fragancias. La marca estableci\u00f3 est\u00e1ndares muy altos para el envase, enfoc\u00e1ndose especialmente en mejorar la imagen del producto y la experiencia del consumidor. La imagen de la marca se aline\u00f3 perfectamente con nuestro frasco de perfume, con su dise\u00f1o elegante y contempor\u00e1neo, vidrio transparente y un lujoso tap\u00f3n plateado. El dise\u00f1o de la boquilla del pulverizador facilit\u00f3 el uso, proporcionando una pulverizaci\u00f3n uniforme y simplificando su uso.<\/p>\n<p>Despu\u00e9s de s\u00f3lo tres meses de que la marca utiliza nuestros envases, las ventas de la l\u00ednea de perfumes de la marca han aumentado un 15% y las tasas de recompra tambi\u00e9n se han incrementado.<\/p>\n<h2>Tus consejos de personalizaci\u00f3n<\/h2>\n<p>Si personaliza este frasco de perfume de vidrio, tambi\u00e9n puede personalizar el dise\u00f1o para que represente el estilo \u00fanico de su empresa. El envase de vidrio transparente atrae la atenci\u00f3n por el color y la textura del perfume, mientras que la tapa met\u00e1lica puede elegirse en diferentes tonos, como el tradicional plateado, el elegante dorado o el moderno negro, lo que realza a\u00fan m\u00e1s su lujo. Para garantizar un uso f\u00e1cil y preciso, tambi\u00e9n puede personalizar la boquilla para garantizar una pulverizaci\u00f3n uniforme y precisa en todo momento.<\/p>\n<p>El frasco tambi\u00e9n se puede personalizar figurativamente con la historia de tu marca; una forma circular, rectangular o inusual comunicar\u00e1 la personalidad de tu marca. Adem\u00e1s, puedes incluir el logotipo o ilustrador exclusivo de tu marca en el frasco, haciendo que el producto sea m\u00e1s reconocible para los compradores y convirtiendo cada frasco de perfume en una obra maestra.<\/p>","protected":false},"excerpt":{"rendered":"<p>Discover the stylish glass perfume bottles, choose 30ml 100ml and 50ml perfume bottles for brands and wholesalers. Factory direct supply, bulk customization.<\/p>","protected":false},"featured_media":4091,"template":"","meta":{"postBodyCss":"","postBodyMargin":[],"postBodyPadding":[],"postBodyBackground":{"backgroundType":"classic","gradient":""}},"product_brand":[],"product_cat":[15,16,62],"product_tag":[111],"class_list":{"0":"post-4087","1":"product","2":"type-product","3":"status-publish","4":"has-post-thumbnail","6":"product_cat-glass-containers","7":"product_cat-glass-bottles","8":"product_cat-perfume-bottles","9":"product_tag-glass-mist-bottles","11":"first","12":"instock","13":"shipping-taxable","14":"product-type-simple"},"jetpack_sharing_enabled":true,"_links":{"self":[{"href":"https:\/\/minghanggroup.com\/es\/wp-json\/wp\/v2\/product\/4087","targetHints":{"allow":["GET"]}}],"collection":[{"href":"https:\/\/minghanggroup.com\/es\/wp-json\/wp\/v2\/product"}],"about":[{"href":"https:\/\/minghanggroup.com\/es\/wp-json\/wp\/v2\/types\/product"}],"wp:featuredmedia":[{"embeddable":true,"href":"https:\/\/minghanggroup.com\/es\/wp-json\/wp\/v2\/media\/4091"}],"wp:attachment":[{"href":"https:\/\/minghanggroup.com\/es\/wp-json\/wp\/v2\/media?parent=4087"}],"wp:term":[{"taxonomy":"product_brand","embeddable":true,"href":"https:\/\/minghanggroup.com\/es\/wp-json\/wp\/v2\/product_brand?post=4087"},{"taxonomy":"product_cat","embeddable":true,"href":"https:\/\/minghanggroup.com\/es\/wp-json\/wp\/v2\/product_cat?post=4087"},{"taxonomy":"product_tag","embeddable":true,"href":"https:\/\/minghanggroup.com\/es\/wp-json\/wp\/v2\/product_tag?post=4087"}],"curies":[{"name":"wp","href":"https:\/\/api.w.org\/{rel}","templated":true}]}}