{"id":4086,"date":"2025-12-25T17:56:05","date_gmt":"2025-12-25T09:56:05","guid":{"rendered":"https:\/\/minghanggroup.com\/?post_type=product&#038;p=4086"},"modified":"2025-12-26T11:17:07","modified_gmt":"2025-12-26T03:17:07","slug":"miniature-perfume-bottles-with-gold-spray-lids-bulk","status":"publish","type":"product","link":"https:\/\/minghanggroup.com\/es\/producto\/miniature-perfume-bottles-with-gold-spray-lids-bulk\/","title":{"rendered":"Botellas de perfume en miniatura de 2 ml, 3 ml, 5 ml y 10 ml con tapas de pulverizaci\u00f3n doradas al por mayor"},"content":{"rendered":"<p>Estos frascos de perfume en miniatura tienen un cuerpo liso y recto que tiene un vidrio transparente, en cuatro tama\u00f1os, que son los m\u00e1s adecuados para mostrar muestras de perfumes, perfumes de viaje o aerosoles de aceites esenciales.<\/p>\n<h2>Caracter\u00edsticas del producto<\/h2>\n<ul>\n<li><strong>M\u00faltiples tama\u00f1os mini:<\/strong> Hay cuatro alturas que se pueden utilizar para acomodar distintos vol\u00famenes de perfumes, aceites esenciales y otros productos.<\/li>\n<li><strong>Lujoso vaso de cristal transparente con tapa dorada:<\/strong> Todo el cuerpo de cristal transparente con una tapa de metal dorado es un reflejo claro del contenido, que es muy sofisticado y lujoso.<\/li>\n<li><strong>Dise\u00f1o simple de cilindro recto:<\/strong> Este es el dise\u00f1o de cilindro recto m\u00e1s simple cuyo dise\u00f1o permite un f\u00e1cil almacenamiento y transporte, lo que resulta muy conveniente cuando se viaja y se hacen retoques sobre la marcha.<\/li>\n<\/ul>\n<h2 style=\"text-align: left;\">Especificaciones clave<\/h2>\n<table class=\"aligncenter\" style=\"border-collapse: collapse; width: 482.27pt;\" border=\"0\" width=\"643\" cellspacing=\"0\" cellpadding=\"0\">\n<tbody>\n<tr style=\"height: 13.50pt;\">\n<td style=\"height: 13.50pt; width: 111.75pt;\" width=\"149\" height=\"18\">Especificaci\u00f3n<\/td>\n<td style=\"width: 370.50pt;\" width=\"494\">Detalles<\/td>\n<\/tr>\n<tr style=\"height: 13.50pt;\">\n<td style=\"height: 13.50pt;\" height=\"18\">Dimensiones (\u00d8 x Al)<\/td>\n<td>2 ml: 1,4 \u00d7 3 cm; 3ml: 1,4\u00d74cm; 5 ml: 1,4 \u00d7 5,5 cm; 10ml: 1,4\u00d710cm<\/td>\n<\/tr>\n<tr style=\"height: 13.50pt;\">\n<td style=\"height: 13.50pt;\" height=\"18\">Material<\/td>\n<td>Cuerpo de vidrio transparente, tapa de metal dorado<\/td>\n<\/tr>\n<tr style=\"height: 13.50pt;\">\n<td style=\"height: 13.50pt;\" height=\"18\">Forma de la botella<\/td>\n<td>Cilindro de pared recta<\/td>\n<\/tr>\n<tr style=\"height: 13.50pt;\">\n<td style=\"height: 13.50pt;\" height=\"18\">Caracter\u00edstica del material<\/td>\n<td>Durable, recargable, acabado premium<\/td>\n<\/tr>\n<tr style=\"height: 13.50pt;\">\n<td style=\"height: 13.50pt;\" height=\"18\">Ideal para<\/td>\n<td>Frascos de muestra de perfume, mini frascos de perfume<\/td>\n<\/tr>\n<\/tbody>\n<\/table>\n<h2>Historia de \u00e9xito<\/h2>\n<p>Nuestros frascos de muestra de perfume de 5 ml se utilizaron como envase est\u00e1ndar para todos los productos de una empresa de servicios de experiencia en perfumer\u00eda por suscripci\u00f3n. El dise\u00f1o tradicional recibi\u00f3 excelentes elogios, con un 95 % de comentarios positivos en las encuestas de los miembros. La imposibilidad de derramar el spray tambi\u00e9n proporcion\u00f3 un 99,9 % de \u00e9xito en los env\u00edos, incluso cuando los productos estaban casi rotos. Gracias a este \u00e9xito, la empresa encarg\u00f3 500\u00a0000 frascos adicionales para satisfacer la creciente demanda en un plazo de dos a\u00f1os.<\/p>\n<h2>Personalizaci\u00f3n de frascos de perfume en miniatura<\/h2>\n<ul>\n<li>Capuch\u00f3n met\u00e1lico personalizado: oro rosa, plata o negro con varios acabados PVD.<\/li>\n<li>Colores de las botellas de vidrio: \u00e1mbar, azul cobalto o verde (con protecci\u00f3n UV).<\/li>\n<li>Serigraf\u00eda sobre vidrio: implica imprimir su logotipo, el nombre de su perfume o el dise\u00f1o en el vidrio.<\/li>\n<li>Grabado l\u00e1ser: marque dise\u00f1os complejos, n\u00fameros de lote o monogramas en la superficie del vidrio.<\/li>\n<li>Pulverizadores personalizados: tenga boquillas de pulverizaci\u00f3n dise\u00f1adas para combinar con su marca.<\/li>\n<\/ul>","protected":false},"excerpt":{"rendered":"<p>Mini frascos de perfume y frascos de muestra de perfume en vidrio transparente con tapas de pulverizaci\u00f3n doradas. Env\u00edo r\u00e1pido disponible para muestras y viajes. Muestras gratuitas.<\/p>","protected":false},"featured_media":4096,"template":"","meta":{"postBodyCss":"","postBodyMargin":[],"postBodyPadding":[],"postBodyBackground":{"backgroundType":"classic","gradient":""}},"product_brand":[],"product_cat":[15,16,62],"product_tag":[],"class_list":{"0":"post-4086","1":"product","2":"type-product","3":"status-publish","4":"has-post-thumbnail","6":"product_cat-glass-containers","7":"product_cat-glass-bottles","8":"product_cat-perfume-bottles","10":"first","11":"instock","12":"shipping-taxable","13":"product-type-simple"},"jetpack_sharing_enabled":true,"_links":{"self":[{"href":"https:\/\/minghanggroup.com\/es\/wp-json\/wp\/v2\/product\/4086","targetHints":{"allow":["GET"]}}],"collection":[{"href":"https:\/\/minghanggroup.com\/es\/wp-json\/wp\/v2\/product"}],"about":[{"href":"https:\/\/minghanggroup.com\/es\/wp-json\/wp\/v2\/types\/product"}],"wp:featuredmedia":[{"embeddable":true,"href":"https:\/\/minghanggroup.com\/es\/wp-json\/wp\/v2\/media\/4096"}],"wp:attachment":[{"href":"https:\/\/minghanggroup.com\/es\/wp-json\/wp\/v2\/media?parent=4086"}],"wp:term":[{"taxonomy":"product_brand","embeddable":true,"href":"https:\/\/minghanggroup.com\/es\/wp-json\/wp\/v2\/product_brand?post=4086"},{"taxonomy":"product_cat","embeddable":true,"href":"https:\/\/minghanggroup.com\/es\/wp-json\/wp\/v2\/product_cat?post=4086"},{"taxonomy":"product_tag","embeddable":true,"href":"https:\/\/minghanggroup.com\/es\/wp-json\/wp\/v2\/product_tag?post=4086"}],"curies":[{"name":"wp","href":"https:\/\/api.w.org\/{rel}","templated":true}]}}