{"id":4076,"date":"2025-12-25T16:33:30","date_gmt":"2025-12-25T08:33:30","guid":{"rendered":"https:\/\/minghanggroup.com\/?post_type=product&#038;p=4076"},"modified":"2025-12-26T09:48:59","modified_gmt":"2025-12-26T01:48:59","slug":"small-refillable-perfume-bottles-bulk","status":"publish","type":"product","link":"https:\/\/minghanggroup.com\/es\/producto\/small-refillable-perfume-bottles-bulk\/","title":{"rendered":"Frascos de perfume peque\u00f1os recargables de 8 ml a granel"},"content":{"rendered":"<p>Este hermoso frasco de perfume recargable de 8 ml cuenta con un cuerpo cil\u00edndrico de vidrio transparente y una tapa met\u00e1lica brillante. Su llenado inferior facilita su recarga y su peque\u00f1o tama\u00f1o lo hace ideal para llevar en el bolso o el bolsillo, haci\u00e9ndolo elegante y f\u00e1cil de llevar.<\/p>\n<h2>Caracter\u00edsticas del producto<\/h2>\n<ul>\n<li><strong>Sistema de pulverizaci\u00f3n de niebla fina incorporado:<\/strong> Tiene una buena bomba rociadora que proporciona un rociado instant\u00e1neo y uniforme.<\/li>\n<li><strong>Dise\u00f1o de llenado superior:<\/strong> El mecanismo de llenado inferior es conveniente en el dise\u00f1o de la botella, ya que hace que sea m\u00e1s f\u00e1cil llenarla y reutilizarla se vuelve m\u00e1s f\u00e1cil.<\/li>\n<li><strong>Peque\u00f1o y ligero:<\/strong> Su tama\u00f1o de 8 ml y su forma de botella de larga duraci\u00f3n lo convierten en el mejor art\u00edculo para llevar contigo en un viaje, a una prueba o cuando simplemente lo llevas contigo.<\/li>\n<\/ul>\n<h2 style=\"text-align: left;\">Especificaciones clave<\/h2>\n<table class=\"aligncenter\" style=\"border-collapse: collapse; width: 405.02pt;\" border=\"0\" width=\"540\" cellspacing=\"0\" cellpadding=\"0\">\n<tbody>\n<tr style=\"height: 13.50pt;\">\n<td style=\"height: 13.50pt; width: 109.50pt;\" width=\"146\" height=\"18\">Especificaci\u00f3n<\/td>\n<td style=\"width: 295.50pt;\" width=\"394\">Detalles<\/td>\n<\/tr>\n<tr style=\"height: 13.50pt;\">\n<td style=\"height: 13.50pt;\" height=\"18\">Capacidad<\/td>\n<td>8 ml<\/td>\n<\/tr>\n<tr style=\"height: 13.50pt;\">\n<td style=\"height: 13.50pt;\" height=\"18\">Dimensiones (\u00d8 x Al)<\/td>\n<td>1,7 \u00d7 8,4 cm<\/td>\n<\/tr>\n<tr style=\"height: 13.50pt;\">\n<td style=\"height: 13.50pt;\" height=\"18\">Material<\/td>\n<td>Cuerpo de vidrio transparente, tapa de metal<\/td>\n<\/tr>\n<tr style=\"height: 13.50pt;\">\n<td style=\"height: 13.50pt;\" height=\"18\">Caracter\u00edstica del material<\/td>\n<td>Durable, recargable, acabado premium<\/td>\n<\/tr>\n<tr style=\"height: 13.50pt;\">\n<td style=\"height: 13.50pt;\" height=\"18\">Ideal para<\/td>\n<td>Frascos de perfume recargables, frascos de perfume peque\u00f1os<\/td>\n<\/tr>\n<\/tbody>\n<\/table>\n<h2>Historia de \u00e9xito: Un programa de fidelizaci\u00f3n de marcas de fragancias<\/h2>\n<p>Nuestros frascos de perfume recargables de 8 ml fueron pedidos por una marca de fragancias directa al consumidor. El formato recargable ha sido un \u00e9xito, ya que tres cuartas partes de los clientes compraron las recargas m\u00e1s econ\u00f3micas en lugar de frascos nuevos, lo que aument\u00f3 el valor de vida del cliente en un 40 %. El mecanismo es f\u00e1cil de usar y permite rellenar el frasco inferior sin derrames, lo que significa que el 95 % de quienes lo usan pueden llenarlo f\u00e1cilmente. Esta marca qued\u00f3 tan satisfecha que posteriormente encarg\u00f3 otras 180\u00a0000 botellas para ampliar el programa.<\/p>\n<h2>Personalizaci\u00f3n de frascos de perfume peque\u00f1os<\/h2>\n<ul>\n<li>Elecci\u00f3n del color de las botellas de vidrio: opciones de color de vidrio, que incluyen \u00e1mbar, verde o transparente esmerilado.<\/li>\n<li>Serigraf\u00eda sobre vidrio: el logotipo o dise\u00f1o se imprime en la superficie del vidrio.<\/li>\n<li>Grabado l\u00e1ser: obtenga una apariencia de alta gama grabando dise\u00f1os o escribiendo sobre vidrio.<\/li>\n<li>Pulverizador personalizado: desarrolle formas o colores distintivos de los pulverizadores.<\/li>\n<\/ul>","protected":false},"excerpt":{"rendered":"<p>Descubra los peque\u00f1os frascos de perfume con dise\u00f1o de cintura curva y tapas met\u00e1licas. Este frasco de perfume recargable es muy port\u00e1til. \u00a1Solicite muestras gratis hoy mismo!<\/p>","protected":false},"featured_media":4079,"template":"","meta":{"postBodyCss":"","postBodyMargin":[],"postBodyPadding":[],"postBodyBackground":{"backgroundType":"classic","gradient":""}},"product_brand":[],"product_cat":[15,16,62],"product_tag":[],"class_list":{"0":"post-4076","1":"product","2":"type-product","3":"status-publish","4":"has-post-thumbnail","6":"product_cat-glass-containers","7":"product_cat-glass-bottles","8":"product_cat-perfume-bottles","10":"first","11":"instock","12":"shipping-taxable","13":"product-type-simple"},"jetpack_sharing_enabled":true,"_links":{"self":[{"href":"https:\/\/minghanggroup.com\/es\/wp-json\/wp\/v2\/product\/4076","targetHints":{"allow":["GET"]}}],"collection":[{"href":"https:\/\/minghanggroup.com\/es\/wp-json\/wp\/v2\/product"}],"about":[{"href":"https:\/\/minghanggroup.com\/es\/wp-json\/wp\/v2\/types\/product"}],"wp:featuredmedia":[{"embeddable":true,"href":"https:\/\/minghanggroup.com\/es\/wp-json\/wp\/v2\/media\/4079"}],"wp:attachment":[{"href":"https:\/\/minghanggroup.com\/es\/wp-json\/wp\/v2\/media?parent=4076"}],"wp:term":[{"taxonomy":"product_brand","embeddable":true,"href":"https:\/\/minghanggroup.com\/es\/wp-json\/wp\/v2\/product_brand?post=4076"},{"taxonomy":"product_cat","embeddable":true,"href":"https:\/\/minghanggroup.com\/es\/wp-json\/wp\/v2\/product_cat?post=4076"},{"taxonomy":"product_tag","embeddable":true,"href":"https:\/\/minghanggroup.com\/es\/wp-json\/wp\/v2\/product_tag?post=4076"}],"curies":[{"name":"wp","href":"https:\/\/api.w.org\/{rel}","templated":true}]}}