{"id":4071,"date":"2025-12-25T16:49:20","date_gmt":"2025-12-25T08:49:20","guid":{"rendered":"https:\/\/minghanggroup.com\/?post_type=product&#038;p=4071"},"modified":"2025-12-25T17:13:24","modified_gmt":"2025-12-25T09:13:24","slug":"100ml-perfume-bottles-with-spray-lids-bulk","status":"publish","type":"product","link":"https:\/\/minghanggroup.com\/es\/producto\/100ml-perfume-bottles-with-spray-lids-bulk\/","title":{"rendered":"Botellas de perfume de 30 ml, 50 ml y 100 ml con tapas de pulverizaci\u00f3n al por mayor"},"content":{"rendered":"<p>Tu fragancia merece brillar con m\u00e1s intensidad. Dise\u00f1amos frascos de perfume de 100 ml para mayoristas, donde cada pedido al por mayor se convierte en el sello distintivo de tu marca.<\/p>\n<h2>Caracter\u00edsticas del producto<\/h2>\n<ol>\n<li><strong>Boquilla de pulverizaci\u00f3n: <\/strong>La boquilla rociadora integrada es lo que hace que el perfume se distribuya uniformemente en cuesti\u00f3n de unos segundos, por lo que el usuario tambi\u00e9n puede controlar f\u00e1cilmente la cantidad de perfume utilizado y se produce menos desperdicio.<\/li>\n<li><strong>Apariencia simple y moderna: <\/strong>El dise\u00f1o cil\u00edndrico minimalista puede ser una soluci\u00f3n perfecta para cualquier marca de perfumes, luciendo elegante y con clase cuando se exhibe.<\/li>\n<li><strong>Dise\u00f1o a prueba de fugas: <\/strong>La abertura de la botella herm\u00e9ticamente sellada junto con una tapa de primera calidad, son los principales factores que evitan las fugas de l\u00edquido y, al mismo tiempo, garantizan la conservaci\u00f3n del perfume durante mucho tiempo.<\/li>\n<\/ol>\n<h2>Especificaciones clave<\/h2>\n<table style=\"border-collapse: collapse; width: 80%; margin-left: auto; margin-right: auto;\" border=\"0\" width=\"360\" cellspacing=\"0\" cellpadding=\"0\">\n<tbody>\n<tr style=\"height: 13.50pt;\">\n<td style=\"height: 13.5pt; width: 54pt; text-align: center;\" width=\"72\" height=\"18\">Capacidad (ml)<\/td>\n<td style=\"width: 54pt; text-align: center;\" width=\"72\">Tama\u00f1o (mm)<\/td>\n<td style=\"width: 54pt; text-align: center;\" width=\"72\">M\u00e9todo de sellado<\/td>\n<td style=\"width: 54pt; text-align: center;\" width=\"72\">Material<\/td>\n<td style=\"width: 54pt; text-align: center;\" width=\"72\">Opciones de color<\/td>\n<\/tr>\n<tr style=\"height: 13.50pt;\">\n<td style=\"height: 13.5pt; text-align: center;\" align=\"right\" height=\"18\">30<\/td>\n<td style=\"text-align: center;\">36*72<\/td>\n<td class=\"et2\" style=\"text-align: center;\" rowspan=\"3\">Cuello de engarce + pulverizador<\/td>\n<td class=\"et2\" style=\"text-align: center;\" rowspan=\"3\">vaso de cristal<\/td>\n<td class=\"et2\" style=\"text-align: center;\" rowspan=\"3\">Personalizable<\/td>\n<\/tr>\n<tr style=\"height: 13.50pt;\">\n<td style=\"height: 13.5pt; text-align: center;\" align=\"right\" height=\"18\">50<\/td>\n<td style=\"text-align: center;\">43.5*85<\/td>\n<\/tr>\n<tr style=\"height: 13.50pt;\">\n<td style=\"height: 13.5pt; text-align: center;\" align=\"right\" height=\"18\">100<\/td>\n<td style=\"text-align: center;\">51.4*100<\/td>\n<\/tr>\n<\/tbody>\n<\/table>\n<h2>Caso de \u00e9xito<\/h2>\n<p>Una marca de perfumes decidi\u00f3 usar estos frascos de perfume de 100 ml a granel para envasar su nueva l\u00ednea de fragancias. La marca busca mejorar la experiencia premium del producto con un dise\u00f1o impactante, a la vez que optimiza el almacenamiento y la entrega de los perfumes. La combinaci\u00f3n del frasco de vidrio transparente con el tap\u00f3n negro revela el color y el brillo del perfume, lo que realza el atractivo del envase. La disposici\u00f3n de la boquilla en el frasco facilita la distribuci\u00f3n del perfume y evita el desperdicio.<\/p>\n<p>Despu\u00e9s de unos meses de promoci\u00f3n en el mercado, la marca experiment\u00f3 un aumento del 20% en las ventas de esta l\u00ednea de fragancias.<\/p>\n<h2>Tus consejos de personalizaci\u00f3n<\/h2>\n<p>Al modificar este envase de perfume, puede seleccionar alternativas personalizadas que se ajusten al posicionamiento de su marca y a las caracter\u00edsticas de su producto. Para empezar, el frasco puede ser de vidrio transparente para mostrar el color y la textura del perfume, realzando as\u00ed su aspecto.<\/p>\n<p>Si desea un frasco de perfume con un estilo m\u00e1s propio, puede personalizar el logotipo, el estampado o la etiqueta de la marca para crear coherencia con su imagen. El dise\u00f1o del tap\u00f3n tambi\u00e9n es un aspecto importante de la personalizaci\u00f3n; puede optar por uno negro, dorado o plateado, o uno de madera con un aspecto m\u00e1s natural para satisfacer las diferentes necesidades y estilos del mercado.<\/p>","protected":false},"excerpt":{"rendered":"<p>Elegante frasco de perfume de 100 ml con tap\u00f3n negro, ideal para fragancias. Perfecto para pedidos al por mayor de frascos de perfume con muestras gratuitas y personalizaci\u00f3n directa de f\u00e1brica.<\/p>","protected":false},"featured_media":4084,"template":"","meta":{"postBodyCss":"","postBodyMargin":[],"postBodyPadding":[],"postBodyBackground":{"backgroundType":"classic","gradient":""}},"product_brand":[],"product_cat":[15,16,62],"product_tag":[],"class_list":{"0":"post-4071","1":"product","2":"type-product","3":"status-publish","4":"has-post-thumbnail","6":"product_cat-glass-containers","7":"product_cat-glass-bottles","8":"product_cat-perfume-bottles","10":"first","11":"instock","12":"shipping-taxable","13":"product-type-simple"},"jetpack_sharing_enabled":true,"_links":{"self":[{"href":"https:\/\/minghanggroup.com\/es\/wp-json\/wp\/v2\/product\/4071","targetHints":{"allow":["GET"]}}],"collection":[{"href":"https:\/\/minghanggroup.com\/es\/wp-json\/wp\/v2\/product"}],"about":[{"href":"https:\/\/minghanggroup.com\/es\/wp-json\/wp\/v2\/types\/product"}],"wp:featuredmedia":[{"embeddable":true,"href":"https:\/\/minghanggroup.com\/es\/wp-json\/wp\/v2\/media\/4084"}],"wp:attachment":[{"href":"https:\/\/minghanggroup.com\/es\/wp-json\/wp\/v2\/media?parent=4071"}],"wp:term":[{"taxonomy":"product_brand","embeddable":true,"href":"https:\/\/minghanggroup.com\/es\/wp-json\/wp\/v2\/product_brand?post=4071"},{"taxonomy":"product_cat","embeddable":true,"href":"https:\/\/minghanggroup.com\/es\/wp-json\/wp\/v2\/product_cat?post=4071"},{"taxonomy":"product_tag","embeddable":true,"href":"https:\/\/minghanggroup.com\/es\/wp-json\/wp\/v2\/product_tag?post=4071"}],"curies":[{"name":"wp","href":"https:\/\/api.w.org\/{rel}","templated":true}]}}