{"id":4067,"date":"2025-12-25T15:10:01","date_gmt":"2025-12-25T07:10:01","guid":{"rendered":"https:\/\/minghanggroup.com\/?post_type=product&#038;p=4067"},"modified":"2025-12-25T17:16:54","modified_gmt":"2025-12-25T09:16:54","slug":"mini-capsule-travel-perfume-bottles-bulk","status":"publish","type":"product","link":"https:\/\/minghanggroup.com\/es\/producto\/mini-capsule-travel-perfume-bottles-bulk\/","title":{"rendered":"Minic\u00e1psulas de perfume de viaje de 5 ml a granel"},"content":{"rendered":"<p>Estos mini frascos de perfume tienen forma de c\u00e1psula lisa y redondeada, con un acabado met\u00e1lico brillante. Tienen una capacidad de 5 ml, por lo que son peque\u00f1os y port\u00e1tiles, ya que caben f\u00e1cilmente en un bolso, cartera o incluso en un bolsillo.<\/p>\n<h2>Caracter\u00edsticas del producto<\/h2>\n<ul>\n<li><strong>Mini portabilidad de 5 ml:<\/strong> Su capacidad de 5 ml y la forma de la c\u00e1psula hacen que quepan en un bolsillo o bolso, y son perfectas para usar a diario para afrontar cualquier retoque.<\/li>\n<li><strong>Varios colores met\u00e1licos:<\/strong> Junto con eso, podemos ver diferentes colores met\u00e1licos como el morado, el negro y muchos otros que no solo son visualmente m\u00e1s sofisticados sino que tambi\u00e9n satisfacen diferentes gustos de moda.<\/li>\n<li><strong>Forma de c\u00e1psula redondeada:<\/strong> La forma redondeada de la c\u00e1psula hace que el producto sea c\u00f3modo de usar y a\u00fan conserva un aspecto refinado y minimalista.<\/li>\n<\/ul>\n<h2 style=\"text-align: left;\">Especificaciones clave<\/h2>\n<table class=\"aligncenter\" style=\"border-collapse: collapse; width: 485.27pt;\" border=\"0\" width=\"647\" cellspacing=\"0\" cellpadding=\"0\">\n<tbody>\n<tr style=\"height: 13.50pt;\">\n<td style=\"height: 13.50pt; width: 109.50pt;\" width=\"146\" height=\"18\">Especificaci\u00f3n<\/td>\n<td style=\"width: 375.75pt;\" width=\"501\">Detalles<\/td>\n<\/tr>\n<tr style=\"height: 13.50pt;\">\n<td style=\"height: 13.50pt;\" height=\"18\">Capacidad<\/td>\n<td>5 ml<\/td>\n<\/tr>\n<tr style=\"height: 13.50pt;\">\n<td style=\"height: 13.50pt;\" height=\"18\">Dimensiones (\u00d8 x Al)<\/td>\n<td>1,7\u00d77,5 cm<\/td>\n<\/tr>\n<tr style=\"height: 13.50pt;\">\n<td style=\"height: 13.50pt;\" height=\"18\">Material<\/td>\n<td>Vial interior de vidrio, carcasa exterior de metal<\/td>\n<\/tr>\n<tr style=\"height: 13.50pt;\">\n<td style=\"height: 13.50pt;\" height=\"18\">Forma de la botella<\/td>\n<td>C\u00e1psula redondeada<\/td>\n<\/tr>\n<tr style=\"height: 13.50pt;\">\n<td style=\"height: 13.50pt;\" height=\"18\">Ideal para<\/td>\n<td>Muestras de fragancias, mini frascos de perfume, frascos de perfume de viaje<\/td>\n<\/tr>\n<\/tbody>\n<\/table>\n<h2>Historia de \u00e9xito: El set de descubrimiento de un perfumista de nicho<\/h2>\n<p>Nuestros mini frascos de perfume de 5 ml fueron pedidos por un fabricante australiano de perfumes. Cada fragancia se present\u00f3 en mini frascos met\u00e1licos de varios colores. El tama\u00f1o peque\u00f1o tambi\u00e9n increment\u00f3 las ventas en un 40 % al comprar productos para viajes impulsivos. Esta colecci\u00f3n de perfumes fue un \u00e9xito de ventas, y el 60 % de los nuevos clientes adquirieron este set. Tras este \u00e9xito, el fabricante de perfumes encarg\u00f3 otra ronda de 150\u00a0000 frascos para presentar la nueva colecci\u00f3n.<\/p>\n<h2>Frascos de perfume de viaje personalizables<\/h2>\n<ul>\n<li>Color de metal personalizado: utilice el mismo revestimiento PVD en la carcasa de metal con los colores de su marca.<\/li>\n<li>Grabado l\u00e1ser en carcasa: estampe su logotipo, dise\u00f1o o nombre de perfume en la superficie del metal.<\/li>\n<li>Forma de ventana personalizada: elija el contorno de la ventana transparente (por ejemplo, \u00f3valo, l\u00e1grima).<\/li>\n<li>Anillo antideslizante texturizado: se proporciona un anillo texturizado delgado en la tapa de metal desde donde se obtiene un mejor agarre.<\/li>\n<\/ul>","protected":false},"excerpt":{"rendered":"<p>Descubre los mini frascos de perfume con un elegante anillo plateado. Este frasco de perfume de viaje de 5 ml est\u00e1 disponible en rosa, dorado y m\u00e1s. Env\u00edo r\u00e1pido disponible en todos los colores.<\/p>","protected":false},"featured_media":4074,"template":"","meta":{"postBodyCss":"","postBodyMargin":[],"postBodyPadding":[],"postBodyBackground":{"backgroundType":"classic","gradient":""}},"product_brand":[],"product_cat":[15,16,62],"product_tag":[],"class_list":{"0":"post-4067","1":"product","2":"type-product","3":"status-publish","4":"has-post-thumbnail","6":"product_cat-glass-containers","7":"product_cat-glass-bottles","8":"product_cat-perfume-bottles","10":"first","11":"instock","12":"shipping-taxable","13":"product-type-simple"},"jetpack_sharing_enabled":true,"_links":{"self":[{"href":"https:\/\/minghanggroup.com\/es\/wp-json\/wp\/v2\/product\/4067","targetHints":{"allow":["GET"]}}],"collection":[{"href":"https:\/\/minghanggroup.com\/es\/wp-json\/wp\/v2\/product"}],"about":[{"href":"https:\/\/minghanggroup.com\/es\/wp-json\/wp\/v2\/types\/product"}],"wp:featuredmedia":[{"embeddable":true,"href":"https:\/\/minghanggroup.com\/es\/wp-json\/wp\/v2\/media\/4074"}],"wp:attachment":[{"href":"https:\/\/minghanggroup.com\/es\/wp-json\/wp\/v2\/media?parent=4067"}],"wp:term":[{"taxonomy":"product_brand","embeddable":true,"href":"https:\/\/minghanggroup.com\/es\/wp-json\/wp\/v2\/product_brand?post=4067"},{"taxonomy":"product_cat","embeddable":true,"href":"https:\/\/minghanggroup.com\/es\/wp-json\/wp\/v2\/product_cat?post=4067"},{"taxonomy":"product_tag","embeddable":true,"href":"https:\/\/minghanggroup.com\/es\/wp-json\/wp\/v2\/product_tag?post=4067"}],"curies":[{"name":"wp","href":"https:\/\/api.w.org\/{rel}","templated":true}]}}