{"id":4061,"date":"2025-12-25T15:35:19","date_gmt":"2025-12-25T07:35:19","guid":{"rendered":"https:\/\/minghanggroup.com\/?post_type=product&#038;p=4061"},"modified":"2025-12-25T17:08:46","modified_gmt":"2025-12-25T09:08:46","slug":"empty-perfume-bottles-with-lids-wholesale","status":"publish","type":"product","link":"https:\/\/minghanggroup.com\/es\/producto\/empty-perfume-bottles-with-lids-wholesale\/","title":{"rendered":"Botellas de perfume vac\u00edas de 50 ml y 100 ml con tapa al por mayor"},"content":{"rendered":"<p>Mereces un empaque premium que haga brillar tu fragancia. Creamos frascos de perfume vac\u00edos dise\u00f1ados para el \u00e9xito en el empaque de fragancias, donde cada frasco de 50 ml realza la historia de tu producto.<\/p>\n<h2>Caracter\u00edsticas del producto<\/h2>\n<ul>\n<li><strong>Dise\u00f1o moderno y elegante: <\/strong>Hemos dise\u00f1ado nuestras botellas de cristal para que sean visualmente atractivas con un aspecto moderno y actual que es una presentaci\u00f3n ideal para su fragancia.<\/li>\n<li><strong>Sistema de pulverizaci\u00f3n de precisi\u00f3n: <\/strong>El pulverizador incluido siempre es eficaz para proporcionar una fina niebla para su lujosa aplicaci\u00f3n.<\/li>\n<li><strong>Material de cristal de primera calidad: <\/strong>Al utilizar cristal de primera calidad, el producto no solo es resistente sino que tambi\u00e9n combina perfectamente con su fragancia de lujo.<\/li>\n<li><strong>M\u00faltiples opciones de capacidad: <\/strong>Este dise\u00f1o se ofrece en variantes de 50 ml y 100 ml para adaptarse a sus necesidades espec\u00edficas de envasado de fragancias.<\/li>\n<\/ul>\n<h2>Especificaciones clave<\/h2>\n<table style=\"border-collapse: collapse; width: 80%; margin-left: auto; margin-right: auto;\" border=\"0\" width=\"360\" cellspacing=\"0\" cellpadding=\"0\">\n<tbody>\n<tr style=\"height: 13.50pt;\">\n<td style=\"height: 13.5pt; width: 54pt; text-align: center;\" width=\"72\" height=\"18\">Capacidad (ml)<\/td>\n<td style=\"width: 54pt; text-align: center;\" width=\"72\">Tama\u00f1o (mm)<\/td>\n<td style=\"width: 54pt; text-align: center;\" width=\"72\">Di\u00e1metro del cuello<\/td>\n<td style=\"width: 54pt; text-align: center;\" width=\"72\">M\u00e9todo de sellado<\/td>\n<td style=\"width: 54pt; text-align: center;\" width=\"72\">Material<\/td>\n<\/tr>\n<tr style=\"height: 13.50pt;\">\n<td style=\"height: 13.5pt; text-align: center;\" align=\"right\" height=\"18\">50<\/td>\n<td style=\"text-align: center;\">37 * 98<\/td>\n<td class=\"et2\" style=\"text-align: center;\" rowspan=\"3\">15 mm<\/td>\n<td class=\"et2\" style=\"text-align: center;\" rowspan=\"3\">Cuello de engarce + pulverizador<\/td>\n<td class=\"et2\" style=\"text-align: center;\" rowspan=\"3\">vaso de cristal<\/td>\n<\/tr>\n<tr style=\"height: 13.50pt;\">\n<td style=\"height: 13.5pt; text-align: center;\" align=\"right\" height=\"18\">50<\/td>\n<td style=\"text-align: center;\">32 * 137<\/td>\n<\/tr>\n<tr style=\"height: 13.50pt;\">\n<td style=\"height: 13.5pt; text-align: center;\" align=\"right\" height=\"18\">100<\/td>\n<td style=\"text-align: center;\">39 * 159<\/td>\n<\/tr>\n<\/tbody>\n<\/table>\n<h2>Caso de \u00e9xito<\/h2>\n<p>Una marca de lujo eligi\u00f3 este frasco de perfume de 50 ml como envase para su nueva colecci\u00f3n de fragancias. La marca busca transmitir una imagen de marca elegante y de alta gama mediante un dise\u00f1o sofisticado y moderno. El frasco, de cristal transparente y tap\u00f3n negro, presenta un dise\u00f1o sencillo pero elegante que realza a la perfecci\u00f3n la calidad y el encanto del perfume.<\/p>\n<p>Despu\u00e9s de cambiar a este frasco de perfume dise\u00f1ado a medida, las ventas de perfumes de la marca aumentaron significativamente, aumentando un 30% dentro de los tres meses posteriores al lanzamiento del producto.<\/p>\n<h2>Tus consejos de personalizaci\u00f3n<\/h2>\n<p>Tienes muchas opciones cuando quieres hacer que esta botella de perfume de 50 ml sea especial.:Puedes elegir lo que funcione mejor para tu marca y el tipo de producto que est\u00e1s vendiendo;La botella puede estar hecha de buen vidrio a trav\u00e9s del cual puedas ver para que la gente pueda ver el color y la textura del perfume.;Y puedes cambiar la tapa de la botella seg\u00fan tus necesidades.La tapa de madera parece natural y cara, los materiales de metal o pl\u00e1stico parecen m\u00e1s modernos;Tambi\u00e9n puedes personalizar la botella de perfume con el logotipo o patr\u00f3n de tu marca para mejorar la identidad de la marca.Aplicaci\u00f3n de perfume.<\/p>","protected":false},"excerpt":{"rendered":"<p>Frascos de perfume vac\u00edos de 50 ml y 100 ml con tap\u00f3n negro, ideales para perfumes o cosm\u00e9ticos. Disponibles para pedidos al por mayor, con muestras gratuitas y opciones de personalizaci\u00f3n.<\/p>","protected":false},"featured_media":4066,"template":"","meta":{"postBodyCss":"","postBodyMargin":[],"postBodyPadding":[],"postBodyBackground":{"backgroundType":"classic","gradient":""}},"product_brand":[],"product_cat":[15,16,62],"product_tag":[],"class_list":{"0":"post-4061","1":"product","2":"type-product","3":"status-publish","4":"has-post-thumbnail","6":"product_cat-glass-containers","7":"product_cat-glass-bottles","8":"product_cat-perfume-bottles","10":"first","11":"instock","12":"shipping-taxable","13":"product-type-simple"},"jetpack_sharing_enabled":true,"_links":{"self":[{"href":"https:\/\/minghanggroup.com\/es\/wp-json\/wp\/v2\/product\/4061","targetHints":{"allow":["GET"]}}],"collection":[{"href":"https:\/\/minghanggroup.com\/es\/wp-json\/wp\/v2\/product"}],"about":[{"href":"https:\/\/minghanggroup.com\/es\/wp-json\/wp\/v2\/types\/product"}],"wp:featuredmedia":[{"embeddable":true,"href":"https:\/\/minghanggroup.com\/es\/wp-json\/wp\/v2\/media\/4066"}],"wp:attachment":[{"href":"https:\/\/minghanggroup.com\/es\/wp-json\/wp\/v2\/media?parent=4061"}],"wp:term":[{"taxonomy":"product_brand","embeddable":true,"href":"https:\/\/minghanggroup.com\/es\/wp-json\/wp\/v2\/product_brand?post=4061"},{"taxonomy":"product_cat","embeddable":true,"href":"https:\/\/minghanggroup.com\/es\/wp-json\/wp\/v2\/product_cat?post=4061"},{"taxonomy":"product_tag","embeddable":true,"href":"https:\/\/minghanggroup.com\/es\/wp-json\/wp\/v2\/product_tag?post=4061"}],"curies":[{"name":"wp","href":"https:\/\/api.w.org\/{rel}","templated":true}]}}