{"id":4060,"date":"2025-12-25T13:58:00","date_gmt":"2025-12-25T05:58:00","guid":{"rendered":"https:\/\/minghanggroup.com\/?post_type=product&#038;p=4060"},"modified":"2025-12-25T18:03:36","modified_gmt":"2025-12-25T10:03:36","slug":"2-in-1-clear-glass-spray-and-rollerball-bottles-bulk","status":"publish","type":"product","link":"https:\/\/minghanggroup.com\/es\/producto\/2-in-1-clear-glass-spray-and-rollerball-bottles-bulk\/","title":{"rendered":"Botellas de vidrio transparente 2 en 1 de 10 ml con pulverizador y bola rodante, a granel"},"content":{"rendered":"<p>Es un frasco de perfume multifuncional 2 en 1 que es la mejor combinaci\u00f3n de un frasco rociador de vidrio con un frasco roll-on m\u00e1s una conveniente capacidad de 10 ml.<\/p>\n<h2>Caracter\u00edsticas del producto<\/h2>\n<ul>\n<li><strong>Dise\u00f1o de doble prop\u00f3sito:<\/strong> El otro extremo es una botella con forma de roll-on (apta para usar en aplicaciones localizadas) y el otro es una botella rociadora conmutable (apta para usar en pulverizaciones de \u00e1reas grandes), que cumple con los requisitos de varios casos de uso.<\/li>\n<li><strong>Cuerpo de botella transparente:<\/strong> Esta est\u00e1 hecha completamente de vidrio transparente, por lo que es f\u00e1cil ver la cantidad de caf\u00e9 que queda sin necesidad de abrir la parte superior de la botella, por lo que es f\u00e1cil rellenarla cuando lo desees.<\/li>\n<li><strong>Marco elegante y compacto:<\/strong> Su forma mini y recta es f\u00e1cil de transportar y cabe perfectamente en un bolso, lo que lo convierte en la opci\u00f3n perfecta para retocar la fragancia a diario.<\/li>\n<\/ul>\n<h2 style=\"text-align: left;\">Especificaciones clave<\/h2>\n<table class=\"aligncenter\" style=\"border-collapse: collapse; width: 500.27pt;\" border=\"0\" width=\"667\" cellspacing=\"0\" cellpadding=\"0\">\n<tbody>\n<tr style=\"height: 13.50pt;\">\n<td style=\"height: 13.50pt; width: 116.25pt;\" width=\"155\" height=\"18\">Especificaci\u00f3n<\/td>\n<td style=\"width: 384.00pt;\" width=\"512\">Detalles<\/td>\n<\/tr>\n<tr style=\"height: 13.50pt;\">\n<td style=\"height: 13.50pt;\" height=\"18\">Capacidad<\/td>\n<td>10ml<\/td>\n<\/tr>\n<tr style=\"height: 13.50pt;\">\n<td style=\"height: 13.50pt;\" height=\"18\">Dimensiones (\u00d8 x Al)<\/td>\n<td>1.8\u00d710.3cm<\/td>\n<\/tr>\n<tr style=\"height: 13.50pt;\">\n<td style=\"height: 13.50pt;\" height=\"18\">Material<\/td>\n<td>Clear Glass Body, Metal Lids<\/td>\n<\/tr>\n<tr style=\"height: 13.50pt;\">\n<td style=\"height: 13.50pt;\" height=\"18\">Forma de la botella<\/td>\n<td>Cilindro de pared recta<\/td>\n<\/tr>\n<tr style=\"height: 13.50pt;\">\n<td style=\"height: 13.50pt;\" height=\"18\">Tipo de cierre<\/td>\n<td>2 en 1: Rollerball y bomba de pulverizaci\u00f3n intercambiable<\/td>\n<\/tr>\n<tr style=\"height: 13.50pt;\">\n<td style=\"height: 13.50pt;\" height=\"18\">Caracter\u00edstica del material<\/td>\n<td>Vidrio resistente a productos qu\u00edmicos, componentes met\u00e1licos duraderos<\/td>\n<\/tr>\n<tr style=\"height: 13.50pt;\">\n<td style=\"height: 13.50pt;\" height=\"18\">Ideal para<\/td>\n<td>Botellas de vidrio con atomizador, botellas con bola rodante, botellas de perfume personalizadas<\/td>\n<\/tr>\n<\/tbody>\n<\/table>\n<h2>Historia de \u00e9xito: Un kit de prueba revolucionario de una marca de perfumes<\/h2>\n<p>Una empresa de perfumes de consumo directo present\u00f3 un paquete de prueba llamado Descubre Tu Fragancia Personal. Probaron nuestras botellas de vidrio con atomizador 2 en 1 de 10 ml, y el dise\u00f1o de doble extremo fue todo un \u00e9xito: el 94 % de los usuarios aprovech\u00f3 las funciones de roll-on y atomizador simult\u00e1neamente, lo que mejor\u00f3 su interacci\u00f3n. El cuerpo de vidrio muestra f\u00e1cilmente la capacidad de 10 ml de cada botella, lo que aument\u00f3 la confianza y redujo en un 99 % las quejas por botellas vac\u00edas. La marca qued\u00f3 muy satisfecha y encarg\u00f3 m\u00e1s de 300\u00a0000 botellas para crear una nueva l\u00ednea del producto.<\/p>\n<h2>Opciones de personalizaci\u00f3n de botellas con pulverizador y rollerball<\/h2>\n<ul>\n<li>Botellas de vidrio de color, \u00e1mbar, azul cobalto o verde (protecci\u00f3n UV).<\/li>\n<li>Serigraf\u00eda de marca: una opci\u00f3n m\u00e1s econ\u00f3mica para promocionar su marca es mediante la impresi\u00f3n de su logotipo o dise\u00f1o directamente en la superficie del vidrio.<\/li>\n<li>Grabado l\u00e1ser: el l\u00e1ser se utiliza para grabar dise\u00f1os detallados, monogramas o logotipos en el vidrio, d\u00e1ndole un aspecto y una sensaci\u00f3n de riqueza.<\/li>\n<li>Boquillas de Dise\u00f1o, Dale forma a las boquillas de forma creativa para elevar el nivel de tu imagen de marca y ser reconocido.<\/li>\n<\/ul>","protected":false},"excerpt":{"rendered":"<p>Estas botellas de vidrio con atomizador y roll-on ofrecen portabilidad y un doble uso. Vidrio de alta transparencia con detalles met\u00e1licos. Cont\u00e1ctanos hoy para consultar precios al por mayor.<\/p>","protected":false},"featured_media":4063,"template":"","meta":{"postBodyCss":"","postBodyMargin":[],"postBodyPadding":[],"postBodyBackground":{"backgroundType":"classic","gradient":""}},"product_brand":[],"product_cat":[15,16,62],"product_tag":[],"class_list":{"0":"post-4060","1":"product","2":"type-product","3":"status-publish","4":"has-post-thumbnail","6":"product_cat-glass-containers","7":"product_cat-glass-bottles","8":"product_cat-perfume-bottles","10":"first","11":"instock","12":"shipping-taxable","13":"product-type-simple"},"jetpack_sharing_enabled":true,"_links":{"self":[{"href":"https:\/\/minghanggroup.com\/es\/wp-json\/wp\/v2\/product\/4060","targetHints":{"allow":["GET"]}}],"collection":[{"href":"https:\/\/minghanggroup.com\/es\/wp-json\/wp\/v2\/product"}],"about":[{"href":"https:\/\/minghanggroup.com\/es\/wp-json\/wp\/v2\/types\/product"}],"wp:featuredmedia":[{"embeddable":true,"href":"https:\/\/minghanggroup.com\/es\/wp-json\/wp\/v2\/media\/4063"}],"wp:attachment":[{"href":"https:\/\/minghanggroup.com\/es\/wp-json\/wp\/v2\/media?parent=4060"}],"wp:term":[{"taxonomy":"product_brand","embeddable":true,"href":"https:\/\/minghanggroup.com\/es\/wp-json\/wp\/v2\/product_brand?post=4060"},{"taxonomy":"product_cat","embeddable":true,"href":"https:\/\/minghanggroup.com\/es\/wp-json\/wp\/v2\/product_cat?post=4060"},{"taxonomy":"product_tag","embeddable":true,"href":"https:\/\/minghanggroup.com\/es\/wp-json\/wp\/v2\/product_tag?post=4060"}],"curies":[{"name":"wp","href":"https:\/\/api.w.org\/{rel}","templated":true}]}}