{"id":4052,"date":"2025-12-25T11:07:16","date_gmt":"2025-12-25T03:07:16","guid":{"rendered":"https:\/\/minghanggroup.com\/?post_type=product&#038;p=4052"},"modified":"2025-12-25T13:41:29","modified_gmt":"2025-12-25T05:41:29","slug":"2-in-1-glass-small-spray-bottles-with-lids-bulk","status":"publish","type":"product","link":"https:\/\/minghanggroup.com\/es\/producto\/2-in-1-glass-small-spray-bottles-with-lids-bulk\/","title":{"rendered":"Botellas pulverizadoras peque\u00f1as de vidrio 2 en 1 de 10 ml con tapas a granel"},"content":{"rendered":"<p>Este frasco de perfume multifuncional tiene un dise\u00f1o especial de cilindro segmentado, ya que cuenta con dos partes met\u00e1licas independientes. Tiene una boquilla de pulverizaci\u00f3n fina en un extremo y un aplicador de bola rodante suave en el otro, que se puede usar de diversas maneras.<\/p>\n<h2>Caracter\u00edsticas del producto<\/h2>\n<ul>\n<li><strong>Dise\u00f1o de doble prop\u00f3sito:<\/strong> Tiene un aplicador de bola en el otro extremo y una boquilla en el otro, lo que le permite satisfacer tanto los requisitos de un pulverizador de \u00e1rea grande como de un aplicador localizado.<\/li>\n<li><strong>Dise\u00f1o port\u00e1til:<\/strong> La botella cil\u00edndrica es delgada, lo que la hace compacta y f\u00e1cil de llevar en un bolso para retocar la fragancia en cualquier momento.<\/li>\n<li><strong>Aspecto elegante:<\/strong> La botella de metal dividida ser\u00e1 una mezcla de moda y clase, que se puede utilizar en diferentes dise\u00f1os y eventos.<\/li>\n<\/ul>\n<h2 style=\"text-align: left;\">Especificaciones clave<\/h2>\n<table class=\"aligncenter\" style=\"border-collapse: collapse; width: 533.27pt;\" border=\"0\" width=\"711\" cellspacing=\"0\" cellpadding=\"0\">\n<tbody>\n<tr style=\"height: 13.50pt;\">\n<td style=\"height: 13.50pt; width: 116.25pt;\" width=\"155\" height=\"18\">Especificaci\u00f3n<\/td>\n<td style=\"width: 417.00pt;\" width=\"556\">Detalles<\/td>\n<\/tr>\n<tr style=\"height: 13.50pt;\">\n<td style=\"height: 13.50pt;\" height=\"18\">Capacidad<\/td>\n<td>10ml<\/td>\n<\/tr>\n<tr style=\"height: 13.50pt;\">\n<td style=\"height: 13.50pt;\" height=\"18\">Dimensiones (\u00d8 x Al)<\/td>\n<td>1,6 cm x 10 cm<\/td>\n<\/tr>\n<tr style=\"height: 13.50pt;\">\n<td style=\"height: 13.50pt;\" height=\"18\">Material<\/td>\n<td>Cuerpo de vidrio, componentes con acabado met\u00e1lico.<\/td>\n<\/tr>\n<tr style=\"height: 13.50pt;\">\n<td style=\"height: 13.50pt;\" height=\"18\">Forma de la botella<\/td>\n<td>Cilindro segmentado<\/td>\n<\/tr>\n<tr style=\"height: 13.50pt;\">\n<td style=\"height: 13.50pt;\" height=\"18\">Tipos de cierre<\/td>\n<td>Cabezal rociador y cabezal de bola rodante (2 en 1)<\/td>\n<\/tr>\n<tr style=\"height: 13.50pt;\">\n<td style=\"height: 13.50pt;\" height=\"18\">Rasgo clave del dise\u00f1o<\/td>\n<td>Dise\u00f1o de doble funci\u00f3n; Acabados met\u00e1licos de primera calidad (oro, plata, negro)<\/td>\n<\/tr>\n<tr style=\"height: 13.50pt;\">\n<td style=\"height: 13.50pt;\" height=\"18\">Ideal para<\/td>\n<td>Frascos peque\u00f1os con pulverizador, muestras de fragancias, perfumes en roll-on<\/td>\n<\/tr>\n<\/tbody>\n<\/table>\n<h2>Caso de \u00e9xito: Una marca de perfumes nicho innovadora.<\/h2>\n<p>Una de las nuevas marcas de perfumes nicho seleccion\u00f3 nuestros frascos con atomizador 2 en 1 de 10 ml. El resultado fue todo un \u00e9xito; el 85 % de los clientes hab\u00edan utilizado ambas funciones simult\u00e1neamente, lo que mejor\u00f3 considerablemente la versatilidad del producto. El acabado met\u00e1lico de alta calidad anticip\u00f3 un valor a\u00f1adido al producto, lo que result\u00f3 en un margen de beneficio del 30 %. Tras este \u00e9xito, volvieron a pedir 250\u00a0000 frascos de su producto en la siguiente temporada.<\/p>\n<h2>Botellas pulverizadoras peque\u00f1as 2 en 1 personalizadas de 100 l<\/h2>\n<ul>\n<li>Recubrimiento de metal personalizado: seleccione un color Pantone exacto que coincida con el recubrimiento PVD de una marca en particular.<\/li>\n<li>Grabado l\u00e1ser en el centro del anillo: grabe el nombre de su marca, dise\u00f1o o texto en el anillo de metal en el centro del anillo.<\/li>\n<li>Serigraf\u00eda: Imprima su logotipo o el texto de su marca en el cuerpo de la botella de vidrio o pl\u00e1stico.<\/li>\n<li>Colores de boquilla personalizados: elija entre negro mate, oro rosa o transparente.<\/li>\n<\/ul>","protected":false},"excerpt":{"rendered":"<p>Descubre nuestros peque\u00f1os frascos con pulverizador 2 en 1, con cabezales de pulverizaci\u00f3n y de bola. Frascos de perfume personalizados con acabados met\u00e1licos. Dise\u00f1o duradero y elegante. Muestras gratis.<\/p>","protected":false},"featured_media":4057,"template":"","meta":{"postBodyCss":"","postBodyMargin":[],"postBodyPadding":[],"postBodyBackground":{"backgroundType":"classic","gradient":""}},"product_brand":[],"product_cat":[15,16,62],"product_tag":[],"class_list":{"0":"post-4052","1":"product","2":"type-product","3":"status-publish","4":"has-post-thumbnail","6":"product_cat-glass-containers","7":"product_cat-glass-bottles","8":"product_cat-perfume-bottles","10":"first","11":"instock","12":"shipping-taxable","13":"product-type-simple"},"jetpack_sharing_enabled":true,"_links":{"self":[{"href":"https:\/\/minghanggroup.com\/es\/wp-json\/wp\/v2\/product\/4052","targetHints":{"allow":["GET"]}}],"collection":[{"href":"https:\/\/minghanggroup.com\/es\/wp-json\/wp\/v2\/product"}],"about":[{"href":"https:\/\/minghanggroup.com\/es\/wp-json\/wp\/v2\/types\/product"}],"wp:featuredmedia":[{"embeddable":true,"href":"https:\/\/minghanggroup.com\/es\/wp-json\/wp\/v2\/media\/4057"}],"wp:attachment":[{"href":"https:\/\/minghanggroup.com\/es\/wp-json\/wp\/v2\/media?parent=4052"}],"wp:term":[{"taxonomy":"product_brand","embeddable":true,"href":"https:\/\/minghanggroup.com\/es\/wp-json\/wp\/v2\/product_brand?post=4052"},{"taxonomy":"product_cat","embeddable":true,"href":"https:\/\/minghanggroup.com\/es\/wp-json\/wp\/v2\/product_cat?post=4052"},{"taxonomy":"product_tag","embeddable":true,"href":"https:\/\/minghanggroup.com\/es\/wp-json\/wp\/v2\/product_tag?post=4052"}],"curies":[{"name":"wp","href":"https:\/\/api.w.org\/{rel}","templated":true}]}}