{"id":4046,"date":"2025-12-25T10:27:39","date_gmt":"2025-12-25T02:27:39","guid":{"rendered":"https:\/\/minghanggroup.com\/?post_type=product&#038;p=4046"},"modified":"2026-03-02T15:23:19","modified_gmt":"2026-03-02T07:23:19","slug":"round-belly-unique-glass-jars-with-lids-bulk","status":"publish","type":"product","link":"https:\/\/minghanggroup.com\/es\/producto\/round-belly-unique-glass-jars-with-lids-bulk\/","title":{"rendered":"Frascos de vidrio \u00fanicos con tapa redonda de 500 ml, 750 ml y 1100 ml a granel"},"content":{"rendered":"<p>La forma esf\u00e9rica de este frasco de vidrio con tapa es muy tradicional y antigua. Las puntas son redondeadas y con cuerpo, estrech\u00e1ndose hacia el cuello y ligeramente redondeadas en la base. La tapa de bamb\u00fa es de color claro, natural y c\u00e1lida.<\/p>\n<h2>Caracter\u00edsticas del producto<\/h2>\n<ul>\n<li><strong>Vidrio de borosilicato de primera calidad:<\/strong> Es mucho m\u00e1s resistente, tiene la capacidad de soportar choques t\u00e9rmicos y puede lograr una apariencia cristalina sin deformarse.<\/li>\n<li><strong>Tapa de bamb\u00fa natural:<\/strong> La tapa de bamb\u00fa es liviana, ofrece un excelente sellado y se adapta bien a la forma natural del frasco.<\/li>\n<li><strong>Capacidades m\u00faltiples:<\/strong> Tiene tres capacidades (500 ml a 1100 ml) que satisfacen los requisitos de almacenamiento de diferentes productos secos.<\/li>\n<\/ul>\n<h2 style=\"text-align: left;\">Especificaciones clave<\/h2>\n<table class=\"aligncenter\" style=\"border-collapse: collapse; width: 451.52pt;\" border=\"0\" width=\"602\" cellspacing=\"0\" cellpadding=\"0\">\n<tbody>\n<tr style=\"height: 13.50pt;\">\n<td style=\"height: 13.50pt; width: 116.25pt;\" width=\"155\" height=\"18\">Especificaci\u00f3n<\/td>\n<td style=\"width: 335.25pt;\" width=\"447\">Detalles<\/td>\n<\/tr>\n<tr style=\"height: 13.50pt;\">\n<td style=\"height: 13.50pt;\" height=\"18\">Dimensiones<\/td>\n<td>500 ml: 10 \u00d7 10,5 cm; 750 ml: 10,5 \u00d7 12 cm; 1100 ml: 11,5 \u00d7 16 cm<\/td>\n<\/tr>\n<tr style=\"height: 13.50pt;\">\n<td style=\"height: 13.50pt;\" height=\"18\">Material<\/td>\n<td>Vidrio de borosilicato de alta calidad<\/td>\n<\/tr>\n<tr style=\"height: 13.50pt;\">\n<td style=\"height: 13.50pt;\" height=\"18\">Tipo de tapa<\/td>\n<td>Tapa plana de bamb\u00fa natural<\/td>\n<\/tr>\n<tr style=\"height: 13.50pt;\">\n<td style=\"height: 13.50pt;\" height=\"18\">Rasgo material clave<\/td>\n<td>Resistencia excepcional al choque t\u00e9rmico, claridad brillante.<\/td>\n<\/tr>\n<tr style=\"height: 13.50pt;\">\n<td style=\"height: 13.50pt;\" height=\"18\">Perfecto para<\/td>\n<td>Alimentos secos a granel, caf\u00e9, t\u00e9, especias y snacks.<\/td>\n<\/tr>\n<\/tbody>\n<\/table>\n<h2>Historia de \u00e9xito<\/h2>\n<p>Una empresa norteamericana de alta gama de alimentos encarg\u00f3 nuestros exclusivos frascos de vidrio de borosilicato de 1100 ml para almacenar sus alimentos. \u00bfCu\u00e1l fue el resultado? El vidrio de borosilicato es capaz de resistir cambios de temperatura de hasta 220 \u00b0C sin fracturarse. La tapa de bamb\u00fa se mantuvo sellada durante m\u00e1s de 6 meses almacenada en condiciones de humedad. Quedaron tan satisfechos con nuestro producto que aceptaron otro pedido de 200\u00a0000 unidades para ampliar su nueva l\u00ednea.<\/p>\n<h2>Opciones \u00fanicas de personalizaci\u00f3n de frascos de vidrio<\/h2>\n<ul>\n<li>Tapa de bamb\u00fa de marca B: la tapa de bamb\u00fa se puede estampar en caliente o grabar con l\u00e1ser con el logotipo de su marca en el medio.<\/li>\n<li>Dise\u00f1o de remolino impreso: tenga un hermoso dise\u00f1o impreso que repita las l\u00edneas naturales del frasco.<\/li>\n<li>Tinci\u00f3n de bamb\u00fa personalizada: seleccione el color espec\u00edfico del bamb\u00fa, ya sea amarillo dorado natural, amarillo miel o gris.<\/li>\n<li>Decoraci\u00f3n con vidrieras: se pueden utilizar versiones de cuerpos de vidrio de colores claros (por ejemplo, \u00e1mbar).<\/li>\n<\/ul>","protected":false},"excerpt":{"rendered":"<p>Pide frascos de vidrio \u00fanicos con una forma suave y redondeada. Este juego de frascos de vidrio con tapa combina a la perfecci\u00f3n el bamb\u00fa y el vidrio. Disponibles. \u00a1Cont\u00e1ctanos para obtener muestras gratis!<\/p>","protected":false},"featured_media":4047,"template":"","meta":{"postBodyCss":"","postBodyMargin":[],"postBodyPadding":[],"postBodyBackground":{"backgroundType":"classic","gradient":""}},"product_brand":[],"product_cat":[15,17,61],"product_tag":[68,67,100],"class_list":{"0":"post-4046","1":"product","2":"type-product","3":"status-publish","4":"has-post-thumbnail","6":"product_cat-glass-containers","7":"product_cat-glass-jars","8":"product_cat-glass-jars-with-lids","9":"product_tag-borosilicate-glass-jars","10":"product_tag-candy-jars","11":"product_tag-glass-coffee-jars","13":"first","14":"instock","15":"shipping-taxable","16":"product-type-simple"},"jetpack_sharing_enabled":true,"_links":{"self":[{"href":"https:\/\/minghanggroup.com\/es\/wp-json\/wp\/v2\/product\/4046","targetHints":{"allow":["GET"]}}],"collection":[{"href":"https:\/\/minghanggroup.com\/es\/wp-json\/wp\/v2\/product"}],"about":[{"href":"https:\/\/minghanggroup.com\/es\/wp-json\/wp\/v2\/types\/product"}],"wp:featuredmedia":[{"embeddable":true,"href":"https:\/\/minghanggroup.com\/es\/wp-json\/wp\/v2\/media\/4047"}],"wp:attachment":[{"href":"https:\/\/minghanggroup.com\/es\/wp-json\/wp\/v2\/media?parent=4046"}],"wp:term":[{"taxonomy":"product_brand","embeddable":true,"href":"https:\/\/minghanggroup.com\/es\/wp-json\/wp\/v2\/product_brand?post=4046"},{"taxonomy":"product_cat","embeddable":true,"href":"https:\/\/minghanggroup.com\/es\/wp-json\/wp\/v2\/product_cat?post=4046"},{"taxonomy":"product_tag","embeddable":true,"href":"https:\/\/minghanggroup.com\/es\/wp-json\/wp\/v2\/product_tag?post=4046"}],"curies":[{"name":"wp","href":"https:\/\/api.w.org\/{rel}","templated":true}]}}