{"id":4041,"date":"2025-12-24T15:20:08","date_gmt":"2025-12-24T07:20:08","guid":{"rendered":"https:\/\/minghanggroup.com\/?post_type=product&#038;p=4041"},"modified":"2026-01-20T13:16:34","modified_gmt":"2026-01-20T05:16:34","slug":"high-borosilicate-food-storage-glass-jars-wholesale","status":"publish","type":"product","link":"https:\/\/minghanggroup.com\/es\/producto\/high-borosilicate-food-storage-glass-jars-wholesale\/","title":{"rendered":"Frascos de vidrio de borosilicato de alta pureza para almacenar alimentos, de 175 ml a 500 ml, al por mayor"},"content":{"rendered":"<p>Mereces un empaque premium que mantenga la frescura de tus productos y haga brillar tu marca. Fabricamos frascos de vidrio con tapa de bamb\u00fa para almacenar alimentos, dise\u00f1ados para el \u00e9xito en la cocina, donde cada frasco realza la historia de tu producto.<\/p>\n<h2>Caracter\u00edsticas del producto<\/h2>\n<ol>\n<li><strong>Dise\u00f1o de la tapa: <\/strong>Puedes elegir entre diferentes materiales de tapa que combinen con el estilo de tu marca. Por ejemplo, puedes usar tapas de acero inoxidable o de madera, en lugar de tapas de bamb\u00fa. Las tapas de bamb\u00fa son ideales para darle estilo. Por otro lado, las tapas de acero inoxidable ofrecen un aspecto m\u00e1s moderno.<\/li>\n<li><strong>Logotipo de marca personalizado: <\/strong>Puedes colocar el logotipo de tu marca en los frascos de vidrio. Esto ayudar\u00e1 a que la gente la reconozca. Tambi\u00e9n puedes colocar etiquetas o dise\u00f1os en los frascos. Esto hace que el producto se vea muy bien para quienes podr\u00edan comprarlo. Los frascos de vidrio con el logotipo o los dise\u00f1os de tu marca destacar\u00e1n en el mercado. El logotipo de tu marca en los frascos hace que tu producto sea m\u00e1s atractivo.<\/li>\n<li><strong>Opciones de sellado: <\/strong>Elija tapas de bamb\u00fa con anillos de sellado de silicona para un mejor sellado, evitando la entrada de aire y humedad. Son ideales para almacenar productos secos, t\u00e9 y otros productos sensibles a la humedad.<\/li>\n<\/ol>\n<h2>Especificaciones clave<\/h2>\n<table style=\"border-collapse: collapse; width: 80%; margin-left: auto; margin-right: auto;\" border=\"0\" width=\"288\" cellspacing=\"0\" cellpadding=\"0\">\n<tbody>\n<tr style=\"height: 13.50pt;\">\n<td style=\"height: 13.5pt; width: 54pt; text-align: center;\" width=\"72\" height=\"18\">Capacidad (ml)<\/td>\n<td style=\"width: 54pt; text-align: center;\" width=\"72\">Tama\u00f1o (cm)<\/td>\n<td style=\"width: 54pt; text-align: center;\" width=\"72\">Material<\/td>\n<td style=\"width: 54pt; text-align: center;\" width=\"72\">Caracter\u00edsticas<\/td>\n<\/tr>\n<tr style=\"height: 13.50pt;\">\n<td style=\"height: 13.5pt; text-align: center;\" align=\"right\" height=\"18\">175<\/td>\n<td style=\"text-align: center;\">6.5 * 10.0<\/td>\n<td class=\"et2\" style=\"text-align: center;\" rowspan=\"5\">Vidrio de borosilicato<\/td>\n<td class=\"et2\" style=\"text-align: center;\" rowspan=\"5\">Tapa de bamb\u00fa de 65 mm con lados rectos<\/td>\n<\/tr>\n<tr style=\"height: 13.50pt;\">\n<td style=\"height: 13.5pt; text-align: center;\" align=\"right\" height=\"18\">250<\/td>\n<td style=\"text-align: center;\">6.5 * 10.0<\/td>\n<\/tr>\n<tr style=\"height: 13.50pt;\">\n<td style=\"height: 13.5pt; text-align: center;\" align=\"right\" height=\"18\">300<\/td>\n<td style=\"text-align: center;\">6.5 * 12.0<\/td>\n<\/tr>\n<tr style=\"height: 13.50pt;\">\n<td style=\"height: 13.5pt; text-align: center;\" align=\"right\" height=\"18\">380<\/td>\n<td style=\"text-align: center;\">6.5 * 15.0<\/td>\n<\/tr>\n<tr style=\"height: 13.50pt;\">\n<td style=\"height: 13.5pt; text-align: center;\" align=\"right\" height=\"18\">500<\/td>\n<td style=\"text-align: center;\">6.5 * 20.0<\/td>\n<\/tr>\n<\/tbody>\n<\/table>\n<h2>Caso de \u00e9xito<\/h2>\n<p>Una marca de alimentos org\u00e1nicos utiliz\u00f3 estos frascos de vidrio de borosilicato para almacenamiento de cocina como recipientes y expositores para su reci\u00e9n lanzada l\u00ednea de frutas secas y especias. Adem\u00e1s de armonizar con el concepto natural y amoroso de la marca, la tapa de bamb\u00fa tambi\u00e9n ofrece un excelente sellado, manteniendo as\u00ed intacta la frescura del producto.<\/p>\n<p>Tras la renovaci\u00f3n de los frascos de vidrio para la cocina, la marca logr\u00f3 un notable aumento en las ventas de frutos secos y especias, especialmente en el segmento premium. La apreciaci\u00f3n de los consumidores por los envases ecol\u00f3gicos y la calidad del producto fue el principal impulsor del marketing boca a boca. La facturaci\u00f3n se duplic\u00f3 en los tres meses posteriores a la instalaci\u00f3n.<\/p>\n<h2>Tus consejos de personalizaci\u00f3n<\/h2>\n<p>Cuando quieras personalizar estos frascos de vidrio de borosilicato para almacenamiento de cocina, puedes cambiar el tama\u00f1o y la forma para que se ajusten a tu uso y al estilo de tu marca. Los frascos de vidrio para alimentos m\u00e1s grandes son ideales para guardar cosas como t\u00e9, frutos secos o muchos ingredientes. Los frascos de vidrio de borosilicato m\u00e1s peque\u00f1os son ideales para guardar cosas como especias o dulces. La tapa de los frascos de vidrio est\u00e1 hecha de bamb\u00fa, lo cual es bueno para el medio ambiente. La tapa de bamb\u00fa tambi\u00e9n cierra muy bien, por lo que los alimentos dentro de los frascos de vidrio de borosilicato se mantienen frescos durante mucho tiempo. Tambi\u00e9n puedes personalizar el logotipo o la etiqueta de tu marca en los frascos de vidrio para mejorar su reconocimiento. Si tu marca se posiciona como de alta gama, puedes elegir vidrio transparente para darle al producto un toque m\u00e1s moderno o personalizar el vidrio esmerilado para agregar una textura \u00fanica.<\/p>","protected":false},"excerpt":{"rendered":"<p>Frascos de vidrio con tapas de bamb\u00fa para almacenar alimentos, ideales para organizar alimentos secos y especias. Dise\u00f1o elegante y opciones de personalizaci\u00f3n disponibles. Env\u00edo r\u00e1pido.<\/p>","protected":false},"featured_media":4042,"template":"","meta":{"postBodyCss":"","postBodyMargin":[],"postBodyPadding":[],"postBodyBackground":{"backgroundType":"classic","gradient":""}},"product_brand":[],"product_cat":[15,17,61],"product_tag":[68,69],"class_list":{"0":"post-4041","1":"product","2":"type-product","3":"status-publish","4":"has-post-thumbnail","6":"product_cat-glass-containers","7":"product_cat-glass-jars","8":"product_cat-glass-jars-with-lids","9":"product_tag-borosilicate-glass-jars","10":"product_tag-storage-jars","12":"first","13":"instock","14":"shipping-taxable","15":"product-type-simple"},"jetpack_sharing_enabled":true,"_links":{"self":[{"href":"https:\/\/minghanggroup.com\/es\/wp-json\/wp\/v2\/product\/4041","targetHints":{"allow":["GET"]}}],"collection":[{"href":"https:\/\/minghanggroup.com\/es\/wp-json\/wp\/v2\/product"}],"about":[{"href":"https:\/\/minghanggroup.com\/es\/wp-json\/wp\/v2\/types\/product"}],"wp:featuredmedia":[{"embeddable":true,"href":"https:\/\/minghanggroup.com\/es\/wp-json\/wp\/v2\/media\/4042"}],"wp:attachment":[{"href":"https:\/\/minghanggroup.com\/es\/wp-json\/wp\/v2\/media?parent=4041"}],"wp:term":[{"taxonomy":"product_brand","embeddable":true,"href":"https:\/\/minghanggroup.com\/es\/wp-json\/wp\/v2\/product_brand?post=4041"},{"taxonomy":"product_cat","embeddable":true,"href":"https:\/\/minghanggroup.com\/es\/wp-json\/wp\/v2\/product_cat?post=4041"},{"taxonomy":"product_tag","embeddable":true,"href":"https:\/\/minghanggroup.com\/es\/wp-json\/wp\/v2\/product_tag?post=4041"}],"curies":[{"name":"wp","href":"https:\/\/api.w.org\/{rel}","templated":true}]}}