{"id":4036,"date":"2025-12-24T13:55:31","date_gmt":"2025-12-24T05:55:31","guid":{"rendered":"https:\/\/minghanggroup.com\/?post_type=product&#038;p=4036"},"modified":"2026-03-02T15:23:32","modified_gmt":"2026-03-02T07:23:32","slug":"cylindrical-glass-jars-with-lids-and-spoons-bulk","status":"publish","type":"product","link":"https:\/\/minghanggroup.com\/es\/producto\/cylindrical-glass-jars-with-lids-and-spoons-bulk\/","title":{"rendered":"Frascos de vidrio cil\u00edndricos de 300 ml, 350 ml y 450 ml con tapas y cucharas a granel"},"content":{"rendered":"<p>Este frasco cil\u00edndrico de vidrio con tapa y cuchara est\u00e1 hecho de una sola pieza de vidrio liso sin estr\u00edas. Est\u00e1 hecho de vidrio de borosilicato transparente y est\u00e1 disponible en tres tama\u00f1os diferentes.<\/p>\n<h2>Caracter\u00edsticas del producto<\/h2>\n<ul>\n<li><strong>Cil\u00edndrico de paredes rectas:<\/strong> El dise\u00f1o simple de paredes rectas ahorra espacio de almacenamiento, es de f\u00e1cil acceso y limpieza y la mayor\u00eda de los escenarios de almacenamiento funcionan con el dise\u00f1o simple.<\/li>\n<li><strong>Recipiente transparente y claro:<\/strong> El material de vidrio de borosilicato permite ver el interior del recipiente con claridad e identificar f\u00e1cilmente el contenido sin tener que abrir la tapa.<\/li>\n<li><strong>Mezcla equilibrada de sustancias naturales:<\/strong> La tapa y la cuchara de bamb\u00fa tienen una est\u00e9tica limpia, natural y coherente.<\/li>\n<\/ul>\n<h2 style=\"text-align: left;\">Especificaciones clave<\/h2>\n<table class=\"aligncenter\" style=\"border-collapse: collapse; width: 497.27pt;\" border=\"0\" width=\"663\" cellspacing=\"0\" cellpadding=\"0\">\n<tbody>\n<tr style=\"height: 13.50pt;\">\n<td style=\"height: 13.50pt; width: 104.25pt;\" width=\"139\" height=\"18\">Especificaci\u00f3n<\/td>\n<td style=\"width: 393.00pt;\" width=\"524\">Detalles<\/td>\n<\/tr>\n<tr style=\"height: 13.50pt;\">\n<td style=\"height: 13.50pt;\" height=\"18\">Capacidad<\/td>\n<td>300 ml \/ 350 ml \/ 450 ml<\/td>\n<\/tr>\n<tr style=\"height: 13.50pt;\">\n<td style=\"height: 13.50pt;\" height=\"18\">Dimensiones<\/td>\n<td>6,5\u00d710 cm \/ 6,5\u00d712 cm \/ 6,5\u00d715 cm<\/td>\n<\/tr>\n<tr style=\"height: 13.50pt;\">\n<td style=\"height: 13.50pt;\" height=\"18\">Material<\/td>\n<td>Vidrio de borosilicato alto, bamb\u00fa<\/td>\n<\/tr>\n<tr style=\"height: 13.50pt;\">\n<td style=\"height: 13.50pt;\" height=\"18\">Forma de tarro<\/td>\n<td>Cilindro de pared recta<\/td>\n<\/tr>\n<tr style=\"height: 13.50pt;\">\n<td style=\"height: 13.50pt;\" height=\"18\">Tipo de tapa<\/td>\n<td>Tapa plana de bamb\u00fa con cuchara central integrada<\/td>\n<\/tr>\n<tr style=\"height: 13.50pt;\">\n<td style=\"height: 13.50pt;\" height=\"18\">Caracter\u00edstica del material<\/td>\n<td>Resistente al calor y a los qu\u00edmicos, alta claridad, higi\u00e9nico.<\/td>\n<\/tr>\n<tr style=\"height: 13.50pt;\">\n<td style=\"height: 13.50pt;\" height=\"18\">Ideal para<\/td>\n<td>Frascos de vidrio con tapa y cucharas, recipientes para almacenar alimentos con tapa<\/td>\n<\/tr>\n<\/tbody>\n<\/table>\n<h2>Historia de \u00e9xito: Una soluci\u00f3n integral para Spice Company<\/h2>\n<p>Una empresa local de especias decidi\u00f3 usar nuestro frasco de vidrio de 350 ml con tapa y cuchara para almacenar sus condimentos de alta calidad. Se trata de un producto innovador que combina una botella de vidrio de borosilicato con una cuchara de bamb\u00fa, eliminando la necesidad de una cuchara de pl\u00e1stico aparte y minimizando la cantidad de residuos en el embalaje en un 25 %. Al preguntar a los usuarios sobre su satisfacci\u00f3n con la comodidad de la cuchara de bamb\u00fa, las encuestas de satisfacci\u00f3n del cliente revelaron que esta caracter\u00edstica fue muy valorada, lo que se tradujo en un aumento del 40 %. En consecuencia, el pr\u00f3ximo lanzamiento del producto constar\u00e1 de 280\u00a0000 frascos de vidrio con tapa y cuchara, pedidos por la empresa.<\/p>\n<h2>Opciones de personalizaci\u00f3n de frascos de vidrio con tapas<\/h2>\n<ul>\n<li>Mango de cuchara de bamb\u00fa, l\u00e1ser: grabe su marca o un mensaje en la parte del utensilio de bamb\u00fa que sea visible con un grabado l\u00e1ser.<\/li>\n<li>Color de bamb\u00fa personalizado: decide el color de la tapa del frasco de bamb\u00fa y de la cuchara, ya sea natural o negro carb\u00f3n.<\/li>\n<li>Anillo inferior esmerilado: haga un anillo inferior delgado, peque\u00f1o y elegante de escarcha alrededor del frasco.<\/li>\n<li>Forma de cuchara personalizada: corte una forma distinta de la cuchara (por ejemplo, ovalada, redonda) hasta que encaje en el orificio central.<\/li>\n<\/ul>","protected":false},"excerpt":{"rendered":"<p>Frasco de vidrio de alta calidad con tapa y cuchara. Frascos de vidrio transparente con tapa y dise\u00f1o de cuchara integrada de bamb\u00fa natural en tama\u00f1os degradados. Descuentos por pedido al por mayor.<\/p>","protected":false},"featured_media":4040,"template":"","meta":{"postBodyCss":"","postBodyMargin":[],"postBodyPadding":[],"postBodyBackground":{"backgroundType":"classic","gradient":""}},"product_brand":[],"product_cat":[15,17,61],"product_tag":[68,100,70,69],"class_list":{"0":"post-4036","1":"product","2":"type-product","3":"status-publish","4":"has-post-thumbnail","6":"product_cat-glass-containers","7":"product_cat-glass-jars","8":"product_cat-glass-jars-with-lids","9":"product_tag-borosilicate-glass-jars","10":"product_tag-glass-coffee-jars","11":"product_tag-seasoning-jars","12":"product_tag-storage-jars","14":"first","15":"instock","16":"shipping-taxable","17":"product-type-simple"},"jetpack_sharing_enabled":true,"_links":{"self":[{"href":"https:\/\/minghanggroup.com\/es\/wp-json\/wp\/v2\/product\/4036","targetHints":{"allow":["GET"]}}],"collection":[{"href":"https:\/\/minghanggroup.com\/es\/wp-json\/wp\/v2\/product"}],"about":[{"href":"https:\/\/minghanggroup.com\/es\/wp-json\/wp\/v2\/types\/product"}],"wp:featuredmedia":[{"embeddable":true,"href":"https:\/\/minghanggroup.com\/es\/wp-json\/wp\/v2\/media\/4040"}],"wp:attachment":[{"href":"https:\/\/minghanggroup.com\/es\/wp-json\/wp\/v2\/media?parent=4036"}],"wp:term":[{"taxonomy":"product_brand","embeddable":true,"href":"https:\/\/minghanggroup.com\/es\/wp-json\/wp\/v2\/product_brand?post=4036"},{"taxonomy":"product_cat","embeddable":true,"href":"https:\/\/minghanggroup.com\/es\/wp-json\/wp\/v2\/product_cat?post=4036"},{"taxonomy":"product_tag","embeddable":true,"href":"https:\/\/minghanggroup.com\/es\/wp-json\/wp\/v2\/product_tag?post=4036"}],"curies":[{"name":"wp","href":"https:\/\/api.w.org\/{rel}","templated":true}]}}