{"id":4026,"date":"2025-12-24T11:33:20","date_gmt":"2025-12-24T03:33:20","guid":{"rendered":"https:\/\/minghanggroup.com\/?post_type=product&#038;p=4026"},"modified":"2026-01-20T13:18:13","modified_gmt":"2026-01-20T05:18:13","slug":"glass-jar-with-bamboo-lid-for-food-wholesale","status":"publish","type":"product","link":"https:\/\/minghanggroup.com\/es\/producto\/glass-jar-with-bamboo-lid-for-food-wholesale\/","title":{"rendered":"Frasco de vidrio de 450 ml, 560 ml, 700 ml y 950 ml con tapa de bamb\u00fa para alimentos al por mayor."},"content":{"rendered":"<p>Mereces un empaque premium que mantenga la frescura de tus productos y haga brillar tu marca. Fabricamos frascos de vidrio con tapa de bamb\u00fa, dise\u00f1ados para el \u00e9xito de tus frascos de almacenamiento, donde cada envase realza la historia de tu producto.<\/p>\n<h2>Caracter\u00edsticas del producto<\/h2>\n<ol>\n<li><strong>Conveniencia de boca ancha: <\/strong>La boca de 85 mm de ancho le permite rellenar, limpiar y acceder al almacenamiento de sus necesidades diarias sin problemas.<\/li>\n<li><strong>Sello de bamb\u00fa natural: <\/strong>Con una tapa de bamb\u00fa giratoria, el almacenamiento a granel y al por mayor de sus alimentos se mantendr\u00e1 fresco e higi\u00e9nico.<\/li>\n<li><strong>Resistente al calor y durabilidad: <\/strong>El recipiente de vidrio est\u00e1 hecho de vidrio de borosilicato resistente al calor y es apto para alimentos, ideal para miel, jarabe y granos de caf\u00e9.<\/li>\n<li><strong>Dise\u00f1o de visibilidad clara: <\/strong>Con un vidrio transparente, puedes ver inmediatamente lo que hay dentro, lo que hace que sea muy f\u00e1cil manipular los recipientes de almacenamiento.<\/li>\n<\/ol>\n<h2>Especificaciones clave<\/h2>\n<table style=\"border-collapse: collapse; width: 80%; margin-left: auto; margin-right: auto;\" border=\"0\" width=\"288\" cellspacing=\"0\" cellpadding=\"0\">\n<tbody>\n<tr style=\"height: 13.50pt;\">\n<td style=\"height: 13.5pt; width: 54pt; text-align: center;\" width=\"72\" height=\"18\">Capacidad (ml)<\/td>\n<td style=\"width: 54pt; text-align: center;\" width=\"72\">Tama\u00f1o (cm)<\/td>\n<td style=\"width: 54pt; text-align: center;\" width=\"72\">Material<\/td>\n<td style=\"width: 54pt; text-align: center;\" width=\"72\">Caracter\u00edsticas<\/td>\n<\/tr>\n<tr style=\"height: 13.50pt;\">\n<td style=\"height: 13.5pt; text-align: center;\" align=\"right\" height=\"18\">450<\/td>\n<td style=\"text-align: center;\">8.5*10.0<\/td>\n<td class=\"et2\" style=\"text-align: center;\" rowspan=\"4\">Vidrio de borosilicato<\/td>\n<td class=\"et2\" style=\"text-align: center;\" rowspan=\"4\">Tapa de bamb\u00fa de 85 mm con lados rectos<\/td>\n<\/tr>\n<tr style=\"height: 13.50pt;\">\n<td style=\"height: 13.5pt; text-align: center;\" align=\"right\" height=\"18\">560<\/td>\n<td style=\"text-align: center;\">8.5*12.0<\/td>\n<\/tr>\n<tr style=\"height: 13.50pt;\">\n<td style=\"height: 13.5pt; text-align: center;\" align=\"right\" height=\"18\">700<\/td>\n<td style=\"text-align: center;\">8.5*15.0<\/td>\n<\/tr>\n<tr style=\"height: 13.50pt;\">\n<td style=\"height: 13.5pt; text-align: center;\" align=\"right\" height=\"18\">950<\/td>\n<td style=\"text-align: center;\">8.5*20.0<\/td>\n<\/tr>\n<\/tbody>\n<\/table>\n<h2>Caso de \u00e9xito<\/h2>\n<p>Esta empresa de alimentos y snacks busca que la nueva imagen de sus productos sea muy atractiva. Presentan los alimentos en frascos de vidrio con tapa de bamb\u00fa. Al ser de vidrio, es posible ver los alimentos en su interior. Las tapas de bamb\u00fa tambi\u00e9n son un detalle atractivo. Esto demuestra que la empresa cuida el medio ambiente y quiere mantenerlo limpio. Con estos frascos de vidrio y tapas de bamb\u00fa, la empresa demuestra su compromiso con el planeta.<\/p>\n<p>Tras varios meses de an\u00e1lisis del mercado, un cliente not\u00f3 un aumento del 15 % en las ventas de esta l\u00ednea de productos. Los consumidores tambi\u00e9n mencionaron que los frascos de vidrio eran visualmente atractivos y ecol\u00f3gicos, mientras que las tapas de bamb\u00fa aportaban un toque lujoso.<\/p>\n<h2>Tus consejos de personalizaci\u00f3n<\/h2>\n<p>Al personalizar este frasco de vidrio de borosilicato con tapa de bamb\u00fa, puede elegir con flexibilidad seg\u00fan su uso e imagen de marca. Si desea resaltar las caracter\u00edsticas puras y ecol\u00f3gicas del producto, opte por una tapa de bamb\u00fa natural con vidrio esmerilado o transparente para atraer la atenci\u00f3n del cliente y realzar la imagen de su marca. Si desea conservar mejor la frescura del producto, le recomendamos una tapa de bamb\u00fa con anillo de sellado de silicona, ya que sella herm\u00e9ticamente el frasco contra la humedad y el aire. En cuanto a la capacidad, los frascos se pueden personalizar a diferentes tama\u00f1os, ideales para almacenar especias o frutos secos, seg\u00fan las necesidades del mercado. Adem\u00e1s, a\u00f1adir el logotipo o dise\u00f1o de su marca al personalizar el frasco no solo lo hace m\u00e1s pr\u00e1ctico, sino que tambi\u00e9n contribuye al reconocimiento y la competitividad del producto en el mercado.<\/p>","protected":false},"excerpt":{"rendered":"<p>Frasco de vidrio ecol\u00f3gico con tapa de bamb\u00fa, perfecto para guardar snacks, caf\u00e9 o productos secos. Directo de f\u00e1brica, personalizaci\u00f3n al por mayor y env\u00edo r\u00e1pido.<\/p>","protected":false},"featured_media":4034,"template":"","meta":{"postBodyCss":"","postBodyMargin":[],"postBodyPadding":[],"postBodyBackground":{"backgroundType":"classic","gradient":""}},"product_brand":[],"product_cat":[15,17,61],"product_tag":[68,67,69],"class_list":{"0":"post-4026","1":"product","2":"type-product","3":"status-publish","4":"has-post-thumbnail","6":"product_cat-glass-containers","7":"product_cat-glass-jars","8":"product_cat-glass-jars-with-lids","9":"product_tag-borosilicate-glass-jars","10":"product_tag-candy-jars","11":"product_tag-storage-jars","13":"first","14":"instock","15":"shipping-taxable","16":"product-type-simple"},"jetpack_sharing_enabled":true,"_links":{"self":[{"href":"https:\/\/minghanggroup.com\/es\/wp-json\/wp\/v2\/product\/4026","targetHints":{"allow":["GET"]}}],"collection":[{"href":"https:\/\/minghanggroup.com\/es\/wp-json\/wp\/v2\/product"}],"about":[{"href":"https:\/\/minghanggroup.com\/es\/wp-json\/wp\/v2\/types\/product"}],"wp:featuredmedia":[{"embeddable":true,"href":"https:\/\/minghanggroup.com\/es\/wp-json\/wp\/v2\/media\/4034"}],"wp:attachment":[{"href":"https:\/\/minghanggroup.com\/es\/wp-json\/wp\/v2\/media?parent=4026"}],"wp:term":[{"taxonomy":"product_brand","embeddable":true,"href":"https:\/\/minghanggroup.com\/es\/wp-json\/wp\/v2\/product_brand?post=4026"},{"taxonomy":"product_cat","embeddable":true,"href":"https:\/\/minghanggroup.com\/es\/wp-json\/wp\/v2\/product_cat?post=4026"},{"taxonomy":"product_tag","embeddable":true,"href":"https:\/\/minghanggroup.com\/es\/wp-json\/wp\/v2\/product_tag?post=4026"}],"curies":[{"name":"wp","href":"https:\/\/api.w.org\/{rel}","templated":true}]}}