{"id":4025,"date":"2025-12-24T10:06:48","date_gmt":"2025-12-24T02:06:48","guid":{"rendered":"https:\/\/minghanggroup.com\/?post_type=product&#038;p=4025"},"modified":"2026-03-02T15:23:43","modified_gmt":"2026-03-02T07:23:43","slug":"round-glass-jars-with-bamboo-lids-and-spoons-bulk","status":"publish","type":"product","link":"https:\/\/minghanggroup.com\/es\/producto\/round-glass-jars-with-bamboo-lids-and-spoons-bulk\/","title":{"rendered":"Frascos de vidrio redondos de 500 ml, 850 ml y 1150 ml con tapas de bamb\u00fa y cucharas a granel"},"content":{"rendered":"<p>Estos frascos son de vidrio con tapas y cucharas de bamb\u00fa, fabricados en vidrio de borosilicato. Tienen una forma esf\u00e9rica suave y redondeada, e incluyen las mismas tapas y cucharas de bamb\u00fa (para facilitar el acceso a los ingredientes).<\/p>\n<h2>Caracter\u00edsticas del producto<\/h2>\n<ul>\n<li><strong>Tapas y cucharas de bamb\u00fa:<\/strong> Las tapas y cucharas de bamb\u00fa combinan entre s\u00ed, lo que hace que el estilo sea consistente, el acceso a los ingredientes sea f\u00e1cil y la adherencia al estilo natural.<\/li>\n<li><strong>Dise\u00f1o redondeado en forma de tambor:<\/strong> El dise\u00f1o en forma de tambor redondeado mejora la capacidad y parece m\u00e1s suave en comparaci\u00f3n con los frascos de vidrio cil\u00edndricos.<\/li>\n<li><strong>Frascos totalmente transparentes:<\/strong> Esto se debe a que el material de vidrio de borosilicato alto se puede ver claramente para ver el contenido y, por lo tanto, identificarlo f\u00e1cilmente sin abrir la tapa.<\/li>\n<\/ul>\n<h2 style=\"text-align: left;\">Especificaciones clave<\/h2>\n<table class=\"aligncenter\" style=\"border-collapse: collapse; width: 513.02pt;\" border=\"0\" width=\"684\" cellspacing=\"0\" cellpadding=\"0\">\n<tbody>\n<tr style=\"height: 13.50pt;\">\n<td style=\"height: 13.50pt; width: 100.50pt;\" width=\"134\" height=\"18\">Especificaci\u00f3n<\/td>\n<td style=\"width: 412.50pt;\" width=\"550\">Detalles<\/td>\n<\/tr>\n<tr style=\"height: 13.50pt;\">\n<td style=\"height: 13.50pt;\" height=\"18\">Capacidad<\/td>\n<td>500 ml \/ 850 ml \/ 1150 ml<\/td>\n<\/tr>\n<tr style=\"height: 13.50pt;\">\n<td style=\"height: 13.50pt;\" height=\"18\">Dimensiones<\/td>\n<td>7\u00d710,5 cm \/ 7\u00d713 cm \/ 7,5\u00d714 cm<\/td>\n<\/tr>\n<tr style=\"height: 13.50pt;\">\n<td style=\"height: 13.50pt;\" height=\"18\">Material<\/td>\n<td>Vidrio de borosilicato alto, bamb\u00fa<\/td>\n<\/tr>\n<tr style=\"height: 13.50pt;\">\n<td style=\"height: 13.50pt;\" height=\"18\">Forma de tarro<\/td>\n<td>De vientre redondo y cuello estrecho<\/td>\n<\/tr>\n<tr style=\"height: 13.50pt;\">\n<td style=\"height: 13.50pt;\" height=\"18\">Tipo de tapa<\/td>\n<td>Tapa plana de bamb\u00fa con cuchara integrada<\/td>\n<\/tr>\n<tr style=\"height: 13.50pt;\">\n<td style=\"height: 13.50pt;\" height=\"18\">Caracter\u00edstica del material<\/td>\n<td>Alta transparencia, excelente resistencia a la temperatura (de -20 \u2103 a 150 \u2103)<\/td>\n<\/tr>\n<tr style=\"height: 13.50pt;\">\n<td style=\"height: 13.50pt;\" height=\"18\">Ideal para<\/td>\n<td>Frascos de vidrio con tapas y cucharas de bamb\u00fa, frascos de vidrio a granel<\/td>\n<\/tr>\n<\/tbody>\n<\/table>\n<h2>Caso de \u00e9xito: Un best seller de una empresa de suministros para reposter\u00eda<\/h2>\n<p>Una de las empresas que ofrece ingredientes de calidad a los aficionados a la reposter\u00eda casera seleccion\u00f3 nuestros frascos de vidrio de 850 ml con tapas y cucharas de bamb\u00fa para su l\u00ednea de productos de harina y az\u00facar. El cierre herm\u00e9tico de las tapas de bamb\u00fa aument\u00f3 la vida \u00fatil de los productos en un 42 %, y las cucharas de bamb\u00fa complementarias tambi\u00e9n fueron un \u00e9xito rotundo; el 95 % de los clientes afirm\u00f3 que esta fue la principal motivaci\u00f3n para volver a comprar, ya que solucion\u00f3 el problema de las cucharas perdidas. Tras su \u00e9xito rotundo, encargaron la fabricaci\u00f3n de otras 100\u00a0000 unidades para presentar la nueva l\u00ednea.<\/p>\n<h2>Sugerencias de personalizaci\u00f3n de frascos de vidrio a granel<\/h2>\n<ul>\n<li>Cucharas de bamb\u00fa con logotipo o texto grabado con l\u00e1ser: grabe el mango de una cuchara de bamb\u00fa con su logotipo o texto utilizando un l\u00e1ser.<\/li>\n<li>Marcas de graduaci\u00f3n serigrafiadas: imprima de forma permanente marcas de graduaci\u00f3n dentro del frasco.<\/li>\n<li>Anillo decorativo esmerilado: decora el anillo decorativo esmerilado para decorar el hombro del frasco.<\/li>\n<li>Color\/logotipo de clip personalizado: es posible solicitar clips de un color particular o un logotipo moldeado en la cuchara.<\/li>\n<\/ul>","protected":false},"excerpt":{"rendered":"<p>Descubra nuestros frascos de vidrio con tapas de bamb\u00fa y cucharas para frascos de vidrio a granel: elegante forma bulbosa, vidrio transparente y pinza para cuchara a juego. Muestras gratuitas disponibles.<\/p>","protected":false},"featured_media":4027,"template":"","meta":{"postBodyCss":"","postBodyMargin":[],"postBodyPadding":[],"postBodyBackground":{"backgroundType":"classic","gradient":""}},"product_brand":[],"product_cat":[15,17,61],"product_tag":[100],"class_list":{"0":"post-4025","1":"product","2":"type-product","3":"status-publish","4":"has-post-thumbnail","6":"product_cat-glass-containers","7":"product_cat-glass-jars","8":"product_cat-glass-jars-with-lids","9":"product_tag-glass-coffee-jars","11":"first","12":"instock","13":"shipping-taxable","14":"product-type-simple"},"jetpack_sharing_enabled":true,"_links":{"self":[{"href":"https:\/\/minghanggroup.com\/es\/wp-json\/wp\/v2\/product\/4025","targetHints":{"allow":["GET"]}}],"collection":[{"href":"https:\/\/minghanggroup.com\/es\/wp-json\/wp\/v2\/product"}],"about":[{"href":"https:\/\/minghanggroup.com\/es\/wp-json\/wp\/v2\/types\/product"}],"wp:featuredmedia":[{"embeddable":true,"href":"https:\/\/minghanggroup.com\/es\/wp-json\/wp\/v2\/media\/4027"}],"wp:attachment":[{"href":"https:\/\/minghanggroup.com\/es\/wp-json\/wp\/v2\/media?parent=4025"}],"wp:term":[{"taxonomy":"product_brand","embeddable":true,"href":"https:\/\/minghanggroup.com\/es\/wp-json\/wp\/v2\/product_brand?post=4025"},{"taxonomy":"product_cat","embeddable":true,"href":"https:\/\/minghanggroup.com\/es\/wp-json\/wp\/v2\/product_cat?post=4025"},{"taxonomy":"product_tag","embeddable":true,"href":"https:\/\/minghanggroup.com\/es\/wp-json\/wp\/v2\/product_tag?post=4025"}],"curies":[{"name":"wp","href":"https:\/\/api.w.org\/{rel}","templated":true}]}}