{"id":4020,"date":"2025-12-24T09:47:21","date_gmt":"2025-12-24T01:47:21","guid":{"rendered":"https:\/\/minghanggroup.com\/?post_type=product&#038;p=4020"},"modified":"2026-03-02T15:23:55","modified_gmt":"2026-03-02T07:23:55","slug":"unique-trapezoidal-glass-jars-and-lids-wholesale","status":"publish","type":"product","link":"https:\/\/minghanggroup.com\/es\/producto\/unique-trapezoidal-glass-jars-and-lids-wholesale\/","title":{"rendered":"Frascos y tapas trapezoidales de vidrio de 350 ml a 950 ml, venta al por mayor"},"content":{"rendered":"<p>Estos exclusivos frascos de vidrio con tapa est\u00e1n elaborados con vidrio de borosilicato totalmente transparente. Tienen forma trapezoidal (cono truncado), con la parte superior c\u00f3nica y la base poligonal, y una tapa plana de bamb\u00fa beige claro.<\/p>\n<h2>Caracter\u00edsticas del producto<\/h2>\n<ul>\n<li><strong>Material de vidrio de borosilicato alto:<\/strong> Proporciona un alto nivel de durabilidad, resistencia al choque t\u00e9rmico y una apariencia visual clara y sin distorsiones.<\/li>\n<li><strong>Tapa de bamb\u00fa sellada:<\/strong> Esta tapa tiene una junta sellada para que sea herm\u00e9tica y tambi\u00e9n agrega un aspecto limpio y agradable.<\/li>\n<li><strong>Dise\u00f1o angular:<\/strong> El dise\u00f1o angular trapezoidal est\u00e1 m\u00e1s decorado que los frascos tradicionales con forma trapezoidal que se estrecha en la parte superior y se expande en la parte inferior junto con el dise\u00f1o angular poligonal en la parte inferior.<\/li>\n<\/ul>\n<h2 style=\"text-align: left;\">Especificaciones clave<\/h2>\n<table class=\"aligncenter\" style=\"border-collapse: collapse; width: 459.02pt;\" border=\"0\" width=\"612\" cellspacing=\"0\" cellpadding=\"0\">\n<tbody>\n<tr style=\"height: 13.50pt;\">\n<td style=\"height: 13.50pt; width: 100.50pt;\" width=\"134\" height=\"18\">Especificaci\u00f3n<\/td>\n<td style=\"width: 358.50pt;\" width=\"478\">Detalles<\/td>\n<\/tr>\n<tr style=\"height: 13.50pt;\">\n<td style=\"height: 13.50pt;\" height=\"18\">Capacidad<\/td>\n<td>350 ml \/ 500 ml \/ 750 ml \/ 950 ml<\/td>\n<\/tr>\n<tr style=\"height: 13.50pt;\">\n<td style=\"height: 13.50pt;\" height=\"18\">Dimensiones<\/td>\n<td>10\u00d710,2 cm \/ 11,5\u00d712 cm \/ 12,5\u00d713,7 cm \/ 14\u00d715,2 cm<\/td>\n<\/tr>\n<tr style=\"height: 13.50pt;\">\n<td style=\"height: 13.50pt;\" height=\"18\">Material<\/td>\n<td>Vidrio de borosilicato alto<\/td>\n<\/tr>\n<tr style=\"height: 13.50pt;\">\n<td style=\"height: 13.50pt;\" height=\"18\">Forma de tarro<\/td>\n<td>Pir\u00e1mide truncada multifac\u00e9tica (base ensanchada)<\/td>\n<\/tr>\n<tr style=\"height: 13.50pt;\">\n<td style=\"height: 13.50pt;\" height=\"18\">Tipo de tapa<\/td>\n<td>Tapa plana de bamb\u00fa ligero con sello integrado<\/td>\n<\/tr>\n<tr style=\"height: 13.50pt;\">\n<td style=\"height: 13.50pt;\" height=\"18\">Caracter\u00edstica del material<\/td>\n<td>Resistente a altas y bajas temperaturas, alta transparencia.<\/td>\n<\/tr>\n<tr style=\"height: 13.50pt;\">\n<td style=\"height: 13.50pt;\" height=\"18\">Ideal para<\/td>\n<td>Frascos de vidrio \u00fanicos con tapa, frascos de vidrio y tapas al por mayor<\/td>\n<\/tr>\n<\/tbody>\n<\/table>\n<h2>Caso de \u00e9xito: Exclusividad de empaque de una tostadora de caf\u00e9.<\/h2>\n<p>Nuestros frascos de vidrio (con tapa) de 750 ml de capacidad fueron seleccionados por una tostadora de caf\u00e9 de especialidad como envase para sus granos de caf\u00e9 de origen \u00fanico de edici\u00f3n limitada. Los lados geom\u00e9tricos del frasco mostraban plenamente el color y el brillo de los granos de caf\u00e9, lo que impuls\u00f3 un crecimiento del 300 % en las comparticiones de videos de unboxing en redes sociales. Su dise\u00f1o distintivo es muy reconocible y el reconocimiento de marca aument\u00f3 un 60 % en una cata a ciegas. Tras la gran acogida en el mercado, la panader\u00eda realiz\u00f3 otro pedido de 150\u00a0000 frascos de vidrio en las dos temporadas de cosecha siguientes.<\/p>\n<h2>Clientes mayoristas de frascos y tapas de vidrio<\/h2>\n<ul>\n<li>Tapas de bamb\u00fa macizo (con grabado): las tapas de bamb\u00fa macizo tambi\u00e9n se pueden actualizar con logotipos grabados con l\u00e1ser, as\u00ed como tambi\u00e9n tapas de bamb\u00fa macizo.<\/li>\n<li>Acabado parcialmente esmerilado: termine ciertos paneles alternados con un acabado esmerilado para crear un dise\u00f1o imponente.<\/li>\n<li>Patrones Angulares Serigrafiados \u2013 Transferencia de patrones modernos que recuerdan el cuerpo geom\u00e9trico del frasco.<\/li>\n<li>Tinte de bamb\u00fa personalizado: elija entre tapa te\u00f1ida de color natural, blanquecino o oscuro.<\/li>\n<li>Paneles decorativos de vidrio de colores: est\u00e1n disponibles con una o dos facetas de vidrio de colores (por ejemplo, \u00e1mbar).<\/li>\n<\/ul>","protected":false},"excerpt":{"rendered":"<p>Venta al por mayor de frascos y tapas de vidrio premium. Ofrecemos frascos de vidrio \u00fanicos con tapa: vidrio de borosilicato transparente de alta calidad, base poligonal y tapa herm\u00e9tica de bamb\u00fa. Muestra gratis.<\/p>","protected":false},"featured_media":4021,"template":"","meta":{"postBodyCss":"","postBodyMargin":[],"postBodyPadding":[],"postBodyBackground":{"backgroundType":"classic","gradient":""}},"product_brand":[],"product_cat":[15,17,61],"product_tag":[68,100,70,69],"class_list":{"0":"post-4020","1":"product","2":"type-product","3":"status-publish","4":"has-post-thumbnail","6":"product_cat-glass-containers","7":"product_cat-glass-jars","8":"product_cat-glass-jars-with-lids","9":"product_tag-borosilicate-glass-jars","10":"product_tag-glass-coffee-jars","11":"product_tag-seasoning-jars","12":"product_tag-storage-jars","14":"first","15":"instock","16":"shipping-taxable","17":"product-type-simple"},"jetpack_sharing_enabled":true,"_links":{"self":[{"href":"https:\/\/minghanggroup.com\/es\/wp-json\/wp\/v2\/product\/4020","targetHints":{"allow":["GET"]}}],"collection":[{"href":"https:\/\/minghanggroup.com\/es\/wp-json\/wp\/v2\/product"}],"about":[{"href":"https:\/\/minghanggroup.com\/es\/wp-json\/wp\/v2\/types\/product"}],"wp:featuredmedia":[{"embeddable":true,"href":"https:\/\/minghanggroup.com\/es\/wp-json\/wp\/v2\/media\/4021"}],"wp:attachment":[{"href":"https:\/\/minghanggroup.com\/es\/wp-json\/wp\/v2\/media?parent=4020"}],"wp:term":[{"taxonomy":"product_brand","embeddable":true,"href":"https:\/\/minghanggroup.com\/es\/wp-json\/wp\/v2\/product_brand?post=4020"},{"taxonomy":"product_cat","embeddable":true,"href":"https:\/\/minghanggroup.com\/es\/wp-json\/wp\/v2\/product_cat?post=4020"},{"taxonomy":"product_tag","embeddable":true,"href":"https:\/\/minghanggroup.com\/es\/wp-json\/wp\/v2\/product_tag?post=4020"}],"curies":[{"name":"wp","href":"https:\/\/api.w.org\/{rel}","templated":true}]}}