{"id":4013,"date":"2025-12-23T16:36:55","date_gmt":"2025-12-23T08:36:55","guid":{"rendered":"https:\/\/minghanggroup.com\/?post_type=product&#038;p=4013"},"modified":"2026-01-20T13:32:24","modified_gmt":"2026-01-20T05:32:24","slug":"wide-mouth-glass-jars-with-95-diameter-lids-for-storage-bulk","status":"publish","type":"product","link":"https:\/\/minghanggroup.com\/es\/producto\/wide-mouth-glass-jars-with-95-diameter-lids-for-storage-bulk\/","title":{"rendered":"Frascos de vidrio de boca ancha de 600 ml, 1000 ml y 1200 ml con tapas de 95 mm de di\u00e1metro para almacenamiento a granel"},"content":{"rendered":"<p>Mereces un empaque premium que mantenga la frescura de tus productos y haga brillar tu marca. Fabricamos frascos de vidrio de boca ancha dise\u00f1ados para el \u00e9xito en el almacenamiento de alimentos, donde cada envase realza la historia de tu producto.<\/p>\n<h2>Caracter\u00edsticas del producto<\/h2>\n<ol>\n<li><strong>Conveniencia de boca ancha:<\/strong>La boca de 95 mm de ancho hace que llenar, limpiar y acceder al contenido sea muy sencillo para sus necesidades de almacenamiento diarias.<\/li>\n<li><strong>Durabilidad resistente al calor:<\/strong>Hecho de vidrio de borosilicato duradero que es resistente al calor y seguro para el almacenamiento de alimentos, perfecto para miel, jarabe y salsa.<\/li>\n<li><strong>Dise\u00f1o de visibilidad clara:<\/strong>El vidrio transparente le permite ver el contenido instant\u00e1neamente, lo que hace que la gesti\u00f3n del inventario de su recipiente de almacenamiento sea sencilla.<\/li>\n<li><strong>El poder de la marca personalizada:<\/strong>Agregue su logotipo para convertir estos frascos de vidrio de boca ancha en una declaraci\u00f3n de marca \u00fanica para su l\u00ednea mayorista.<\/li>\n<\/ol>\n<h2>Especificaciones clave<\/h2>\n<table style=\"border-collapse: collapse; width: 80%; margin-left: auto; margin-right: auto;\" border=\"0\" width=\"288\" cellspacing=\"0\" cellpadding=\"0\">\n<tbody>\n<tr style=\"height: 13.50pt;\">\n<td style=\"height: 13.5pt; width: 54pt; text-align: center;\" width=\"72\" height=\"18\">Capacidad (ml)<\/td>\n<td style=\"width: 54pt; text-align: center;\" width=\"72\">Tama\u00f1o (cm)<\/td>\n<td style=\"width: 54pt; text-align: center;\" width=\"72\">Material<\/td>\n<td style=\"width: 54pt; text-align: center;\" width=\"72\">Caracter\u00edsticas<\/td>\n<\/tr>\n<tr style=\"height: 13.50pt;\">\n<td style=\"height: 13.5pt; text-align: center;\" align=\"right\" height=\"18\">600<\/td>\n<td style=\"text-align: center;\">9.5 * 10.0<\/td>\n<td class=\"et2\" style=\"text-align: center;\" rowspan=\"3\">Vidrio de borosilicato<\/td>\n<td class=\"et2\" style=\"text-align: center;\" rowspan=\"3\">Tapa de acero inoxidable de 95 mm con lados rectos<\/td>\n<\/tr>\n<tr style=\"height: 13.50pt;\">\n<td style=\"height: 13.5pt; text-align: center;\" align=\"right\" height=\"18\">1000<\/td>\n<td style=\"text-align: center;\">9.5 * 15.0<\/td>\n<\/tr>\n<tr style=\"height: 13.50pt;\">\n<td style=\"height: 13.5pt; text-align: center;\" align=\"right\" height=\"18\">1200<\/td>\n<td style=\"text-align: center;\">9.5 * 20.0<\/td>\n<\/tr>\n<\/tbody>\n<\/table>\n<h2>Caso de \u00e9xito<\/h2>\n<p>Una tienda de alimentaci\u00f3n aument\u00f3 sus ventas en un 50 % gracias a nuestros frascos de vidrio de boca ancha. Sus productos de miel, jarabe y gelatina adquirieron una apariencia premium, y los frascos para almacenar alimentos se convirtieron en un \u00e9xito de ventas. \u00abEstos frascos transformaron la percepci\u00f3n de nuestra marca por parte de los clientes; ahora compran todos sus frascos para almacenar alimentos al por mayor para cada nuevo lanzamiento\u00bb.<\/p>\n<h2>Tus consejos de personalizaci\u00f3n<\/h2>\n<p>Al personalizar este frasco de vidrio de borosilicato de boca ancha y alto, es recomendable seleccionar el tama\u00f1o y el volumen que se ajusten a sus necesidades de almacenamiento. Los frascos m\u00e1s grandes son ideales para almacenar frutas secas, refrigerios a granel o granos, mientras que los frascos m\u00e1s peque\u00f1os son ideales para guardar especias, dulces o alimentos envasados \u200b\u200bpeque\u00f1os. Para el almacenamiento a largo plazo de alimentos, puede optar por una tapa de acero inoxidable con anillo de sellado de silicona para garantizar que el recipiente sea resistente a la humedad y a la oxidaci\u00f3n de los alimentos. Seg\u00fan las necesidades de la marca, tambi\u00e9n puede decorar los frascos con logotipos, patrones o etiquetas para lograr un mayor reconocimiento de marca y atraer a m\u00e1s clientes.<\/p>","protected":false},"excerpt":{"rendered":"<p>Frascos de vidrio de boca ancha con tapa de acero inoxidable, fabricados directamente de f\u00e1brica, ideales para refrigerios y alimentos secos. Muestras gratuitas y opciones de personalizaci\u00f3n al por mayor disponibles.<\/p>","protected":false},"featured_media":4014,"template":"","meta":{"postBodyCss":"","postBodyMargin":[],"postBodyPadding":[],"postBodyBackground":{"backgroundType":"classic","gradient":""}},"product_brand":[],"product_cat":[15,17,61],"product_tag":[68,70,69],"class_list":{"0":"post-4013","1":"product","2":"type-product","3":"status-publish","4":"has-post-thumbnail","6":"product_cat-glass-containers","7":"product_cat-glass-jars","8":"product_cat-glass-jars-with-lids","9":"product_tag-borosilicate-glass-jars","10":"product_tag-seasoning-jars","11":"product_tag-storage-jars","13":"first","14":"instock","15":"shipping-taxable","16":"product-type-simple"},"jetpack_sharing_enabled":true,"_links":{"self":[{"href":"https:\/\/minghanggroup.com\/es\/wp-json\/wp\/v2\/product\/4013","targetHints":{"allow":["GET"]}}],"collection":[{"href":"https:\/\/minghanggroup.com\/es\/wp-json\/wp\/v2\/product"}],"about":[{"href":"https:\/\/minghanggroup.com\/es\/wp-json\/wp\/v2\/types\/product"}],"wp:featuredmedia":[{"embeddable":true,"href":"https:\/\/minghanggroup.com\/es\/wp-json\/wp\/v2\/media\/4014"}],"wp:attachment":[{"href":"https:\/\/minghanggroup.com\/es\/wp-json\/wp\/v2\/media?parent=4013"}],"wp:term":[{"taxonomy":"product_brand","embeddable":true,"href":"https:\/\/minghanggroup.com\/es\/wp-json\/wp\/v2\/product_brand?post=4013"},{"taxonomy":"product_cat","embeddable":true,"href":"https:\/\/minghanggroup.com\/es\/wp-json\/wp\/v2\/product_cat?post=4013"},{"taxonomy":"product_tag","embeddable":true,"href":"https:\/\/minghanggroup.com\/es\/wp-json\/wp\/v2\/product_tag?post=4013"}],"curies":[{"name":"wp","href":"https:\/\/api.w.org\/{rel}","templated":true}]}}