{"id":4008,"date":"2025-12-23T15:10:05","date_gmt":"2025-12-23T07:10:05","guid":{"rendered":"https:\/\/minghanggroup.com\/?post_type=product&#038;p=4008"},"modified":"2025-12-23T17:24:10","modified_gmt":"2025-12-23T09:24:10","slug":"empty-glass-food-storage-canisters-with-lids-bulk","status":"publish","type":"product","link":"https:\/\/minghanggroup.com\/es\/producto\/empty-glass-food-storage-canisters-with-lids-bulk\/","title":{"rendered":"Recipientes de vidrio vac\u00edos para almacenar alimentos con tapa (335 ml, 580 ml y 800 ml) a granel"},"content":{"rendered":"<p>Estos recipientes para almacenar alimentos con tapa son de vidrio de borosilicato transparente con un cuerpo totalmente transparente y una tapa de madera natural con textura exclusiva para que pueda mirar adentro y controlar sus ingredientes.<\/p>\n<h2>Caracter\u00edsticas del producto<\/h2>\n<ul>\n<li><strong>Vidrio de borosilicato alto:<\/strong> Tiene mejor resistencia al choque t\u00e9rmico, al rayado y a la abrasi\u00f3n.<\/li>\n<li><strong>Tapa con veta de madera natural:<\/strong> Proporciona un sello herm\u00e9tico designado adem\u00e1s de brindar textura natural y apariencia c\u00e1lida.<\/li>\n<li><strong>Opci\u00f3n de capacidades m\u00faltiples:<\/strong> Hay tres capacidades convenientes (335 ml a 800 ml) para diferentes requisitos de almacenamiento.<\/li>\n<\/ul>\n<h2 style=\"text-align: left;\">Especificaciones clave<\/h2>\n<table class=\"aligncenter\" style=\"border-collapse: collapse; width: 392.27pt;\" border=\"0\" width=\"523\" cellspacing=\"0\" cellpadding=\"0\">\n<tbody>\n<tr style=\"height: 13.50pt;\">\n<td style=\"height: 13.50pt; width: 107.25pt;\" width=\"143\" height=\"18\">Especificaci\u00f3n<\/td>\n<td style=\"width: 285.00pt;\" width=\"380\">Detalles<\/td>\n<\/tr>\n<tr style=\"height: 13.50pt;\">\n<td style=\"height: 13.50pt;\" height=\"18\">Capacidad<\/td>\n<td>335 ml \/ 580 ml \/ 800 ml<\/td>\n<\/tr>\n<tr style=\"height: 13.50pt;\">\n<td style=\"height: 13.50pt;\" height=\"18\">Dimensiones<\/td>\n<td>8\u00d710cm \/ 8\u00d715cm \/ 8\u00d720cm<\/td>\n<\/tr>\n<tr style=\"height: 13.50pt;\">\n<td style=\"height: 13.50pt;\" height=\"18\">Material<\/td>\n<td>Vidrio de borosilicato alto<\/td>\n<\/tr>\n<tr style=\"height: 13.50pt;\">\n<td style=\"height: 13.50pt;\" height=\"18\">Tipo de tapa<\/td>\n<td>Tapa con veta de madera natural<\/td>\n<\/tr>\n<tr style=\"height: 13.50pt;\">\n<td style=\"height: 13.50pt;\" height=\"18\">Di\u00e1metro de la tapa<\/td>\n<td>80 mm (uniforme en todos los tama\u00f1os)<\/td>\n<\/tr>\n<tr style=\"height: 13.50pt;\">\n<td style=\"height: 13.50pt;\" height=\"18\">Caracter\u00edstica del material<\/td>\n<td>Resistente al calor y a los qu\u00edmicos, alta claridad.<\/td>\n<\/tr>\n<tr style=\"height: 13.50pt;\">\n<td style=\"height: 13.50pt;\" height=\"18\">Ideal para<\/td>\n<td>Botes de vidrio con tapa, frascos de vidrio al por mayor<\/td>\n<\/tr>\n<\/tbody>\n<\/table>\n<h2>Estudio de caso<\/h2>\n<p>Nuestros botes de almacenamiento de alimentos de 580 ml con tapa se utilizaron para envasar pasta y cereales de alta gama en un supermercado de alta gama. Las tapas con vetas de madera ofrecieron un alto nivel de sellado, lo que aument\u00f3 la vida \u00fatil del producto a la mitad, reduciendo considerablemente el desperdicio. El dise\u00f1o de vidrio y plata, junto con su dise\u00f1o abierto, anim\u00f3 a los clientes a centrarse en la secci\u00f3n de productos a granel en un 60%, y las ventas de latas aumentaron un 45%. Gracias a este excelente rendimiento, el minorista tuvo que pedir 750.000 botes para implementar la idea en todas sus tiendas.<\/p>\n<h2>Botes de vidrio con tapas personalizables<\/h2>\n<ul>\n<li>Tapas de madera maciza: tapas de bamb\u00fa macizo, roble o nogal.<\/li>\n<li>Marca de tapa: logotipo grabado en relieve o cortado con l\u00e1ser en la tapa de madera.<\/li>\n<li>Patr\u00f3n de base en relieve: agregue un patr\u00f3n fino en relieve en la base del frasco.<\/li>\n<li>Actualizaci\u00f3n del anillo de sellado de silicona: incluye un anillo de silicona de grado alimenticio alrededor de la tapa para mantener los alimentos m\u00e1s frescos.<\/li>\n<\/ul>","protected":false},"excerpt":{"rendered":"<p>Botes premium con tapa para almacenar alimentos. Botes altos de vidrio con tapa y tapas de madera natural. Ideales para la despensa. Muestras gratuitas disponibles.<\/p>","protected":false},"featured_media":4010,"template":"","meta":{"postBodyCss":"","postBodyMargin":[],"postBodyPadding":[],"postBodyBackground":{"backgroundType":"classic","gradient":""}},"product_brand":[],"product_cat":[15,17,61],"product_tag":[],"class_list":{"0":"post-4008","1":"product","2":"type-product","3":"status-publish","4":"has-post-thumbnail","6":"product_cat-glass-containers","7":"product_cat-glass-jars","8":"product_cat-glass-jars-with-lids","10":"first","11":"instock","12":"shipping-taxable","13":"product-type-simple"},"jetpack_sharing_enabled":true,"_links":{"self":[{"href":"https:\/\/minghanggroup.com\/es\/wp-json\/wp\/v2\/product\/4008","targetHints":{"allow":["GET"]}}],"collection":[{"href":"https:\/\/minghanggroup.com\/es\/wp-json\/wp\/v2\/product"}],"about":[{"href":"https:\/\/minghanggroup.com\/es\/wp-json\/wp\/v2\/types\/product"}],"wp:featuredmedia":[{"embeddable":true,"href":"https:\/\/minghanggroup.com\/es\/wp-json\/wp\/v2\/media\/4010"}],"wp:attachment":[{"href":"https:\/\/minghanggroup.com\/es\/wp-json\/wp\/v2\/media?parent=4008"}],"wp:term":[{"taxonomy":"product_brand","embeddable":true,"href":"https:\/\/minghanggroup.com\/es\/wp-json\/wp\/v2\/product_brand?post=4008"},{"taxonomy":"product_cat","embeddable":true,"href":"https:\/\/minghanggroup.com\/es\/wp-json\/wp\/v2\/product_cat?post=4008"},{"taxonomy":"product_tag","embeddable":true,"href":"https:\/\/minghanggroup.com\/es\/wp-json\/wp\/v2\/product_tag?post=4008"}],"curies":[{"name":"wp","href":"https:\/\/api.w.org\/{rel}","templated":true}]}}