{"id":4003,"date":"2025-12-23T13:04:02","date_gmt":"2025-12-23T05:04:02","guid":{"rendered":"https:\/\/minghanggroup.com\/?post_type=product&#038;p=4003"},"modified":"2025-12-23T17:22:53","modified_gmt":"2025-12-23T09:22:53","slug":"clesr-empty-small-glass-jars-with-lids-bulk","status":"publish","type":"product","link":"https:\/\/minghanggroup.com\/es\/producto\/clesr-empty-small-glass-jars-with-lids-bulk\/","title":{"rendered":"Frascos de vidrio peque\u00f1os vac\u00edos Clesr de 120 ml, 210 ml y 260 ml con tapa a granel"},"content":{"rendered":"<p>Estos peque\u00f1os frascos de vidrio est\u00e1n fabricados en vidrio de borosilicato con una tapa de madera oscura con textura muy definida. Vienen en tres tama\u00f1os, ideales para combinar un mini espacio de almacenamiento con un estilo r\u00fastico y elegante.<\/p>\n<h2>Caracter\u00edsticas del producto<\/h2>\n<ul>\n<li><strong>Vidrio de brosilicato:<\/strong> Tiene muy alta resistencia, resistencia al choque t\u00e9rmico y tiene alta transparencia.<\/li>\n<li><strong>Tapa con veta de madera oscura:<\/strong> Proporciona una sensaci\u00f3n agradable y a\u00f1ade un toque elegante al frasco, adem\u00e1s de proporcionarle un sellado adecuado.<\/li>\n<li><strong>Cuerpo del frasco transparente:<\/strong> El material similar al vidrio se puede reconocer f\u00e1cilmente debido a la caracter\u00edstica transparente del material y, por lo tanto, se recupera y se lava f\u00e1cilmente.<\/li>\n<\/ul>\n<h2 style=\"text-align: left;\">Especificaciones clave<\/h2>\n<table class=\"aligncenter\" style=\"border-collapse: collapse; width: 477.02pt;\" border=\"0\" width=\"636\" cellspacing=\"0\" cellpadding=\"0\">\n<tbody>\n<tr style=\"height: 13.50pt;\">\n<td style=\"height: 13.50pt; width: 107.25pt;\" width=\"143\" height=\"18\">Especificaci\u00f3n<\/td>\n<td style=\"width: 369.75pt;\" width=\"493\">Detalles<\/td>\n<\/tr>\n<tr style=\"height: 13.50pt;\">\n<td style=\"height: 13.50pt;\" height=\"18\">Capacidad<\/td>\n<td>120 ml \/ 210 ml \/ 260 ml<\/td>\n<\/tr>\n<tr style=\"height: 13.50pt;\">\n<td style=\"height: 13.50pt;\" height=\"18\">Dimensiones<\/td>\n<td>6,5\u00d75,5 cm \/ 6,5\u00d78 cm \/ 6,5\u00d710,2 cm<\/td>\n<\/tr>\n<tr style=\"height: 13.50pt;\">\n<td style=\"height: 13.50pt;\" height=\"18\">Material<\/td>\n<td>Vidrio de borosilicato alto<\/td>\n<\/tr>\n<tr style=\"height: 13.50pt;\">\n<td style=\"height: 13.50pt;\" height=\"18\">Tipo de tapa<\/td>\n<td>Tapa plana con veta de madera oscura<\/td>\n<\/tr>\n<tr style=\"height: 13.50pt;\">\n<td style=\"height: 13.50pt;\" height=\"18\">Di\u00e1metro de la tapa<\/td>\n<td>65 mm (uniforme en todos los tama\u00f1os)<\/td>\n<\/tr>\n<tr style=\"height: 13.50pt;\">\n<td style=\"height: 13.50pt;\" height=\"18\">Caracter\u00edstica del material<\/td>\n<td>Resistente al calor y a los qu\u00edmicos, alta claridad, resistente a los ara\u00f1azos.<\/td>\n<\/tr>\n<tr style=\"height: 13.50pt;\">\n<td style=\"height: 13.50pt;\" height=\"18\">Ideal para<\/td>\n<td>Frascos de vidrio peque\u00f1os, frascos de vidrio a granel con tapas de madera<\/td>\n<\/tr>\n<\/tbody>\n<\/table>\n<h2>Historia de \u00e9xito: La decisi\u00f3n de envasado de una empresa de mezclas de especias<\/h2>\n<p>Nuestros peque\u00f1os frascos de vidrio de 210 ml de capacidad se utilizaron para envasar especias mezcladas artesanalmente, reci\u00e9n lanzadas al mercado por una empresa profesional de mezclas de especias. El vidrio de borosilicato result\u00f3 muy resistente al transporte y la tasa de rotura se redujo a un m\u00ednimo del 0,3 %. Su formato peque\u00f1o y estandarizado les permiti\u00f3 dise\u00f1ar magn\u00edficos sets de regalo compactos, cuyo valor de venta al p\u00fablico era 45 % superior al que utilizaban para envasar sus productos. Tras el gran volumen de ventas y la excelente respuesta de los clientes, solicitaron 120\u00a0000 frascos adicionales para facilitar la introducci\u00f3n del producto en todo el pa\u00eds.<\/p>\n<h2>Personalizaci\u00f3n de tarros de cristal peque\u00f1os<\/h2>\n<ul>\n<li>Tapa s\u00f3lida: agregue tapas de madera maciza de nogal, \u00e9bano o acacia.<\/li>\n<li>Grabado de tapa: corte con l\u00e1ser logotipos, patrones o letras finas sobre la tapa de madera.<\/li>\n<li>Marcas de volumen serigrafiadas: inserte marcas de medidas peque\u00f1as y elegantes (por ejemplo, 210 ml).<\/li>\n<li>Anillo de sellado de silicona: coloque un anillo de sellado de silicona de grado alimenticio en la tapa para garantizar un mejor sellado.<\/li>\n<\/ul>","protected":false},"excerpt":{"rendered":"<p>Frascos de vidrio peque\u00f1os con tapas de varios tama\u00f1os, fabricados con vidrio de borosilicato transparente y tapas de madera. Estos frascos de vidrio peque\u00f1os se pueden personalizar seg\u00fan las necesidades de almacenamiento.<\/p>","protected":false},"featured_media":4005,"template":"","meta":{"postBodyCss":"","postBodyMargin":[],"postBodyPadding":[],"postBodyBackground":{"backgroundType":"classic","gradient":""}},"product_brand":[],"product_cat":[15,17,61],"product_tag":[],"class_list":{"0":"post-4003","1":"product","2":"type-product","3":"status-publish","4":"has-post-thumbnail","6":"product_cat-glass-containers","7":"product_cat-glass-jars","8":"product_cat-glass-jars-with-lids","10":"first","11":"instock","12":"shipping-taxable","13":"product-type-simple"},"jetpack_sharing_enabled":true,"_links":{"self":[{"href":"https:\/\/minghanggroup.com\/es\/wp-json\/wp\/v2\/product\/4003","targetHints":{"allow":["GET"]}}],"collection":[{"href":"https:\/\/minghanggroup.com\/es\/wp-json\/wp\/v2\/product"}],"about":[{"href":"https:\/\/minghanggroup.com\/es\/wp-json\/wp\/v2\/types\/product"}],"wp:featuredmedia":[{"embeddable":true,"href":"https:\/\/minghanggroup.com\/es\/wp-json\/wp\/v2\/media\/4005"}],"wp:attachment":[{"href":"https:\/\/minghanggroup.com\/es\/wp-json\/wp\/v2\/media?parent=4003"}],"wp:term":[{"taxonomy":"product_brand","embeddable":true,"href":"https:\/\/minghanggroup.com\/es\/wp-json\/wp\/v2\/product_brand?post=4003"},{"taxonomy":"product_cat","embeddable":true,"href":"https:\/\/minghanggroup.com\/es\/wp-json\/wp\/v2\/product_cat?post=4003"},{"taxonomy":"product_tag","embeddable":true,"href":"https:\/\/minghanggroup.com\/es\/wp-json\/wp\/v2\/product_tag?post=4003"}],"curies":[{"name":"wp","href":"https:\/\/api.w.org\/{rel}","templated":true}]}}