{"id":3993,"date":"2025-12-23T11:02:09","date_gmt":"2025-12-23T03:02:09","guid":{"rendered":"https:\/\/minghanggroup.com\/?post_type=product&#038;p=3993"},"modified":"2026-01-20T13:36:28","modified_gmt":"2026-01-20T05:36:28","slug":"empty-glass-jars-with-lids-bulk","status":"publish","type":"product","link":"https:\/\/minghanggroup.com\/es\/producto\/empty-glass-jars-with-lids-bulk\/","title":{"rendered":"Frascos de vidrio vac\u00edos con tapa de 16 oz, 25 oz y 32 oz a granel"},"content":{"rendered":"<p>Estos frascos de vidrio de 940 ml con tapa est\u00e1n hechos de vidrio de borosilicato transparente, resistente y de aspecto profesional. La tapa plana, ligera y de color, recubierta de bamb\u00fa a juego con el frasco, ofrece un excelente sellado y, al mismo tiempo, evoca el encanto de la naturaleza.<\/p>\n<h2>Caracter\u00edsticas del producto<\/h2>\n<ul>\n<li><strong>Vidrio de borosilicato de alta calidad:<\/strong> No es sensible a los cambios de temperatura, es inodoro y resistente.<\/li>\n<li><strong>Dise\u00f1o de tapa sellada de madera de color claro:<\/strong> La tapa est\u00e1 dise\u00f1ada con patr\u00f3n de bamb\u00fa, que es bueno para sellar y ofrece una apariencia limpia y moderna.<\/li>\n<li><strong>Cuerpo del frasco transparente:<\/strong> El cuerpo del frasco de vidrio completamente transparente hace que el contenido sea visible y, por lo tanto, uno puede identificar f\u00e1cilmente lo que contiene sin tener que abrir la tapa.<\/li>\n<\/ul>\n<h2 style=\"text-align: left;\">Especificaciones clave<\/h2>\n<table class=\"aligncenter\" style=\"border-collapse: collapse; width: 450.77pt;\" border=\"0\" width=\"601\" cellspacing=\"0\" cellpadding=\"0\">\n<tbody>\n<tr style=\"height: 13.50pt;\">\n<td style=\"height: 13.50pt; width: 107.25pt;\" width=\"143\" height=\"18\">Especificaci\u00f3n<\/td>\n<td style=\"width: 343.50pt;\" width=\"458\">Detalles<\/td>\n<\/tr>\n<tr style=\"height: 13.50pt;\">\n<td style=\"height: 13.50pt;\" height=\"18\">Capacidad<\/td>\n<td>500 ml (16 oz) \/ 750 ml (25 oz) \/ 1000 ml (32 oz)<\/td>\n<\/tr>\n<tr style=\"height: 13.50pt;\">\n<td style=\"height: 13.50pt;\" height=\"18\">Dimensiones<\/td>\n<td>9\u00d710cm \/ 9\u00d715cm \/ 9\u00d720cm<\/td>\n<\/tr>\n<tr style=\"height: 13.50pt;\">\n<td style=\"height: 13.50pt;\" height=\"18\">Material<\/td>\n<td>Vidrio de borosilicato alto<\/td>\n<\/tr>\n<tr style=\"height: 13.50pt;\">\n<td style=\"height: 13.50pt;\" height=\"18\">Tipo de tapa<\/td>\n<td>Tapa plana en tono madera claro (textura de bamb\u00fa)<\/td>\n<\/tr>\n<tr style=\"height: 13.50pt;\">\n<td style=\"height: 13.50pt;\" height=\"18\">Di\u00e1metro de la tapa<\/td>\n<td>90 mm (uniforme)<\/td>\n<\/tr>\n<tr style=\"height: 13.50pt;\">\n<td style=\"height: 13.50pt;\" height=\"18\">Caracter\u00edstica del material<\/td>\n<td>Resistente al calor y a los qu\u00edmicos, alta claridad.<\/td>\n<\/tr>\n<tr style=\"height: 13.50pt;\">\n<td style=\"height: 13.50pt;\" height=\"18\">Ideal para<\/td>\n<td>Frascos de vidrio con tapa a granel, Frasco de vidrio vac\u00edo con tapas de madera<\/td>\n<\/tr>\n<\/tbody>\n<\/table>\n<h2>Caso de \u00e9xito: Est\u00e1ndar de embalaje para tostadoras de caf\u00e9 al por mayor<\/h2>\n<p>Una tostadora de caf\u00e9 en expansi\u00f3n ha seleccionado nuestros frascos de 940 ml como el envase principal para sus granos de caf\u00e9. La alta durabilidad del vidrio de borosilicato minimiz\u00f3 la tasa de roturas en un 80 % durante el transporte y en manos de los clientes. La tapa con dise\u00f1o de bamb\u00fa ofrece una capa protectora beneficiosa que mantiene los granos frescos y crujientes durante varios meses, lo que reduce el desperdicio de productos en un 55 %. La panader\u00eda encarg\u00f3 otro lote de 150\u00a0000 frascos de vidrio y luego implementar\u00eda esta opci\u00f3n de envasado en sus dem\u00e1s puntos de venta.<\/p>\n<h2>Sugerencias de personalizaci\u00f3n a granel de frascos de vidrio con tapa<\/h2>\n<ul>\n<li>Tapas de bamb\u00fa de calidad alimentaria: haga que su tapa texturizada de bamb\u00fa sea m\u00e1s atractiva y genuina convirti\u00e9ndola en una tapa de bamb\u00fa real de calidad alimentaria.<\/li>\n<li>Estampado en caliente en la tapa: Coloque un estampado en caliente de su logotipo\/dise\u00f1o justo en el centro de la tapa.<\/li>\n<li>Etiquetas de capacidad serigrafiadas: inserte l\u00edneas de llenado permanentes en unidades m\u00e9tricas e imperiales.<\/li>\n<li>Color de tapa individual: elija el acabado preciso de la veta de la madera.<\/li>\n<\/ul>","protected":false},"excerpt":{"rendered":"<p>Encuentra frascos de vidrio premium con tapa al por mayor. Nuestros frascos de 940 ml y otros tama\u00f1os son duraderos y herm\u00e9ticos. Ideales para compras al por mayor. Entrega r\u00e1pida disponible.<\/p>","protected":false},"featured_media":4000,"template":"","meta":{"postBodyCss":"","postBodyMargin":[],"postBodyPadding":[],"postBodyBackground":{"backgroundType":"classic","gradient":""}},"product_brand":[],"product_cat":[15,17,61],"product_tag":[68,67,70,69],"class_list":{"0":"post-3993","1":"product","2":"type-product","3":"status-publish","4":"has-post-thumbnail","6":"product_cat-glass-containers","7":"product_cat-glass-jars","8":"product_cat-glass-jars-with-lids","9":"product_tag-borosilicate-glass-jars","10":"product_tag-candy-jars","11":"product_tag-seasoning-jars","12":"product_tag-storage-jars","14":"first","15":"instock","16":"shipping-taxable","17":"product-type-simple"},"jetpack_sharing_enabled":true,"_links":{"self":[{"href":"https:\/\/minghanggroup.com\/es\/wp-json\/wp\/v2\/product\/3993","targetHints":{"allow":["GET"]}}],"collection":[{"href":"https:\/\/minghanggroup.com\/es\/wp-json\/wp\/v2\/product"}],"about":[{"href":"https:\/\/minghanggroup.com\/es\/wp-json\/wp\/v2\/types\/product"}],"wp:featuredmedia":[{"embeddable":true,"href":"https:\/\/minghanggroup.com\/es\/wp-json\/wp\/v2\/media\/4000"}],"wp:attachment":[{"href":"https:\/\/minghanggroup.com\/es\/wp-json\/wp\/v2\/media?parent=3993"}],"wp:term":[{"taxonomy":"product_brand","embeddable":true,"href":"https:\/\/minghanggroup.com\/es\/wp-json\/wp\/v2\/product_brand?post=3993"},{"taxonomy":"product_cat","embeddable":true,"href":"https:\/\/minghanggroup.com\/es\/wp-json\/wp\/v2\/product_cat?post=3993"},{"taxonomy":"product_tag","embeddable":true,"href":"https:\/\/minghanggroup.com\/es\/wp-json\/wp\/v2\/product_tag?post=3993"}],"curies":[{"name":"wp","href":"https:\/\/api.w.org\/{rel}","templated":true}]}}