{"id":3992,"date":"2025-12-23T11:19:05","date_gmt":"2025-12-23T03:19:05","guid":{"rendered":"https:\/\/minghanggroup.com\/?post_type=product&#038;p=3992"},"modified":"2025-12-23T17:10:05","modified_gmt":"2025-12-23T09:10:05","slug":"high-borosilicate-glass-jars-with-lids-wholesale","status":"publish","type":"product","link":"https:\/\/minghanggroup.com\/es\/producto\/high-borosilicate-glass-jars-with-lids-wholesale\/","title":{"rendered":"Frascos de vidrio de borosilicato de alta calidad con tapas de 600 ml, 1000 ml y 1350 ml para productos secos."},"content":{"rendered":"<p>Mereces un empaque de lujo que no solo mantenga tus productos frescos, sino que tambi\u00e9n haga que tu marca sea visualmente atractiva. Fabricamos frascos de vidrio con tapa al por mayor que son un \u00e9xito innato, donde cada frasco se convierte en un medio para realzar la historia de tu producto.<\/p>\n<h2>Caracter\u00edsticas del producto<\/h2>\n<ol>\n<li><strong>Dise\u00f1o de tapa de acero inoxidable:<\/strong>Las tapas de acero inoxidable fabricadas con material de alta calidad no solo proporcionan un sellado perfecto, sino que tambi\u00e9n mantienen los art\u00edculos almacenados frescos durante mucho tiempo, evitando as\u00ed la entrada de humedad y ox\u00edgeno.<\/li>\n<li><strong>F\u00e1cil de limpiar:<\/strong>Los frascos de vidrio para almacenamiento de alimentos a granel son muy f\u00e1ciles de limpiar, no adquieren olores ni cambian de color, son adecuados para un uso prolongado y, al mismo tiempo, garantizan la higiene y seguridad del almacenamiento de alimentos.<\/li>\n<li><strong>Multifuncional:<\/strong>Adem\u00e1s de ser excelentes para almacenar frutas secas, especias y t\u00e9, tambi\u00e9n se pueden utilizar para guardar artesan\u00edas, art\u00edculos peque\u00f1os, etc., teniendo as\u00ed una amplia gama de aplicaciones.<\/li>\n<\/ol>\n<h2>Especificaciones clave<\/h2>\n<table style=\"border-collapse: collapse; width: 80%; margin-left: auto; margin-right: auto;\" border=\"0\" width=\"288\" cellspacing=\"0\" cellpadding=\"0\">\n<tbody>\n<tr style=\"height: 13.50pt;\">\n<td style=\"height: 13.5pt; width: 54pt; text-align: center;\" width=\"72\" height=\"18\">Capacidad (ml)<\/td>\n<td style=\"width: 54pt; text-align: center;\" width=\"72\">Tama\u00f1o (cm)<\/td>\n<td style=\"width: 54pt; text-align: center;\" width=\"72\">Material<\/td>\n<td style=\"width: 54pt; text-align: center;\" width=\"72\">Caracter\u00edsticas<\/td>\n<\/tr>\n<tr style=\"height: 13.50pt;\">\n<td style=\"height: 13.5pt; text-align: center;\" height=\"18\">600<\/td>\n<td style=\"text-align: center;\">9.8 * 10.0<\/td>\n<td class=\"et2\" style=\"text-align: center;\" rowspan=\"3\">Vidrio de borosilicato<\/td>\n<td class=\"et2\" style=\"text-align: center;\" rowspan=\"3\">Tapa de acero inoxidable de 98 mm con lados rectos<\/td>\n<\/tr>\n<tr style=\"height: 13.50pt;\">\n<td style=\"height: 13.5pt; text-align: center;\" height=\"18\">1000<\/td>\n<td style=\"text-align: center;\">9.8 * 15.0<\/td>\n<\/tr>\n<tr style=\"height: 13.50pt;\">\n<td style=\"height: 13.5pt; text-align: center;\" height=\"18\">1350<\/td>\n<td style=\"text-align: center;\">9.8 * 20.0<\/td>\n<\/tr>\n<\/tbody>\n<\/table>\n<h2>Caso de \u00e9xito de Frascos de Vidrio a Granel<\/h2>\n<p>Una marca de alimentos org\u00e1nicos de alta gama ha utilizado estos frascos de vidrio de borosilicato a granel para envasar y exhibir su nueva l\u00ednea de t\u00e9 y especias. Con la incorporaci\u00f3n de una tapa de acero inoxidable, la marca no solo logr\u00f3 un sellado perfecto, sino que adem\u00e1s, gracias a su dise\u00f1o transparente, expuso todo el color y la textura del t\u00e9 y las especias, atrayendo as\u00ed a m\u00e1s clientes.<\/p>\n<p>Las ventas de t\u00e9 y especias de la marca aumentaron un 25% en seis meses despu\u00e9s de la renovaci\u00f3n del producto.<\/p>\n<h2>Tus consejos de personalizaci\u00f3n<\/h2>\n<p>Al personalizar estos frascos de vidrio de borosilicato a granel, es muy recomendable seleccionar las opciones con flexibilidad seg\u00fan su mercado objetivo y sus necesidades de almacenamiento. Un minorista o due\u00f1o de un restaurante podr\u00eda considerar modificar la capacidad y la forma de los frascos para adaptarlos a las caracter\u00edsticas de sus productos. Los frascos m\u00e1s grandes son ideales para alimentos secos a granel, granos o botellas grandes de especias, mientras que los frascos m\u00e1s peque\u00f1os son perfectos para especias, t\u00e9 o alimentos envasados \u200b\u200bpeque\u00f1os. Adem\u00e1s, la elecci\u00f3n de la tapa de sellado es fundamental. Si desea mantener los alimentos frescos durante largas horas, una tapa de acero inoxidable con excelentes propiedades de sellado deber\u00eda ser la mejor opci\u00f3n para evitar la humedad y el aire.<\/p>\n<p>Adem\u00e1s, puede personalizar el logotipo, las etiquetas o el patr\u00f3n de su marca para lograr un mayor reconocimiento en el mercado y mejorar su imagen. En las cocinas dom\u00e9sticas, adem\u00e1s de la funcionalidad, los dise\u00f1os personalizados, como el vidrio esmerilado o de color, pueden a\u00f1adir belleza y darle un toque moderno.<\/p>","protected":false},"excerpt":{"rendered":"<p>Venta directa de f\u00e1brica de frascos de vidrio de borosilicato de alta pureza con tapa al por mayor, ideales para almacenar productos secos y especias. Ofrecemos personalizaci\u00f3n al por mayor de frascos de vidrio.<\/p>","protected":false},"featured_media":3994,"template":"","meta":{"postBodyCss":"","postBodyMargin":[],"postBodyPadding":[],"postBodyBackground":{"backgroundType":"classic","gradient":""}},"product_brand":[],"product_cat":[15,17,61],"product_tag":[],"class_list":{"0":"post-3992","1":"product","2":"type-product","3":"status-publish","4":"has-post-thumbnail","6":"product_cat-glass-containers","7":"product_cat-glass-jars","8":"product_cat-glass-jars-with-lids","10":"first","11":"instock","12":"shipping-taxable","13":"product-type-simple"},"jetpack_sharing_enabled":true,"_links":{"self":[{"href":"https:\/\/minghanggroup.com\/es\/wp-json\/wp\/v2\/product\/3992","targetHints":{"allow":["GET"]}}],"collection":[{"href":"https:\/\/minghanggroup.com\/es\/wp-json\/wp\/v2\/product"}],"about":[{"href":"https:\/\/minghanggroup.com\/es\/wp-json\/wp\/v2\/types\/product"}],"wp:featuredmedia":[{"embeddable":true,"href":"https:\/\/minghanggroup.com\/es\/wp-json\/wp\/v2\/media\/3994"}],"wp:attachment":[{"href":"https:\/\/minghanggroup.com\/es\/wp-json\/wp\/v2\/media?parent=3992"}],"wp:term":[{"taxonomy":"product_brand","embeddable":true,"href":"https:\/\/minghanggroup.com\/es\/wp-json\/wp\/v2\/product_brand?post=3992"},{"taxonomy":"product_cat","embeddable":true,"href":"https:\/\/minghanggroup.com\/es\/wp-json\/wp\/v2\/product_cat?post=3992"},{"taxonomy":"product_tag","embeddable":true,"href":"https:\/\/minghanggroup.com\/es\/wp-json\/wp\/v2\/product_tag?post=3992"}],"curies":[{"name":"wp","href":"https:\/\/api.w.org\/{rel}","templated":true}]}}