{"id":3986,"date":"2025-12-23T09:06:08","date_gmt":"2025-12-23T01:06:08","guid":{"rendered":"https:\/\/minghanggroup.com\/?post_type=product&#038;p=3986"},"modified":"2026-01-20T13:37:57","modified_gmt":"2026-01-20T05:37:57","slug":"big-glass-jars-with-wooden-lids-wholesale","status":"publish","type":"product","link":"https:\/\/minghanggroup.com\/es\/producto\/big-glass-jars-with-wooden-lids-wholesale\/","title":{"rendered":"Frascos de vidrio grandes de 2750 ml con tapa de madera al por mayor"},"content":{"rendered":"<p>Estos frascos de vidrio de gran capacidad, elegantes y grandes, cuentan con tapas de vidrio de borosilicato de alta capacidad. Las tapas tambi\u00e9n est\u00e1n decoradas con vetas de madera oscura con gran textura, y el cuerpo de vidrio transparente permite ver claramente el contenido.<\/p>\n<h2>Caracter\u00edsticas del producto<\/h2>\n<ul>\n<li><strong>Alta resistencia al choque t\u00e9rmico:<\/strong> Estos frascos de vidrio son muy resistentes al choque t\u00e9rmico y no se fracturar\u00e1n incluso cuando se saquen directamente del congelador y se coloquen en el horno.<\/li>\n<li><strong>Sellado seguro:<\/strong> Esta tapa herm\u00e9tica tiene la capacidad de sellar la frescura de los alimentos y expulsar la humedad.<\/li>\n<li><strong>Cuerpo del frasco transparente y visible:<\/strong> Este cuerpo est\u00e1 hecho de vidrio completamente transparente lo que permite ver f\u00e1cilmente los alimentos en el interior sin abrir la tapa, lo que hace que sea f\u00e1cil de identificar.<\/li>\n<\/ul>\n<h2 style=\"text-align: left;\">Especificaciones clave<\/h2>\n<table class=\"aligncenter\" style=\"border-collapse: collapse; width: 477.02pt;\" border=\"0\" width=\"636\" cellspacing=\"0\" cellpadding=\"0\">\n<tbody>\n<tr style=\"height: 13.50pt;\">\n<td style=\"height: 13.50pt; width: 107.25pt;\" width=\"143\" height=\"18\">Especificaci\u00f3n<\/td>\n<td style=\"width: 369.75pt;\" width=\"493\">Detalles<\/td>\n<\/tr>\n<tr style=\"height: 13.50pt;\">\n<td style=\"height: 13.50pt;\" height=\"18\">Capacidad<\/td>\n<td>2750 ml (2,75 l)<\/td>\n<\/tr>\n<tr style=\"height: 13.50pt;\">\n<td style=\"height: 13.50pt;\" height=\"18\">Dimensiones<\/td>\n<td>14\u00d729,5 cm<\/td>\n<\/tr>\n<tr style=\"height: 13.50pt;\">\n<td style=\"height: 13.50pt;\" height=\"18\">Material<\/td>\n<td>Vidrio de borosilicato alto<\/td>\n<\/tr>\n<tr style=\"height: 13.50pt;\">\n<td style=\"height: 13.50pt;\" height=\"18\">Tipo de tapa<\/td>\n<td>Tapa plana con veta de madera profunda<\/td>\n<\/tr>\n<tr style=\"height: 13.50pt;\">\n<td style=\"height: 13.50pt;\" height=\"18\">Di\u00e1metro de la tapa<\/td>\n<td>110 mm (di\u00e1metro de la base)<\/td>\n<\/tr>\n<tr style=\"height: 13.50pt;\">\n<td style=\"height: 13.50pt;\" height=\"18\">Caracter\u00edstica del material<\/td>\n<td>Alta resistencia t\u00e9rmica y qu\u00edmica, claridad superior, durabilidad.<\/td>\n<\/tr>\n<tr style=\"height: 13.50pt;\">\n<td style=\"height: 13.50pt;\" height=\"18\">Ideal para<\/td>\n<td>Frascos de vidrio grandes con tapa, frascos de vidrio grandes a granel<\/td>\n<\/tr>\n<\/tbody>\n<\/table>\n<h2>Historia de \u00e9xito<\/h2>\n<p>Un vendedor estadounidense de alimentos especializados necesitaba un proveedor de frascos de vidrio de calidad con tapas de madera para su nueva l\u00ednea de productos de t\u00e9 y cereales. \u00bfQu\u00e9 tal les fue? Estos frascos de vidrio no se agrietan ni siquiera con cambios de temperatura superiores a 1500 \u00b0C; su transparencia era perfecta, lo que increment\u00f3 considerablemente las ventas; su excelente capacidad de sellado, probada hasta 40 veces m\u00e1s que la vida \u00fatil de los productos, satisfizo enormemente a los clientes y se convirti\u00f3 en un pedido de 200\u00a0000 unidades.<\/p>\n<h2>Recomendaciones de adaptaci\u00f3n de frascos de vidrio grandes con tapa<\/h2>\n<ul>\n<li>Personalizaci\u00f3n de la tapa: seleccione varias tapas de madera (por ejemplo, roble claro o nogal).<\/li>\n<li>Selecci\u00f3n de capacidad: \u00bfNecesita otras capacidades? Podemos modificar la capacidad sin perder las elegantes proporciones del frasco.<\/li>\n<li>Tinte de vidrio: agregue colores muy leves (por ejemplo, \u00e1mbar o azul) a los frascos, para que act\u00faen como protecci\u00f3n UV o proporcionen un color de marca exclusivo.<\/li>\n<li>Textura de la superficie: El cuerpo del frasco tiene grabado \u00e1cido en algunas de las partes y crea una textura esmerilada y mejora el agarre.<\/li>\n<li>Actualizaci\u00f3n de sellado especial: agregue un desecante incorporado o una v\u00e1lvula de sellado al vac\u00edo a la tapa para lograr una frescura a muy largo plazo.<\/li>\n<\/ul>","protected":false},"excerpt":{"rendered":"<p>Descubra nuestros frascos de vidrio grandes premium con tapa. Estos frascos de vidrio de 2,75 l con tapa de madera son duraderos y herm\u00e9ticos. Perfectos para almacenar a granel. Muestra gratis.<\/p>","protected":false},"featured_media":3988,"template":"","meta":{"postBodyCss":"","postBodyMargin":[],"postBodyPadding":[],"postBodyBackground":{"backgroundType":"classic","gradient":""}},"product_brand":[],"product_cat":[15,17,61],"product_tag":[68,67,69],"class_list":{"0":"post-3986","1":"product","2":"type-product","3":"status-publish","4":"has-post-thumbnail","6":"product_cat-glass-containers","7":"product_cat-glass-jars","8":"product_cat-glass-jars-with-lids","9":"product_tag-borosilicate-glass-jars","10":"product_tag-candy-jars","11":"product_tag-storage-jars","13":"first","14":"instock","15":"shipping-taxable","16":"product-type-simple"},"jetpack_sharing_enabled":true,"_links":{"self":[{"href":"https:\/\/minghanggroup.com\/es\/wp-json\/wp\/v2\/product\/3986","targetHints":{"allow":["GET"]}}],"collection":[{"href":"https:\/\/minghanggroup.com\/es\/wp-json\/wp\/v2\/product"}],"about":[{"href":"https:\/\/minghanggroup.com\/es\/wp-json\/wp\/v2\/types\/product"}],"wp:featuredmedia":[{"embeddable":true,"href":"https:\/\/minghanggroup.com\/es\/wp-json\/wp\/v2\/media\/3988"}],"wp:attachment":[{"href":"https:\/\/minghanggroup.com\/es\/wp-json\/wp\/v2\/media?parent=3986"}],"wp:term":[{"taxonomy":"product_brand","embeddable":true,"href":"https:\/\/minghanggroup.com\/es\/wp-json\/wp\/v2\/product_brand?post=3986"},{"taxonomy":"product_cat","embeddable":true,"href":"https:\/\/minghanggroup.com\/es\/wp-json\/wp\/v2\/product_cat?post=3986"},{"taxonomy":"product_tag","embeddable":true,"href":"https:\/\/minghanggroup.com\/es\/wp-json\/wp\/v2\/product_tag?post=3986"}],"curies":[{"name":"wp","href":"https:\/\/api.w.org\/{rel}","templated":true}]}}