{"id":3977,"date":"2025-12-22T17:09:26","date_gmt":"2025-12-22T09:09:26","guid":{"rendered":"https:\/\/minghanggroup.com\/?post_type=product&#038;p=3977"},"modified":"2026-01-20T13:38:40","modified_gmt":"2026-01-20T05:38:40","slug":"high-borosilicate-glass-storage-jars-with-lids-for-snacks-bulk","status":"publish","type":"product","link":"https:\/\/minghanggroup.com\/es\/producto\/high-borosilicate-glass-storage-jars-with-lids-for-snacks-bulk\/","title":{"rendered":"Frascos de vidrio de borosilicato de alta capacidad de 550 ml a 1950 ml con tapa para refrigerios a granel"},"content":{"rendered":"<p>Deber\u00edas conseguir envases que mantengan tus productos frescos y realcen tu marca. Fabricamos frascos de vidrio con tapa, perfectos para la cocina. Estos frascos de boca ancha est\u00e1n dise\u00f1ados para que tus productos destaquen y cuenten la historia de tu marca. Tu marca es lo que importa, y los frascos de vidrio grandes con tapa est\u00e1n ah\u00ed para que tu marca brille.<\/p>\n<h2>Caracter\u00edsticas del producto<\/h2>\n<ol>\n<li><strong>Dise\u00f1o de visibilidad clara:<\/strong>Puedes ver el contenido de tus frascos de cocina gracias a su vidrio de borosilicato. Esto facilita enormemente el control de lo que hay en tus frascos de boca ancha. No tienes que preocuparte por el contenido, ya que el vidrio de borosilicato transparente te permite ver el contenido al instante.<\/li>\n<li><strong>Sello de tapa de madera:<\/strong>La tapa de madera que viene con este recipiente tiene un sello. Este sello ayuda a cerrar la tapa herm\u00e9ticamente. Esto significa que los art\u00edculos que guardes se mantendr\u00e1n frescos. Es ideal para almacenar muchos art\u00edculos a granel. La tapa de madera con sello es fundamental para mantener el contenido fresco.<\/li>\n<li><strong>Almacenamiento vers\u00e1til:<\/strong>Estos frascos de vidrio de lados rectos contienen de todo, desde miel y alm\u00edbar hasta hierbas y productos secos: perfectos para frascos de cocina.<\/li>\n<\/ol>\n<h2>Especificaciones clave<\/h2>\n<table style=\"border-collapse: collapse; width: 80%; margin-left: auto; margin-right: auto;\" border=\"0\" width=\"288\" cellspacing=\"0\" cellpadding=\"0\">\n<tbody>\n<tr style=\"height: 13.50pt;\">\n<td style=\"height: 13.5pt; width: 54pt; text-align: center;\" width=\"72\" height=\"18\">Capacidad (ml)<\/td>\n<td style=\"width: 54pt; text-align: center;\" width=\"72\">Tama\u00f1o (cm)<\/td>\n<td style=\"width: 54pt; text-align: center;\" width=\"72\">Material<\/td>\n<td style=\"width: 54pt; text-align: center;\" width=\"72\">Caracter\u00edsticas<\/td>\n<\/tr>\n<tr style=\"height: 13.50pt;\">\n<td style=\"height: 13.5pt; text-align: center;\" align=\"right\" height=\"18\">550<\/td>\n<td style=\"text-align: center;\">10.0 * 10.0<\/td>\n<td class=\"et2\" style=\"text-align: center;\" rowspan=\"6\">Vidrio de borosilicato<\/td>\n<td class=\"et2\" style=\"text-align: center;\" rowspan=\"6\">Tapa de madera de 100 mm con lados rectos<\/td>\n<\/tr>\n<tr style=\"height: 13.50pt;\">\n<td style=\"height: 13.5pt; text-align: center;\" align=\"right\" height=\"18\">660<\/td>\n<td style=\"text-align: center;\">10.0 * 12.0<\/td>\n<\/tr>\n<tr style=\"height: 13.50pt;\">\n<td style=\"height: 13.5pt; text-align: center;\" align=\"right\" height=\"18\">900<\/td>\n<td style=\"text-align: center;\">10.0 * 15.0<\/td>\n<\/tr>\n<tr style=\"height: 13.50pt;\">\n<td style=\"height: 13.5pt; text-align: center;\" align=\"right\" height=\"18\">1250<\/td>\n<td style=\"text-align: center;\">10.0 * 20.0<\/td>\n<\/tr>\n<tr style=\"height: 13.50pt;\">\n<td style=\"height: 13.5pt; text-align: center;\" align=\"right\" height=\"18\">1500<\/td>\n<td style=\"text-align: center;\">10.0 * 23.0<\/td>\n<\/tr>\n<tr style=\"height: 13.50pt;\">\n<td style=\"height: 13.5pt; text-align: center;\" align=\"right\" height=\"18\">1950<\/td>\n<td style=\"text-align: center;\">10.0 * 28.0<\/td>\n<\/tr>\n<\/tbody>\n<\/table>\n<h2>Caso de \u00e9xito<\/h2>\n<p>Esta gran tienda eligi\u00f3 estos frascos de vidrio para realzar el atractivo de su secci\u00f3n de alimentos. Los usaron para guardar art\u00edculos como refrigerios, dulces y pasta. Son geniales porque son f\u00e1ciles de rellenar y la comida que contienen se puede exhibir f\u00e1cilmente. Todos pueden ver a trav\u00e9s del vidrio y as\u00ed estar seguros de lo que compran. Adem\u00e1s, los frascos tienen tapas que mantienen todo fresco durante mucho tiempo.<\/p>\n<p>La tienda aprovech\u00f3 estos frascos para guardar bocadillos, dulces, pasta y otros productos secos. Los frascos de vidrio son transparentes, lo que permite a los clientes ver los alimentos con claridad y despertar el deseo de comprarlos. Los frascos cuentan con tapas y clips met\u00e1licos que mantienen la comida fresca.<\/p>\n<p>A los cuatro meses de poner en pr\u00e1ctica esta mejora, el minorista experiment\u00f3 un aumento del 15% en las ventas de productos secos y snacks, siendo esta nueva y m\u00e1s atractiva forma de presentar los productos especialmente favorecida por los consumidores m\u00e1s j\u00f3venes.<\/p>\n<h2>Tus consejos de personalizaci\u00f3n<\/h2>\n<p>Al seleccionar recipientes de borosilicato, debe adaptar el tama\u00f1o y la apariencia a sus necesidades. Si planea almacenar una gran cantidad de alimentos secos o productos m\u00e1s grandes, elija un frasco de mayor volumen y boca ancha para acceder a \u00e9l y rellenarlo f\u00e1cilmente. Los frascos m\u00e1s peque\u00f1os son mejores para art\u00edculos peque\u00f1os o para productos que necesitan una presentaci\u00f3n m\u00e1s atractiva. Dado que el sellado es fundamental, se recomienda seleccionar modelos con clips met\u00e1licos y tapas de madera que proporcionen hermeticidad y, al mismo tiempo, mejoren la apariencia general y den una sensaci\u00f3n natural. En cuanto al dise\u00f1o, puede personalizar las tapas de madera en diferentes colores o estilos para adaptarse a los requisitos de su marca, e incluso agregar logotipos o patrones personalizados para facilitar el reconocimiento de la marca y que sean adecuados para diferentes puntos de venta.<\/p>","protected":false},"excerpt":{"rendered":"<p>Venta directa de f\u00e1brica de frascos de vidrio con tapa y dise\u00f1o de boca ancha, ideales para refrigerios y productos secos. Ofrecemos muestras gratuitas y personalizaci\u00f3n al por mayor.<\/p>","protected":false},"featured_media":3985,"template":"","meta":{"postBodyCss":"","postBodyMargin":[],"postBodyPadding":[],"postBodyBackground":{"backgroundType":"classic","gradient":""}},"product_brand":[],"product_cat":[15,17,61],"product_tag":[68,67,70,69],"class_list":{"0":"post-3977","1":"product","2":"type-product","3":"status-publish","4":"has-post-thumbnail","6":"product_cat-glass-containers","7":"product_cat-glass-jars","8":"product_cat-glass-jars-with-lids","9":"product_tag-borosilicate-glass-jars","10":"product_tag-candy-jars","11":"product_tag-seasoning-jars","12":"product_tag-storage-jars","14":"first","15":"instock","16":"shipping-taxable","17":"product-type-simple"},"jetpack_sharing_enabled":true,"_links":{"self":[{"href":"https:\/\/minghanggroup.com\/es\/wp-json\/wp\/v2\/product\/3977","targetHints":{"allow":["GET"]}}],"collection":[{"href":"https:\/\/minghanggroup.com\/es\/wp-json\/wp\/v2\/product"}],"about":[{"href":"https:\/\/minghanggroup.com\/es\/wp-json\/wp\/v2\/types\/product"}],"wp:featuredmedia":[{"embeddable":true,"href":"https:\/\/minghanggroup.com\/es\/wp-json\/wp\/v2\/media\/3985"}],"wp:attachment":[{"href":"https:\/\/minghanggroup.com\/es\/wp-json\/wp\/v2\/media?parent=3977"}],"wp:term":[{"taxonomy":"product_brand","embeddable":true,"href":"https:\/\/minghanggroup.com\/es\/wp-json\/wp\/v2\/product_brand?post=3977"},{"taxonomy":"product_cat","embeddable":true,"href":"https:\/\/minghanggroup.com\/es\/wp-json\/wp\/v2\/product_cat?post=3977"},{"taxonomy":"product_tag","embeddable":true,"href":"https:\/\/minghanggroup.com\/es\/wp-json\/wp\/v2\/product_tag?post=3977"}],"curies":[{"name":"wp","href":"https:\/\/api.w.org\/{rel}","templated":true}]}}