{"id":3976,"date":"2025-12-22T16:11:06","date_gmt":"2025-12-22T08:11:06","guid":{"rendered":"https:\/\/minghanggroup.com\/?post_type=product&#038;p=3976"},"modified":"2026-01-20T13:38:59","modified_gmt":"2026-01-20T05:38:59","slug":"clear-large-glass-jars-with-lids-bulk","status":"publish","type":"product","link":"https:\/\/minghanggroup.com\/es\/producto\/clear-large-glass-jars-with-lids-bulk\/","title":{"rendered":"Frascos de vidrio grandes transparentes con tapa de 1250 ml y 1950 ml a granel"},"content":{"rendered":"<p>Estos grandes frascos de vidrio con tapa ofrecen una gran capacidad de almacenamiento y est\u00e1n hechos de vidrio de borosilicato transparente de alta resistencia, lo que permite ver f\u00e1cilmente el contenido. La tapa plana con veta de madera oscura no solo ofrece un mejor sellado, sino que tambi\u00e9n proporciona una calidez natural.<\/p>\n<h2>Caracter\u00edsticas del producto<\/h2>\n<ul>\n<li><strong>Dos tama\u00f1os:<\/strong> Los dos tama\u00f1os se basan en diferentes requisitos de capacidad, lo que proporciona una mayor flexibilidad en el almacenamiento.<\/li>\n<li><strong>Los beneficios del vidrio de borosilicato alto:<\/strong> Tiene un alto nivel de resistencia a las fluctuaciones de temperatura, as\u00ed como en su resistencia al olor y a la fuerza, y est\u00e1 hecho de vidrio de borosilicato alto.<\/li>\n<li><strong>Dise\u00f1o de tapa con veta de madera oscura:<\/strong> La tapa plana de madera tiene una textura rica que se utiliza para combinar tanto el sellado como la belleza y es f\u00e1cil de abrir y cerrar.<\/li>\n<\/ul>\n<h2 style=\"text-align: left;\">Especificaciones clave<\/h2>\n<table class=\"aligncenter\" style=\"border-collapse: collapse; width: 485.27pt;\" border=\"0\" width=\"647\" cellspacing=\"0\" cellpadding=\"0\">\n<tbody>\n<tr style=\"height: 13.50pt;\">\n<td style=\"height: 13.50pt; width: 107.25pt;\" width=\"143\" height=\"18\">Especificaci\u00f3n<\/td>\n<td style=\"width: 378.00pt;\" width=\"504\">Detalles<\/td>\n<\/tr>\n<tr style=\"height: 13.50pt;\">\n<td style=\"height: 13.50pt;\" height=\"18\">Capacidad y tama\u00f1o<\/td>\n<td>1250ml: 11.5\u00d716cm; 1950ml: 13\u00d719.5cm<\/td>\n<\/tr>\n<tr style=\"height: 13.50pt;\">\n<td style=\"height: 13.50pt;\" height=\"18\">Material<\/td>\n<td>Vidrio de borosilicato alto<\/td>\n<\/tr>\n<tr style=\"height: 13.50pt;\">\n<td style=\"height: 13.50pt;\" height=\"18\">Tipo de tapa<\/td>\n<td>Tapa plana con veta de madera profunda<\/td>\n<\/tr>\n<tr style=\"height: 13.50pt;\">\n<td style=\"height: 13.50pt;\" height=\"18\">Di\u00e1metro de la tapa<\/td>\n<td>90 mm (di\u00e1metro de base uniforme)<\/td>\n<\/tr>\n<tr style=\"height: 13.50pt;\">\n<td style=\"height: 13.50pt;\" height=\"18\">Caracter\u00edstica del material<\/td>\n<td>Alta resistencia t\u00e9rmica y qu\u00edmica, claridad superior, durabilidad.<\/td>\n<\/tr>\n<tr style=\"height: 13.50pt;\">\n<td style=\"height: 13.50pt;\" height=\"18\">Ideal para<\/td>\n<td>Frascos de vidrio grandes con tapa a granel, frascos de vidrio al por mayor<\/td>\n<\/tr>\n<\/tbody>\n<\/table>\n<h2>Caso de \u00e9xito: Soluci\u00f3n de ingredientes a granel para una panader\u00eda<\/h2>\n<p>Nuestros frascos de vidrio grandes de 1950 ml con tapa se utilizaron en una panader\u00eda. Los frascos de muestra (de vidrio de borosilicato) no se empa\u00f1aron ni agrietaron durante el enjuague diario con agua caliente y desinfectante, y mantuvieron su durabilidad al 100 % durante 12 meses. La tapa herm\u00e9tica con veta de madera protegi\u00f3 eficazmente de la humedad y las plagas, minimizando as\u00ed el deterioro de los ingredientes en aproximadamente un 70 %. Gracias a estas propiedades de alto rendimiento, la empresa encarg\u00f3 400\u00a0000 frascos adicionales para almacenarlos en todas sus tiendas de forma est\u00e1ndar.<\/p>\n<h2>Tarros de cristal grandes con tapas Personalizaci\u00f3n<\/h2>\n<ul>\n<li>Marca de tapa personalizada: lo que se incluye en esto es la opci\u00f3n de estampar en caliente o grabar con l\u00e1ser el logotipo de su empresa en la superficie de la tapa de madera.<\/li>\n<li>Marcas de capacidad serigrafiadas: los frascos de vidrio tienen marcas de taza y litro claras y duraderas impresas en ellos.<\/li>\n<li>Tinte de veta de madera personalizado: elija el tono del acabado de veta de madera que desee, el tono puede ser desde \u00e9bano hasta roble claro.<\/li>\n<li>Anillo de sellado de silicona mejorado: las tapas tienen un anillo de sellado de silicona de grado alimenticio mejorado con un mejor sellado.<\/li>\n<\/ul>\n<p>\u00bfListo para organizar tus productos a granel? Precios al por mayor con descuento para estos frascos de vidrio grandes con tapa, duraderos y pr\u00e1cticos, de gran capacidad.<\/p>","protected":false},"excerpt":{"rendered":"<p>Frascos grandes de vidrio premium con tapa y frascos con tapa, hechos de vidrio de borosilicato transparente, con tapas planas de madera oscura para un almacenamiento limpio. Env\u00edo r\u00e1pido.<\/p>","protected":false},"featured_media":3981,"template":"","meta":{"postBodyCss":"","postBodyMargin":[],"postBodyPadding":[],"postBodyBackground":{"backgroundType":"classic","gradient":""}},"product_brand":[],"product_cat":[15,17,61],"product_tag":[68,67,70,69],"class_list":{"0":"post-3976","1":"product","2":"type-product","3":"status-publish","4":"has-post-thumbnail","6":"product_cat-glass-containers","7":"product_cat-glass-jars","8":"product_cat-glass-jars-with-lids","9":"product_tag-borosilicate-glass-jars","10":"product_tag-candy-jars","11":"product_tag-seasoning-jars","12":"product_tag-storage-jars","14":"first","15":"instock","16":"shipping-taxable","17":"product-type-simple"},"jetpack_sharing_enabled":true,"_links":{"self":[{"href":"https:\/\/minghanggroup.com\/es\/wp-json\/wp\/v2\/product\/3976","targetHints":{"allow":["GET"]}}],"collection":[{"href":"https:\/\/minghanggroup.com\/es\/wp-json\/wp\/v2\/product"}],"about":[{"href":"https:\/\/minghanggroup.com\/es\/wp-json\/wp\/v2\/types\/product"}],"wp:featuredmedia":[{"embeddable":true,"href":"https:\/\/minghanggroup.com\/es\/wp-json\/wp\/v2\/media\/3981"}],"wp:attachment":[{"href":"https:\/\/minghanggroup.com\/es\/wp-json\/wp\/v2\/media?parent=3976"}],"wp:term":[{"taxonomy":"product_brand","embeddable":true,"href":"https:\/\/minghanggroup.com\/es\/wp-json\/wp\/v2\/product_brand?post=3976"},{"taxonomy":"product_cat","embeddable":true,"href":"https:\/\/minghanggroup.com\/es\/wp-json\/wp\/v2\/product_cat?post=3976"},{"taxonomy":"product_tag","embeddable":true,"href":"https:\/\/minghanggroup.com\/es\/wp-json\/wp\/v2\/product_tag?post=3976"}],"curies":[{"name":"wp","href":"https:\/\/api.w.org\/{rel}","templated":true}]}}