{"id":3967,"date":"2025-12-22T14:16:32","date_gmt":"2025-12-22T06:16:32","guid":{"rendered":"https:\/\/minghanggroup.com\/?post_type=product&#038;p=3967"},"modified":"2026-03-02T15:24:18","modified_gmt":"2026-03-02T07:24:18","slug":"high-borosilicate-big-glass-jar-with-lids-bulk","status":"publish","type":"product","link":"https:\/\/minghanggroup.com\/es\/producto\/high-borosilicate-big-glass-jar-with-lids-bulk\/","title":{"rendered":"Frasco grande de vidrio de borosilicato de alta pureza con tapas (1360 ml y 1800 ml)"},"content":{"rendered":"<p>Te mereces un envase de alta gama que no solo mantenga los productos frescos, sino que tambi\u00e9n haga que tu marca destaque. Creamos frascos de vidrio grandes con tapa que no solo son funcionales, sino que tambi\u00e9n son una herramienta perfecta en la cocina, donde cada recipiente se convierte en la historia de tu producto.<\/p>\n<h2>Caracter\u00edsticas del producto<\/h2>\n<ol>\n<li><strong>Dise\u00f1o de visibilidad clara:<\/strong>Utilizando un vidrio de borosilicato transparente altamente duradero y resistente al calor, puede ver de un vistazo lo que hay dentro, lo que hace que sea muy f\u00e1cil almacenar y tomar sus frascos de cocina.<\/li>\n<li><strong>Acceso de boca ancha:<\/strong>La abertura de boca de 120 mm de ancho le permite llenar, limpiar y acceder al contenido de su contenedor de almacenamiento diario con facilidad.<\/li>\n<li><strong>Sello de tapa de madera:<\/strong>La tapa de madera que viene con el paquete junto con el sello ayuda a crear un ajuste perfecto, manteniendo as\u00ed el contenido fresco en su almacenamiento a granel.<\/li>\n<li><strong>Almacenamiento vers\u00e1til:<\/strong>Estos frascos de vidrio para cocina de lados rectos pueden almacenar cualquier cosa, desde miel y alm\u00edbar hasta hierbas y productos secos. \u00bfQu\u00e9 podr\u00eda ser m\u00e1s perfecto para los frascos de cocina?<\/li>\n<\/ol>\n<h2>Especificaciones clave<\/h2>\n<table style=\"border-collapse: collapse; width: 80%; margin-left: auto; margin-right: auto;\" border=\"0\" width=\"288\" cellspacing=\"0\" cellpadding=\"0\">\n<tbody>\n<tr style=\"height: 13.50pt;\">\n<td style=\"height: 13.5pt; width: 54pt; text-align: center;\" width=\"72\" height=\"18\">Capacidad (ml)<\/td>\n<td style=\"width: 54pt; text-align: center;\" width=\"72\">Tama\u00f1o (cm)<\/td>\n<td style=\"width: 54pt; text-align: center;\" width=\"72\">Material<\/td>\n<td style=\"width: 54pt; text-align: center;\" width=\"72\">Caracter\u00edsticas<\/td>\n<\/tr>\n<tr style=\"height: 13.50pt;\">\n<td style=\"height: 13.5pt; text-align: center;\" align=\"right\" height=\"18\">1360<\/td>\n<td style=\"text-align: center;\">12.0 * 15.0<\/td>\n<td class=\"et2\" style=\"text-align: center;\" rowspan=\"2\">Vidrio de borosilicato<\/td>\n<td class=\"et2\" style=\"text-align: center;\" rowspan=\"2\">Tapa de madera de 120 mm con lados rectos<\/td>\n<\/tr>\n<tr style=\"height: 13.50pt;\">\n<td style=\"height: 13.5pt; text-align: center;\" align=\"right\" height=\"18\">1800<\/td>\n<td style=\"text-align: center;\">12.0 * 20.0<\/td>\n<\/tr>\n<\/tbody>\n<\/table>\n<h2>Caso de \u00e9xito<\/h2>\n<p>Una red de tiendas minoristas especializada en productos secos y t\u00e9 a granel ha mejorado considerablemente su presentaci\u00f3n en tienda al optar por estos frascos de cocina de vidrio de borosilicato, rectos, planos, con borde y altos. La iluminaci\u00f3n del producto resultaba muy atractiva gracias a la alta transparencia de los envases de vidrio, y su gran di\u00e1metro de 150 mm facilitaba la reposici\u00f3n. Al mismo tiempo, el cierre herm\u00e9tico garantizaba la frescura de los alimentos, lo que generaba mayor confianza en los clientes.<\/p>\n<p>Durante los primeros tres meses despu\u00e9s de la implementaci\u00f3n, el cliente tiene un aumento de aproximadamente el 28% en las ventas anuales, con un aumento particularmente significativo en productos de t\u00e9 de alta gama.<\/p>\n<h2>Tus consejos de personalizaci\u00f3n<\/h2>\n<p>Al seleccionar frascos de vidrio de borosilicato, es recomendable adaptar el tama\u00f1o del recipiente y el dise\u00f1o de la tapa al tipo de producto y al lugar de uso. Si se trata de un producto que requiere reposici\u00f3n frecuente, como t\u00e9 o productos secos, se puede optimizar el proceso de reposici\u00f3n eligiendo un recipiente de mayor di\u00e1metro (por ejemplo, 150 mm), lo que tambi\u00e9n facilitar\u00e1 la exposici\u00f3n del producto. Las tapas de madera o con buen sellado no solo mantienen los ingredientes frescos, sino que tambi\u00e9n aportan un toque agradable al producto. Adem\u00e1s, el vidrio transparente hace que el producto sea m\u00e1s visible y atractivo, por lo que es recomendable elegir un vidrio con alta transparencia para que el producto destaque en los estantes.<\/p>\n<p>Al momento de fabricar los frascos, tambi\u00e9n puedes decidir las diferentes capacidades, colores o incluso logotipos personalizados dependiendo de los requerimientos de la marca para poder mantener la consistencia de los productos y ser reconocido en el mercado.<\/p>","protected":false},"excerpt":{"rendered":"<p>Venta directa de f\u00e1brica de frascos grandes de vidrio con tapa, ideales para almacenar en la cocina. Ofrecemos muestras gratuitas y personalizaci\u00f3n al por mayor para productos secos y especias.<\/p>","protected":false},"featured_media":3968,"template":"","meta":{"postBodyCss":"","postBodyMargin":[],"postBodyPadding":[],"postBodyBackground":{"backgroundType":"classic","gradient":""}},"product_brand":[],"product_cat":[15,17,61],"product_tag":[68,67,100,70,69],"class_list":{"0":"post-3967","1":"product","2":"type-product","3":"status-publish","4":"has-post-thumbnail","6":"product_cat-glass-containers","7":"product_cat-glass-jars","8":"product_cat-glass-jars-with-lids","9":"product_tag-borosilicate-glass-jars","10":"product_tag-candy-jars","11":"product_tag-glass-coffee-jars","12":"product_tag-seasoning-jars","13":"product_tag-storage-jars","15":"first","16":"instock","17":"shipping-taxable","18":"product-type-simple"},"jetpack_sharing_enabled":true,"_links":{"self":[{"href":"https:\/\/minghanggroup.com\/es\/wp-json\/wp\/v2\/product\/3967","targetHints":{"allow":["GET"]}}],"collection":[{"href":"https:\/\/minghanggroup.com\/es\/wp-json\/wp\/v2\/product"}],"about":[{"href":"https:\/\/minghanggroup.com\/es\/wp-json\/wp\/v2\/types\/product"}],"wp:featuredmedia":[{"embeddable":true,"href":"https:\/\/minghanggroup.com\/es\/wp-json\/wp\/v2\/media\/3968"}],"wp:attachment":[{"href":"https:\/\/minghanggroup.com\/es\/wp-json\/wp\/v2\/media?parent=3967"}],"wp:term":[{"taxonomy":"product_brand","embeddable":true,"href":"https:\/\/minghanggroup.com\/es\/wp-json\/wp\/v2\/product_brand?post=3967"},{"taxonomy":"product_cat","embeddable":true,"href":"https:\/\/minghanggroup.com\/es\/wp-json\/wp\/v2\/product_cat?post=3967"},{"taxonomy":"product_tag","embeddable":true,"href":"https:\/\/minghanggroup.com\/es\/wp-json\/wp\/v2\/product_tag?post=3967"}],"curies":[{"name":"wp","href":"https:\/\/api.w.org\/{rel}","templated":true}]}}