{"id":3966,"date":"2025-12-22T11:35:06","date_gmt":"2025-12-22T03:35:06","guid":{"rendered":"https:\/\/minghanggroup.com\/?post_type=product&#038;p=3966"},"modified":"2026-01-20T13:39:42","modified_gmt":"2026-01-20T05:39:42","slug":"high-borosilicate-glass-canisters-with-lids-bulk","status":"publish","type":"product","link":"https:\/\/minghanggroup.com\/es\/producto\/high-borosilicate-glass-canisters-with-lids-bulk\/","title":{"rendered":"Recipientes de vidrio de borosilicato de alta pureza con tapas de 500 ml, 800 ml y 1200 ml a granel"},"content":{"rendered":"<p>Estos exclusivos recipientes de vidrio con tapa cuentan con cuerpos hechos de vidrio de borosilicato y est\u00e1n cubiertos con tapas de corcho redondas naturales, lo que les da una apariencia c\u00e1lida y r\u00fastica.<\/p>\n<h2>Caracter\u00edsticas del producto<\/h2>\n<ul>\n<li>La forma redonda de la parte superior y el corcho redondo est\u00e1n arqueados dando un aspecto l\u00fadico pero al mismo tiempo ornamental ya que se pueden aplicar en cualquier tipo de entorno, incluidos expositores y tableros de mesa, potenciando el efecto m\u00e1s din\u00e1mico.<\/li>\n<li>El corcho redondo proporciona el mejor sellado que se puede realizar, pero existe una alternativa de madera personalizada.<\/li>\n<li>Estos frascos tambi\u00e9n ser\u00e1n muy duraderos, transparentes y resistentes al calor, ya que est\u00e1n hechos de material de vidrio de borosilicato alto y se pueden usar con regularidad.<\/li>\n<\/ul>\n<h2 style=\"text-align: left;\">Especificaciones clave<\/h2>\n<table class=\"aligncenter\" style=\"border-collapse: collapse; width: 462.02pt;\" border=\"0\" width=\"616\" cellspacing=\"0\" cellpadding=\"0\">\n<tbody>\n<tr style=\"height: 13.50pt;\">\n<td style=\"height: 13.50pt; width: 107.25pt;\" width=\"143\" height=\"18\">Especificaci\u00f3n<\/td>\n<td style=\"width: 354.75pt;\" width=\"473\">Detalles<\/td>\n<\/tr>\n<tr style=\"height: 13.50pt;\">\n<td style=\"height: 13.50pt;\" height=\"18\">Capacidad<\/td>\n<td>500 ml \/ 800 ml \/ 1200 ml<\/td>\n<\/tr>\n<tr style=\"height: 13.50pt;\">\n<td style=\"height: 13.50pt;\" height=\"18\">Dimensiones<\/td>\n<td>9\u00d710cm \/ 9\u00d715.5cm \/ 9\u00d720cm<\/td>\n<\/tr>\n<tr style=\"height: 13.50pt;\">\n<td style=\"height: 13.50pt;\" height=\"18\">Material<\/td>\n<td>Vidrio de borosilicato alto<\/td>\n<\/tr>\n<tr style=\"height: 13.50pt;\">\n<td style=\"height: 13.50pt;\" height=\"18\">Forma de tarro<\/td>\n<td>Cuerpo delgado con parte superior redondeada en forma de c\u00fapula<\/td>\n<\/tr>\n<tr style=\"height: 13.50pt;\">\n<td style=\"height: 13.50pt;\" height=\"18\">Tipo de tapa<\/td>\n<td>Tap\u00f3n de corcho natural esf\u00e9rico (tapa de madera disponible)<\/td>\n<\/tr>\n<tr style=\"height: 13.50pt;\">\n<td style=\"height: 13.50pt;\" height=\"18\">Caracter\u00edstica del material<\/td>\n<td>Alta resistencia qu\u00edmica y al choque t\u00e9rmico, claridad superior<\/td>\n<\/tr>\n<tr style=\"height: 13.50pt;\">\n<td style=\"height: 13.50pt;\" height=\"18\">Ideal para<\/td>\n<td>Recipiente de vidrio con tapa de madera, frascos de vidrio con tapas herm\u00e9ticas<\/td>\n<\/tr>\n<\/tbody>\n<\/table>\n<h2>El cambio de marca de la empresa: una marca de t\u00e9 turco de alta gama<\/h2>\n<p>La marca premium de t\u00e9 ha optado por usar \u00fanicamente botes de vidrio de borosilicato de 800 ml con tapa de madera como envase para su \u00faltimo lanzamiento, una colecci\u00f3n de una sola finca. Inicialmente, combinaron estos botes de vidrio con tapas debido a la forma del frasco, que ten\u00eda forma de decantador. La alta transparencia del vidrio de borosilicato permiti\u00f3 un aumento del 60 % en las ventas en su sitio web. Adem\u00e1s, los corchos circulares sellaron perfectamente el t\u00e9 y el aroma se conserv\u00f3 durante m\u00e1s tiempo. Por ello, los frascos se han convertido en un producto ic\u00f3nico en este sector. La empresa realiz\u00f3 otro pedido de 150\u00a0000 unidades.<\/p>\n<h2>Sugerencias de personalizaci\u00f3n de botes de vidrio con tapa<\/h2>\n<ul>\n<li><strong>Tapas de c\u00fapula de madera:<\/strong> Puedes hacer una tapa de madera redonda o plana en forma de c\u00fapula para reemplazar la tapa de corcho. El tipo de tapa har\u00e1 que tu bote parezca diferente, sin contar el corcho.<\/li>\n<li><strong>Grabado l\u00e1ser de la correa de hombro:<\/strong> El hombro del recipiente puede tener un logotipo grabado o un patr\u00f3n elaborado realizado mediante un proceso de grabado l\u00e1ser.<\/li>\n<li><strong>Materiales de vidrieras:<\/strong> Vidrio ut\u00f3pico Se debe utilizar vidrio de color blanco o transparente de alta claridad para dar forma a la parte superior del recipiente y lograr un efecto de dos tonos con un vidrio de color m\u00e1s oscuro.<\/li>\n<li><strong>Sello de cera para tap\u00f3n de corcho:<\/strong> Esto se hace aplicando cera de colores sobre tapones de corcho comunes para darles un aspecto vintage del viejo mundo. Estos frascos de vidrio \u00fanicos utilizan una tapa de madera.<\/li>\n<\/ul>","protected":false},"excerpt":{"rendered":"<p>Recipientes de vidrio de alta calidad con tapa y recipiente de vidrio con tapa de madera, fabricados en vidrio de borosilicato transparente con sello de corcho. Env\u00edo r\u00e1pido disponible.<\/p>","protected":false},"featured_media":3970,"template":"","meta":{"postBodyCss":"","postBodyMargin":[],"postBodyPadding":[],"postBodyBackground":{"backgroundType":"classic","gradient":""}},"product_brand":[],"product_cat":[15,17,61],"product_tag":[68,67,70,69],"class_list":{"0":"post-3966","1":"product","2":"type-product","3":"status-publish","4":"has-post-thumbnail","6":"product_cat-glass-containers","7":"product_cat-glass-jars","8":"product_cat-glass-jars-with-lids","9":"product_tag-borosilicate-glass-jars","10":"product_tag-candy-jars","11":"product_tag-seasoning-jars","12":"product_tag-storage-jars","14":"first","15":"instock","16":"shipping-taxable","17":"product-type-simple"},"jetpack_sharing_enabled":true,"_links":{"self":[{"href":"https:\/\/minghanggroup.com\/es\/wp-json\/wp\/v2\/product\/3966","targetHints":{"allow":["GET"]}}],"collection":[{"href":"https:\/\/minghanggroup.com\/es\/wp-json\/wp\/v2\/product"}],"about":[{"href":"https:\/\/minghanggroup.com\/es\/wp-json\/wp\/v2\/types\/product"}],"wp:featuredmedia":[{"embeddable":true,"href":"https:\/\/minghanggroup.com\/es\/wp-json\/wp\/v2\/media\/3970"}],"wp:attachment":[{"href":"https:\/\/minghanggroup.com\/es\/wp-json\/wp\/v2\/media?parent=3966"}],"wp:term":[{"taxonomy":"product_brand","embeddable":true,"href":"https:\/\/minghanggroup.com\/es\/wp-json\/wp\/v2\/product_brand?post=3966"},{"taxonomy":"product_cat","embeddable":true,"href":"https:\/\/minghanggroup.com\/es\/wp-json\/wp\/v2\/product_cat?post=3966"},{"taxonomy":"product_tag","embeddable":true,"href":"https:\/\/minghanggroup.com\/es\/wp-json\/wp\/v2\/product_tag?post=3966"}],"curies":[{"name":"wp","href":"https:\/\/api.w.org\/{rel}","templated":true}]}}