{"id":3958,"date":"2025-12-22T10:11:18","date_gmt":"2025-12-22T02:11:18","guid":{"rendered":"https:\/\/minghanggroup.com\/?post_type=product&#038;p=3958"},"modified":"2026-03-02T15:24:31","modified_gmt":"2026-03-02T07:24:31","slug":"clear-glass-canisters-with-cork-lids-wholesale","status":"publish","type":"product","link":"https:\/\/minghanggroup.com\/es\/producto\/clear-glass-canisters-with-cork-lids-wholesale\/","title":{"rendered":"Botes de vidrio transparente con tapa de corcho de 150 ml a 1100 ml al por mayor"},"content":{"rendered":"<p>Estos elegantes botes de vidrio, inspirados en las cl\u00e1sicas botellas de leche, est\u00e1n hechos de vidrio de borosilicato transparente y ecol\u00f3gico. Los tapones de corcho natural no solo garantizan la hermeticidad de los recipientes, sino que tambi\u00e9n aportan un toque r\u00fastico a estos frascos de vidrio \u00fanicos.<\/p>\n<h2>Caracter\u00edsticas del producto<\/h2>\n<ul>\n<li><strong>Forma cl\u00e1sica de la botella de leche:<\/strong> La forma fluye hermosamente y la parte inferior redondeada crea un dise\u00f1o muy distintivo y atractivo.<\/li>\n<li><strong>Sello de corcho natural:<\/strong> Un corcho natural proporciona un sello muy b\u00e1sico y su aspecto r\u00fastico agregar\u00e1 un toque fresco y natural agradable.<\/li>\n<li><strong>Vidrio de borosilicato de primera calidad:<\/strong> Mantiene el vidrio transparente siendo muy resistente al choque t\u00e9rmico.<\/li>\n<\/ul>\n<h2 style=\"text-align: left;\">Especificaciones clave<\/h2>\n<table class=\"aligncenter\" style=\"border-collapse: collapse; width: 462.02pt;\" border=\"0\" width=\"616\" cellspacing=\"0\" cellpadding=\"0\">\n<tbody>\n<tr style=\"height: 13.50pt;\">\n<td style=\"height: 13.50pt; width: 107.25pt;\" width=\"143\" height=\"18\">Especificaci\u00f3n<\/td>\n<td style=\"width: 354.75pt;\" width=\"473\">Detalles<\/td>\n<\/tr>\n<tr style=\"height: 13.50pt;\">\n<td style=\"height: 13.50pt;\" height=\"18\">Capacidad<\/td>\n<td>150 ml \/ 300 ml \/ 600 ml \/ 1100 ml<\/td>\n<\/tr>\n<tr style=\"height: 13.50pt;\">\n<td style=\"height: 13.50pt;\" height=\"18\">Dimensiones<\/td>\n<td>6\u00d711cm \/ 6.5\u00d715cm \/ 8\u00d719cm \/ 8.5\u00d726cm<\/td>\n<\/tr>\n<tr style=\"height: 13.50pt;\">\n<td style=\"height: 13.50pt;\" height=\"18\">Material<\/td>\n<td>Vidrio de borosilicato alto<\/td>\n<\/tr>\n<tr style=\"height: 13.50pt;\">\n<td style=\"height: 13.50pt;\" height=\"18\">Tipo de tapa<\/td>\n<td>Tap\u00f3n de corcho natural<\/td>\n<\/tr>\n<tr style=\"height: 13.50pt;\">\n<td style=\"height: 13.50pt;\" height=\"18\">Caracter\u00edstica del material<\/td>\n<td>Resistente al choque t\u00e9rmico, alta claridad, qu\u00edmicamente inerte<\/td>\n<\/tr>\n<tr style=\"height: 13.50pt;\">\n<td style=\"height: 13.50pt;\" height=\"18\">Ideal para<\/td>\n<td>Botes de vidrio, Botes de vidrio a granel con tapa<\/td>\n<\/tr>\n<\/tbody>\n<\/table>\n<h2>Caso de \u00e9xito: Expositor m\u00e1s vendido en un supermercado premium<\/h2>\n<p>Un gran supermercado de alta gama destac\u00f3 nuestros botes de vidrio de 600 ml en la secci\u00f3n de caf\u00e9 y t\u00e9 a granel. Los tapones de corcho natural extendieron el sello un 50 %, lo que redujo considerablemente los residuos. Este producto de dise\u00f1o resplandeciente fue uno de los favoritos de los clientes, lo que gener\u00f3 un aumento del 35 % en la afluencia de clientes en la zona. Los datos de ventas registraron un aumento del 40 % en las compras espont\u00e1neas de los art\u00edculos presentados en estos botes. Gracias a este \u00e9xito, el supermercado realiz\u00f3 un nuevo pedido de 50\u00a0000 lotes de productos, con la intenci\u00f3n de extender el concepto a toda la cadena de tiendas.<\/p>\n<h2>Opciones de personalizaci\u00f3n de botes de vidrio con tapa<\/h2>\n<ul>\n<li>Marca de corcho personalizada: agregue un toque personal estampando en caliente el logotipo de su marca en la parte superior del corcho natural.<\/li>\n<li>Marcado de capacidad serigrafiado. Marcas de capacidad muy ligeras de una botella que tambi\u00e9n son permanentes: sus palabras elegidas impresas en el hombro de la botella.<\/li>\n<li>Acentos de vidrieras. Est\u00e1n disponibles en vidrio \u00e1mbar claro o verde para productos sensibles a los rayos UV.<\/li>\n<li>Colores de corcho personalizados, puede seleccionar varios tonos naturales o corchos con sellos de cera de colores.<\/li>\n<li>Anillo de etiqueta colgante: insertar un peque\u00f1o anillo de vidrio o una ranura en el collar para colgar etiquetas de productos puede ser su opci\u00f3n.<\/li>\n<\/ul>","protected":false},"excerpt":{"rendered":"<p>Descubra nuestros elegantes botes de vidrio. Este bote de vidrio para leche con tapa cuenta con un sello de corcho natural. Perfecto para la despensa y la cocina. Muestras gratis.<\/p>","protected":false},"featured_media":3965,"template":"","meta":{"postBodyCss":"","postBodyMargin":[],"postBodyPadding":[],"postBodyBackground":{"backgroundType":"classic","gradient":""}},"product_brand":[],"product_cat":[15,17,61],"product_tag":[68,67,100,70,69],"class_list":{"0":"post-3958","1":"product","2":"type-product","3":"status-publish","4":"has-post-thumbnail","6":"product_cat-glass-containers","7":"product_cat-glass-jars","8":"product_cat-glass-jars-with-lids","9":"product_tag-borosilicate-glass-jars","10":"product_tag-candy-jars","11":"product_tag-glass-coffee-jars","12":"product_tag-seasoning-jars","13":"product_tag-storage-jars","15":"first","16":"instock","17":"shipping-taxable","18":"product-type-simple"},"jetpack_sharing_enabled":true,"_links":{"self":[{"href":"https:\/\/minghanggroup.com\/es\/wp-json\/wp\/v2\/product\/3958","targetHints":{"allow":["GET"]}}],"collection":[{"href":"https:\/\/minghanggroup.com\/es\/wp-json\/wp\/v2\/product"}],"about":[{"href":"https:\/\/minghanggroup.com\/es\/wp-json\/wp\/v2\/types\/product"}],"wp:featuredmedia":[{"embeddable":true,"href":"https:\/\/minghanggroup.com\/es\/wp-json\/wp\/v2\/media\/3965"}],"wp:attachment":[{"href":"https:\/\/minghanggroup.com\/es\/wp-json\/wp\/v2\/media?parent=3958"}],"wp:term":[{"taxonomy":"product_brand","embeddable":true,"href":"https:\/\/minghanggroup.com\/es\/wp-json\/wp\/v2\/product_brand?post=3958"},{"taxonomy":"product_cat","embeddable":true,"href":"https:\/\/minghanggroup.com\/es\/wp-json\/wp\/v2\/product_cat?post=3958"},{"taxonomy":"product_tag","embeddable":true,"href":"https:\/\/minghanggroup.com\/es\/wp-json\/wp\/v2\/product_tag?post=3958"}],"curies":[{"name":"wp","href":"https:\/\/api.w.org\/{rel}","templated":true}]}}