{"id":3957,"date":"2025-12-22T10:23:48","date_gmt":"2025-12-22T02:23:48","guid":{"rendered":"https:\/\/minghanggroup.com\/?post_type=product&#038;p=3957"},"modified":"2026-01-20T13:40:21","modified_gmt":"2026-01-20T05:40:21","slug":"straight-sided-huge-glass-jars-with-150mm-lids-bulk","status":"publish","type":"product","link":"https:\/\/minghanggroup.com\/es\/producto\/straight-sided-huge-glass-jars-with-150mm-lids-bulk\/","title":{"rendered":"Frascos de vidrio enormes de lados rectos de 3200 ml y 4800 ml con tapas de 150 mm a granel"},"content":{"rendered":"<p>Mereces un embalaje de la m\u00e1s alta calidad que no solo mantenga la frescura de tus productos, sino que tambi\u00e9n ayude a que tu marca destaque. Fabricamos frascos de vidrio grandes para grandes \u00e9xitos, donde cada contenedor eleva la historia de tu producto a un nuevo nivel.<\/p>\n<h2>Caracter\u00edsticas del producto<\/h2>\n<ol>\n<li><strong>Capacidad de almacenamiento masivo:<\/strong> Miel, jarabe o muesli se pueden almacenar en estos grandes frascos de vidrio que son la soluci\u00f3n perfecta para cualquier operaci\u00f3n de venta al por mayor y a granel en toda su l\u00ednea de productos.<\/li>\n<li><strong>Resistente al calor y durabilidad:<\/strong> Fabricados con vidrio de borosilicato resistente, estos frascos de vidrio resistentes al calor pueden soportar cambios repentinos de temperatura sin que se produzcan grietas, lo que los convierte en los recipientes perfectos para almacenar alimentos.<\/li>\n<li><strong>Dise\u00f1o de f\u00e1cil acceso:<\/strong> Las operaciones diarias de venta al por mayor se vuelven f\u00e1ciles de llenar, limpiar y acceder al contenido con la ayuda de la boca de 150 mm de ancho.<\/li>\n<\/ol>\n<h2>Especificaciones clave<\/h2>\n<table style=\"border-collapse: collapse; width: 80%; margin-left: auto; margin-right: auto;\" border=\"0\" width=\"360\" cellspacing=\"0\" cellpadding=\"0\">\n<tbody>\n<tr style=\"height: 13.50pt;\">\n<td style=\"height: 13.5pt; width: 54pt; text-align: center;\" width=\"72\" height=\"18\">Capacidad (ml)<\/td>\n<td style=\"width: 54pt; text-align: center;\" width=\"72\">Tama\u00f1o (cm)<\/td>\n<td style=\"width: 54pt; text-align: center;\" width=\"72\">Di\u00e1metro de la boca<\/td>\n<td style=\"width: 54pt; text-align: center;\" width=\"72\">Material<\/td>\n<td style=\"width: 54pt; text-align: center;\" width=\"72\">Caracter\u00edsticas<\/td>\n<\/tr>\n<tr style=\"height: 13.50pt;\">\n<td style=\"height: 13.5pt; text-align: center;\" align=\"right\" height=\"18\">3200<\/td>\n<td style=\"text-align: center;\">15,0 x 20,0<\/td>\n<td class=\"et2\" style=\"text-align: center;\" rowspan=\"2\">150 mm<\/td>\n<td class=\"et2\" style=\"text-align: center;\" rowspan=\"2\">Borosilicato<\/td>\n<td class=\"et2\" style=\"text-align: center;\" rowspan=\"2\">Tapa de lados rectos de 150 mm<\/td>\n<\/tr>\n<tr style=\"height: 13.50pt;\">\n<td style=\"height: 13.5pt; text-align: center;\" align=\"right\" height=\"18\">4800<\/td>\n<td style=\"text-align: center;\">15,0 x 30,0<\/td>\n<\/tr>\n<\/tbody>\n<\/table>\n<h2>Caso de \u00e9xito<\/h2>\n<p>Tras el cambio, un mayorista de ingredientes alimentarios utiliz\u00f3 estos frascos de vidrio de borosilicato, de lados rectos, redondos y altos, para almacenar y exhibir grandes cantidades de condimentos en polvo y productos secos. Gracias a su alta transparencia y gran capacidad, la visibilidad de los productos en los expositores mejor\u00f3 significativamente, lo que result\u00f3 en un aumento aproximado del 28 % en las ventas de referencias similares en los tres meses posteriores a su introducci\u00f3n.<\/p>\n<p>Adem\u00e1s, el cliente ha realizado dos pedidos al por mayor m\u00e1s del pedido inicial, logrando as\u00ed una tasa de recompra de m\u00e1s del 60% y ha obtenido este tipo de frasco como su soluci\u00f3n de embalaje estable a largo plazo.<\/p>\n<h2>Tus consejos de personalizaci\u00f3n<\/h2>\n<p>Este recipiente para guardar art\u00edculos se puede modificar con gran flexibilidad seg\u00fan las necesidades del cliente. Por ejemplo, se pueden imprimir las medidas de volumen en el vidrio para que la capacidad sea claramente visible, y la tapa puede ser de bamb\u00fa, madera o un anillo de sellado m\u00e1s grueso para mayor resistencia a la humedad. Tambi\u00e9n se puede colocar una marca o logotipo en el frasco mediante serigraf\u00eda, etiquetado o grabado l\u00e1ser, para que los clientes lo vean f\u00e1cilmente.<\/p>","protected":false},"excerpt":{"rendered":"<p>Frasco de vidrio grande con tapa de 150 mm, fabricado en vidrio de borosilicato de alta calidad. Suministro directo de f\u00e1brica. Personalizaci\u00f3n a granel para compradores de frascos. Muestra gratuita.<\/p>","protected":false},"featured_media":3955,"template":"","meta":{"postBodyCss":"","postBodyMargin":[],"postBodyPadding":[],"postBodyBackground":{"backgroundType":"classic","gradient":""}},"product_brand":[],"product_cat":[15,17,61],"product_tag":[68,67,70,69],"class_list":{"0":"post-3957","1":"product","2":"type-product","3":"status-publish","4":"has-post-thumbnail","6":"product_cat-glass-containers","7":"product_cat-glass-jars","8":"product_cat-glass-jars-with-lids","9":"product_tag-borosilicate-glass-jars","10":"product_tag-candy-jars","11":"product_tag-seasoning-jars","12":"product_tag-storage-jars","14":"first","15":"instock","16":"shipping-taxable","17":"product-type-simple"},"jetpack_sharing_enabled":true,"_links":{"self":[{"href":"https:\/\/minghanggroup.com\/es\/wp-json\/wp\/v2\/product\/3957","targetHints":{"allow":["GET"]}}],"collection":[{"href":"https:\/\/minghanggroup.com\/es\/wp-json\/wp\/v2\/product"}],"about":[{"href":"https:\/\/minghanggroup.com\/es\/wp-json\/wp\/v2\/types\/product"}],"wp:featuredmedia":[{"embeddable":true,"href":"https:\/\/minghanggroup.com\/es\/wp-json\/wp\/v2\/media\/3955"}],"wp:attachment":[{"href":"https:\/\/minghanggroup.com\/es\/wp-json\/wp\/v2\/media?parent=3957"}],"wp:term":[{"taxonomy":"product_brand","embeddable":true,"href":"https:\/\/minghanggroup.com\/es\/wp-json\/wp\/v2\/product_brand?post=3957"},{"taxonomy":"product_cat","embeddable":true,"href":"https:\/\/minghanggroup.com\/es\/wp-json\/wp\/v2\/product_cat?post=3957"},{"taxonomy":"product_tag","embeddable":true,"href":"https:\/\/minghanggroup.com\/es\/wp-json\/wp\/v2\/product_tag?post=3957"}],"curies":[{"name":"wp","href":"https:\/\/api.w.org\/{rel}","templated":true}]}}