{"id":3949,"date":"2025-12-19T14:31:03","date_gmt":"2025-12-19T06:31:03","guid":{"rendered":"https:\/\/minghanggroup.com\/?post_type=product&#038;p=3949"},"modified":"2026-01-20T13:40:01","modified_gmt":"2026-01-20T05:40:01","slug":"borosilicate-glass-jars-with-wood-lids-bulk","status":"publish","type":"product","link":"https:\/\/minghanggroup.com\/es\/producto\/borosilicate-glass-jars-with-wood-lids-bulk\/","title":{"rendered":"Frascos de vidrio de borosilicato con tapa de madera (450 ml - 1550 ml) a granel"},"content":{"rendered":"<p>Estos frascos de vidrio con tapa de madera est\u00e1n fabricados con vidrio de borosilicato de alta pureza. Las tapas de madera, poco profundas y de rosca, est\u00e1n adornadas con sencillos patrones de c\u00edrculos conc\u00e9ntricos, lo que los hace tan est\u00e9ticos como pr\u00e1cticos.<\/p>\n<h2>Caracter\u00edsticas del producto<\/h2>\n<ul>\n<li><strong>Estructura de madera texturizada atornillada:<\/strong> Los frascos de vidrio est\u00e1n equipados con una tapa de madera con cierre de rosca que ajusta perfectamente, de esta manera se conserva la frescura y se mantiene alejada la humedad.<\/li>\n<li><strong>Material de alto borosilicato:<\/strong> El vidrio es muy resistente a los cambios bruscos de temperatura y tiene menos probabilidades de romperse o agrietarse en comparaci\u00f3n con el vidrio normal.<\/li>\n<li><strong>Construcci\u00f3n resistente y apilable:<\/strong> El fondo plano y las paredes rectas permiten apilar incluso frascos grandes de 1550 ml de forma segura y compacta.<\/li>\n<\/ul>\n<h2 style=\"text-align: left;\">Especificaciones clave<\/h2>\n<table class=\"aligncenter\" style=\"border-collapse: collapse; width: 535.52pt;\" border=\"0\" width=\"714\" cellspacing=\"0\" cellpadding=\"0\">\n<tbody>\n<tr style=\"height: 13.50pt;\">\n<td style=\"height: 13.50pt; width: 117.00pt;\" width=\"156\" height=\"18\">Especificaci\u00f3n<\/td>\n<td style=\"width: 418.50pt;\" width=\"558\">Detalles<\/td>\n<\/tr>\n<tr style=\"height: 13.50pt;\">\n<td style=\"height: 13.50pt;\" height=\"18\">Capacidad<\/td>\n<td>450 ml \/ 750 ml \/ 950 ml \/ 1550 ml<\/td>\n<\/tr>\n<tr style=\"height: 13.50pt;\">\n<td style=\"height: 13.50pt;\" height=\"18\">Dimensiones<\/td>\n<td>9\u00d710cm \/ 9\u00d715cm \/ 9\u00d719cm \/ 9\u00d729,5cm<\/td>\n<\/tr>\n<tr style=\"height: 13.50pt;\">\n<td style=\"height: 13.50pt;\" height=\"18\">Material<\/td>\n<td>Vidrio de borosilicato alto<\/td>\n<\/tr>\n<tr style=\"height: 13.50pt;\">\n<td style=\"height: 13.50pt;\" height=\"18\">Tipo de tapa<\/td>\n<td>Tapa de madera atornillada<\/td>\n<\/tr>\n<tr style=\"height: 13.50pt;\">\n<td style=\"height: 13.50pt;\" height=\"18\">Di\u00e1metro de la tapa<\/td>\n<td>90 mm<\/td>\n<\/tr>\n<tr style=\"height: 13.50pt;\">\n<td style=\"height: 13.50pt;\" height=\"18\">Rasgo material clave<\/td>\n<td>Excelente resistencia al choque t\u00e9rmico, alta durabilidad, claridad superior.<\/td>\n<\/tr>\n<tr style=\"height: 13.50pt;\">\n<td style=\"height: 13.50pt;\" height=\"18\">Ideal para<\/td>\n<td>Frascos de vidrio con tapa de madera, frascos de vidrio a granel<\/td>\n<\/tr>\n<\/tbody>\n<\/table>\n<h2>Historia de \u00e9xito: C\u00f3mo la calidad impulsa a los clientes recurrentes<\/h2>\n<p>Nuestros frascos de vidrio de borosilicato con tapas de madera fueron la elecci\u00f3n de un distribuidor de alimentos de alta gama en Norteam\u00e9rica. Inicialmente, solicitaron 2000 unidades. Los frascos resultaron ser la soluci\u00f3n ideal para sus necesidades. Tras el lanzamiento del producto, comunicaron que hab\u00edan reducido las roturas durante el env\u00edo en un 40 %, aumentado el espacio en las estanter\u00edas en un 25 % y que los clientes estaban satisfechos con la reutilizaci\u00f3n de los frascos. El t\u00e9 se mantiene fresco durante meses gracias a su excelente sellado. Decidieron encargarnos de inmediato un nuevo pedido de 200\u00a0000 unidades para ampliar su l\u00ednea de productos, bas\u00e1ndose en el rendimiento del producto y la opini\u00f3n de los clientes.<\/p>\n<h2>Personalizaci\u00f3n: Sugerencias de personalizaci\u00f3n para pedidos al por mayor<\/h2>\n<p>\u00bfDesea personalizar su producto? Podemos adaptar este envase de vidrio con tapa a su marca. A continuaci\u00f3n, le presentamos algunos conceptos espec\u00edficos para este producto:<\/p>\n<ul>\n<li>Acabado de superficie\/color de tapa personalizado: elija un acabado tipo nogal oscuro o \u00e9bano para te\u00f1ir las tapas de madera, o simplemente agregue una capa de color para que coincida con la imagen de su marca.<\/li>\n<li>Marca de tapa: El logotipo de su empresa puede ser estampado en caliente o grabado con l\u00e1ser directamente en la tapa de madera, d\u00e1ndole as\u00ed un aspecto muy elegante, cl\u00e1sico y lujoso.<\/li>\n<li>Serigraf\u00eda: utilice impresiones duraderas y a todo color para el cuerpo de vidrio para obtener gr\u00e1ficos v\u00edvidos y una marca.<\/li>\n<li>Capacidad o ajuste de tama\u00f1o personalizado: \u00bfNecesita una capacidad espec\u00edfica? Podemos modificar la altura para crear un nuevo tama\u00f1o que se adapte perfectamente a su producto.<\/li>\n<\/ul>","protected":false},"excerpt":{"rendered":"<p>Frascos de vidrio con tapa de madera y bote de vidrio con tapa de vidrio de borosilicato transparente, con tapas de rosca de madera natural. Entrega r\u00e1pida para pedidos al por mayor.<\/p>","protected":false},"featured_media":3953,"template":"","meta":{"postBodyCss":"","postBodyMargin":[],"postBodyPadding":[],"postBodyBackground":{"backgroundType":"classic","gradient":""}},"product_brand":[],"product_cat":[15,17,61],"product_tag":[68,67,70,69],"class_list":{"0":"post-3949","1":"product","2":"type-product","3":"status-publish","4":"has-post-thumbnail","6":"product_cat-glass-containers","7":"product_cat-glass-jars","8":"product_cat-glass-jars-with-lids","9":"product_tag-borosilicate-glass-jars","10":"product_tag-candy-jars","11":"product_tag-seasoning-jars","12":"product_tag-storage-jars","14":"first","15":"instock","16":"shipping-taxable","17":"product-type-simple"},"jetpack_sharing_enabled":true,"_links":{"self":[{"href":"https:\/\/minghanggroup.com\/es\/wp-json\/wp\/v2\/product\/3949","targetHints":{"allow":["GET"]}}],"collection":[{"href":"https:\/\/minghanggroup.com\/es\/wp-json\/wp\/v2\/product"}],"about":[{"href":"https:\/\/minghanggroup.com\/es\/wp-json\/wp\/v2\/types\/product"}],"wp:featuredmedia":[{"embeddable":true,"href":"https:\/\/minghanggroup.com\/es\/wp-json\/wp\/v2\/media\/3953"}],"wp:attachment":[{"href":"https:\/\/minghanggroup.com\/es\/wp-json\/wp\/v2\/media?parent=3949"}],"wp:term":[{"taxonomy":"product_brand","embeddable":true,"href":"https:\/\/minghanggroup.com\/es\/wp-json\/wp\/v2\/product_brand?post=3949"},{"taxonomy":"product_cat","embeddable":true,"href":"https:\/\/minghanggroup.com\/es\/wp-json\/wp\/v2\/product_cat?post=3949"},{"taxonomy":"product_tag","embeddable":true,"href":"https:\/\/minghanggroup.com\/es\/wp-json\/wp\/v2\/product_tag?post=3949"}],"curies":[{"name":"wp","href":"https:\/\/api.w.org\/{rel}","templated":true}]}}