{"id":3939,"date":"2025-12-19T10:16:20","date_gmt":"2025-12-19T02:16:20","guid":{"rendered":"https:\/\/minghanggroup.com\/?post_type=product&#038;p=3939"},"modified":"2026-01-20T13:39:51","modified_gmt":"2026-01-20T05:39:51","slug":"square-borosilicate-storage-jars-with-flat-lid-wholesale","status":"publish","type":"product","link":"https:\/\/minghanggroup.com\/es\/producto\/square-borosilicate-storage-jars-with-flat-lid-wholesale\/","title":{"rendered":"Frascos cuadrados de borosilicato con tapa plana (600 ml - 1400 ml) al por mayor"},"content":{"rendered":"<p>Su marca merece un empaque, fabricado con materiales de primera calidad que mantienen la frescura de los productos y la distinguen. Dise\u00f1amos frascos de vidrio al por mayor que tienen \u00e9xito al por mayor, donde cada frasco realza la historia de su producto.<\/p>\n<h2>Caracter\u00edsticas del producto<\/h2>\n<ol>\n<li><strong>Capacidad de almacenamiento vers\u00e1til: <\/strong>Utilice estos frascos de vidrio cuadrados para guardar miel, alm\u00edbar, salsas o productos secos: un almacenamiento perfecto para cualquier necesidad de su l\u00ednea de productos.<\/li>\n<li><strong>Durabilidad resistente al calor: <\/strong>Fabricados con vidrio de borosilicato resistente, estos frascos de vidrio al por mayor resistentes al calor pueden soportar cambios de temperatura sin romperse; por lo tanto, son adecuados para el almacenamiento en caliente.<\/li>\n<li><strong>Dise\u00f1o de visibilidad clara: <\/strong>Un contenedor transparente le permite ver el contenido inmediatamente, por lo que la gesti\u00f3n del inventario se vuelve muy f\u00e1cil para sus operaciones mayoristas.<\/li>\n<li><strong>Dise\u00f1o de boca plana: <\/strong>El di\u00e1metro de la abertura de la lata es igual al del cuerpo de la botella, lo que facilita la entrada y salida de materiales. Adem\u00e1s, su boca plana facilita la limpieza y el llenado, reduciendo as\u00ed los residuos en las esquinas.<\/li>\n<\/ol>\n<h2>Especificaciones clave<\/h2>\n<table style=\"border-collapse: collapse; width: 80%; margin-left: auto; margin-right: auto;\" border=\"0\" width=\"360\" cellspacing=\"0\" cellpadding=\"0\">\n<tbody>\n<tr style=\"height: 13.50pt;\">\n<td style=\"height: 13.5pt; width: 54pt; text-align: center;\" width=\"72\" height=\"18\">Capacidad (ml)<\/td>\n<td style=\"width: 54pt; text-align: center;\" width=\"72\">Tama\u00f1o (cm)<\/td>\n<td style=\"width: 54pt; text-align: center;\" width=\"72\">Di\u00e1metro de la boca (mm)<\/td>\n<td style=\"width: 54pt; text-align: center;\" width=\"72\">Material<\/td>\n<td style=\"width: 54pt; text-align: center;\" width=\"72\">Caracter\u00edsticas<\/td>\n<\/tr>\n<tr style=\"height: 13.50pt;\">\n<td style=\"height: 13.5pt; text-align: center;\" align=\"right\" height=\"18\">600<\/td>\n<td style=\"text-align: center;\">10 x 10 x 10,5<\/td>\n<td class=\"et2\" style=\"text-align: center;\" rowspan=\"5\">94\u00d7100<\/td>\n<td class=\"et2\" style=\"text-align: center;\" rowspan=\"5\">Borosilicato<\/td>\n<td class=\"et2\" style=\"text-align: center;\" rowspan=\"5\">Cuadrado, de lados rectos<\/td>\n<\/tr>\n<tr style=\"height: 13.50pt;\">\n<td style=\"height: 13.5pt; text-align: center;\" align=\"right\" height=\"18\">800<\/td>\n<td style=\"text-align: center;\">10 x 10 x 13<\/td>\n<\/tr>\n<tr style=\"height: 13.50pt;\">\n<td style=\"height: 13.5pt; text-align: center;\" align=\"right\" height=\"18\">1000<\/td>\n<td style=\"text-align: center;\">10 x 10 x 16<\/td>\n<\/tr>\n<tr style=\"height: 13.50pt;\">\n<td style=\"height: 13.5pt; text-align: center;\" align=\"right\" height=\"18\">1200<\/td>\n<td style=\"text-align: center;\">10 x 10 x 19<\/td>\n<\/tr>\n<tr style=\"height: 13.50pt;\">\n<td style=\"height: 13.5pt; text-align: center;\" align=\"right\" height=\"18\">1400<\/td>\n<td style=\"text-align: center;\">10 x 10 x 21<\/td>\n<\/tr>\n<\/tbody>\n<\/table>\n<h2>Caso de \u00e9xito<\/h2>\n<p>Como parte del proyecto de modernizaci\u00f3n de una marca internacional de muebles para el hogar, que utilizaba sus frascos de vidrio redondos y comunes, estos frascos de vidrio de borosilicato cuadrados y de boca plana, disponibles al por mayor, fueron la principal novedad. Gracias al sellado mejorado y la presentaci\u00f3n m\u00e1s atractiva que ofrece la estructura de boca plana, la tasa de conversi\u00f3n de clientes en la categor\u00eda de almacenamiento de cocina en la plataforma de comercio electr\u00f3nico aument\u00f3 aproximadamente un 28 % en los tres meses posteriores al lanzamiento, y la tasa de recompra de todo el conjunto de frascos tambi\u00e9n aument\u00f3 casi un 35 %. Muchos consumidores finales mencionaron que el dise\u00f1o de boca plana era m\u00e1s conveniente para la limpieza y el apilamiento era m\u00e1s estable, por lo que esta serie se convirti\u00f3 muy r\u00e1pidamente en el producto estrella a largo plazo de la marca, y el cliente se sinti\u00f3 motivado a realizar dos pedidos al por mayor m\u00e1s en seis meses.<\/p>\n<h2>Tus consejos de personalizaci\u00f3n<\/h2>\n<p>Los detalles de estos frascos de vidrio de borosilicato cuadrados de boca plana, hechos a medida, se pueden modificar con flexibilidad seg\u00fan el mercado objetivo y el uso. Por ejemplo, se puede elegir un vidrio de borosilicato con mayor transmitancia de luz y optimizar las dimensiones de los frascos para que los expositores de tiendas de alimentaci\u00f3n o cajas de regalo sean visualmente m\u00e1s limpios y atractivos. En cuanto a la tapa, junto con la estructura de boca plana, se pueden cambiar los materiales o colores de los anillos de sellado y el tratamiento de la superficie de la tapa para proporcionar un mayor reconocimiento de marca.<\/p>","protected":false},"excerpt":{"rendered":"<p>Frascos de vidrio al por mayor fabricados con vidrio de borosilicato de alta pureza. Estos frascos de almacenamiento son personalizables y se venden al por mayor para marcas y minoristas. \u00a1Venta directa de f\u00e1brica!<\/p>","protected":false},"featured_media":3944,"template":"","meta":{"postBodyCss":"","postBodyMargin":[],"postBodyPadding":[],"postBodyBackground":{"backgroundType":"classic","gradient":""}},"product_brand":[],"product_cat":[15,17,61],"product_tag":[68,67,70,69],"class_list":{"0":"post-3939","1":"product","2":"type-product","3":"status-publish","4":"has-post-thumbnail","6":"product_cat-glass-containers","7":"product_cat-glass-jars","8":"product_cat-glass-jars-with-lids","9":"product_tag-borosilicate-glass-jars","10":"product_tag-candy-jars","11":"product_tag-seasoning-jars","12":"product_tag-storage-jars","14":"first","15":"instock","16":"shipping-taxable","17":"product-type-simple"},"jetpack_sharing_enabled":true,"_links":{"self":[{"href":"https:\/\/minghanggroup.com\/es\/wp-json\/wp\/v2\/product\/3939","targetHints":{"allow":["GET"]}}],"collection":[{"href":"https:\/\/minghanggroup.com\/es\/wp-json\/wp\/v2\/product"}],"about":[{"href":"https:\/\/minghanggroup.com\/es\/wp-json\/wp\/v2\/types\/product"}],"wp:featuredmedia":[{"embeddable":true,"href":"https:\/\/minghanggroup.com\/es\/wp-json\/wp\/v2\/media\/3944"}],"wp:attachment":[{"href":"https:\/\/minghanggroup.com\/es\/wp-json\/wp\/v2\/media?parent=3939"}],"wp:term":[{"taxonomy":"product_brand","embeddable":true,"href":"https:\/\/minghanggroup.com\/es\/wp-json\/wp\/v2\/product_brand?post=3939"},{"taxonomy":"product_cat","embeddable":true,"href":"https:\/\/minghanggroup.com\/es\/wp-json\/wp\/v2\/product_cat?post=3939"},{"taxonomy":"product_tag","embeddable":true,"href":"https:\/\/minghanggroup.com\/es\/wp-json\/wp\/v2\/product_tag?post=3939"}],"curies":[{"name":"wp","href":"https:\/\/api.w.org\/{rel}","templated":true}]}}