{"id":3938,"date":"2025-12-19T09:06:50","date_gmt":"2025-12-19T01:06:50","guid":{"rendered":"https:\/\/minghanggroup.com\/?post_type=product&#038;p=3938"},"modified":"2026-01-20T13:40:49","modified_gmt":"2026-01-20T05:40:49","slug":"clear-jars-with-wooden-lids-for-food-storage-bulk","status":"publish","type":"product","link":"https:\/\/minghanggroup.com\/es\/producto\/clear-jars-with-wooden-lids-for-food-storage-bulk\/","title":{"rendered":"Frascos transparentes de 250 ml a 1550 ml con tapa de madera para almacenar alimentos a granel"},"content":{"rendered":"<p>Estos frascos con tapa de madera est\u00e1n fabricados con vidrio de borosilicato transparente. Para mayor estabilidad, se utilizan bordes redondeados y un fondo ligeramente elevado. Adem\u00e1s, cuentan con tapas con vetas de madera c\u00e1lidas y texturas naturales, lo que permite guardar objetos cotidianos, convirti\u00e9ndolos en un complemento encantador para cualquier habitaci\u00f3n.<\/p>\n<h2>Caracter\u00edsticas del producto<\/h2>\n<ul>\n<li><strong>Propiedades del vidrio de borosilicato alto:<\/strong> Los frascos est\u00e1n fabricados con vidrio de borosilicato de alta calidad, lo que los hace resistentes a los cambios de temperatura, inodoros y de larga duraci\u00f3n, por lo que se garantiza el almacenamiento seguro de alimentos tanto calientes como fr\u00edos.<\/li>\n<li><strong>Dise\u00f1o de tapa plana con veta de madera:<\/strong> La tapa plana con veta de madera, de textura natural y hecha de una sola pieza, combina las caracter\u00edsticas de sellado con el lado est\u00e9tico, por lo que no solo mejora el aspecto general de su hogar, sino que tambi\u00e9n permite una f\u00e1cil apertura y cierre.<\/li>\n<li><strong>Estabilidad del fondo elevado:<\/strong> La construcci\u00f3n redondeada de la parte inferior elevada contribuye a la estabilidad, por lo tanto, colocarlos en escritorios, gabinetes u otros lugares de exhibici\u00f3n no provocar\u00e1 que se vuelquen.<\/li>\n<\/ul>\n<h2 style=\"text-align: left;\">Especificaciones clave<\/h2>\n<table class=\"aligncenter\" style=\"border-collapse: collapse; width: 494.27pt;\" border=\"0\" width=\"100%\" cellspacing=\"0\" cellpadding=\"0\">\n<tbody>\n<tr style=\"height: 13.50pt;\">\n<td style=\"height: 13.50pt; width: 150.00pt;\" width=\"200\" height=\"18\">Caracter\u00edstica<\/td>\n<td style=\"width: 344.25pt;\" width=\"459\">Detalles<\/td>\n<\/tr>\n<tr style=\"height: 13.50pt;\">\n<td style=\"height: 13.50pt;\" height=\"18\">Capacidad<\/td>\n<td>250ml \/ 450ml \/ 750ml \/ 950ml \/ 1550ml<\/td>\n<\/tr>\n<tr style=\"height: 13.50pt;\">\n<td style=\"height: 13.50pt;\" height=\"18\">Dimensiones<\/td>\n<td>7\u00d79 cm \/ 10\u00d79 cm \/ 15\u00d79 cm \/ 19\u00d79 cm \/ 29.5\u00d79 cm<\/td>\n<\/tr>\n<tr style=\"height: 13.50pt;\">\n<td style=\"height: 13.50pt;\" height=\"18\">Material<\/td>\n<td>Vidrio de borosilicato alto<\/td>\n<\/tr>\n<tr style=\"height: 13.50pt;\">\n<td style=\"height: 13.50pt;\" height=\"18\">Tipo de tapa<\/td>\n<td>Tapa plana de madera con textura de veta natural, ajuste empotrado<\/td>\n<\/tr>\n<tr style=\"height: 13.50pt;\">\n<td style=\"height: 13.50pt;\" height=\"18\">Di\u00e1metro de la tapa<\/td>\n<td>90 mm (est\u00e1ndar en todos los tama\u00f1os)<\/td>\n<\/tr>\n<tr style=\"height: 13.50pt;\">\n<td style=\"height: 13.50pt;\" height=\"18\">Ventajas del borosilicato<\/td>\n<td>Resiste choque t\u00e9rmico (\u0394T \u2265 150\u00b0C), qu\u00edmicamente inerte<\/td>\n<\/tr>\n<tr style=\"height: 13.50pt;\">\n<td style=\"height: 13.50pt;\" height=\"18\">Ideal para<\/td>\n<td>Frascos con tapa de madera, botes para almacenar alimentos con tapa.<\/td>\n<\/tr>\n<\/tbody>\n<\/table>\n<h2>Historia de \u00e9xito: La historia de \u00e9xito del visual merchandising de un minorista de alimentos<\/h2>\n<p>Gracias a nuestra l\u00ednea completa de frascos transparentes, una cadena de supermercados especializada entall\u00f3 visualmente su secci\u00f3n de productos secos a granel, lo que result\u00f3 en un pedido inicial de 8000 unidades. El resultado fue excelente; los frascos de vidrio de borosilicato son muy resistentes, lo que redujo en un 80% las roturas, la principal causa del proceso de manipulaci\u00f3n y limpieza. Las tapas con textura de madera ofrecen un sellado un 60% m\u00e1s duradero para productos como caf\u00e9 y especias. El dise\u00f1o \u00fanico de fondo redondeado aumenta la estabilidad del estante y reduce el riesgo de vuelco, que es de hasta un 95%. El cliente qued\u00f3 tan satisfecho con el rendimiento del producto que realiz\u00f3 un pedido adicional de 150\u00a0000 frascos de vidrio para toda la cadena de envasado.<\/p>\n<h2>Tarros con tapas de madera con posibilidades de personalizaci\u00f3n<\/h2>\n<ul>\n<li>Cambiando la tapa de veta de madera por una tapa s\u00f3lida de bamb\u00fa, haya o acacia.<\/li>\n<li>Grabado de tapa: grabado l\u00e1ser de logotipos, motivos o textos del cliente en la superficie de la tapa de madera.<\/li>\n<li>Marcas de gradiente serigrafiadas: marcas de capacidad sutiles y permanentes impresas en el lateral del frasco.<\/li>\n<li>Base esmerilada: un elegante acabado mate en la base elevada logrado mediante un proceso de chorro de arena.<\/li>\n<li>Anillos de sellado de silicona de colores: se pueden elegir entre una variedad de colores de anillos de sellado internos de silicona de grado alimenticio.<\/li>\n<\/ul>","protected":false},"excerpt":{"rendered":"<p>Frascos premium con tapa de madera, frascos transparentes de vidrio de borosilicato transparente, varios tama\u00f1os, ideales para guardar en la despensa. Muestras gratuitas disponibles.<\/p>","protected":false},"featured_media":3941,"template":"","meta":{"postBodyCss":"","postBodyMargin":[],"postBodyPadding":[],"postBodyBackground":{"backgroundType":"classic","gradient":""}},"product_brand":[],"product_cat":[15,17,61],"product_tag":[68,67,70,69],"class_list":{"0":"post-3938","1":"product","2":"type-product","3":"status-publish","4":"has-post-thumbnail","6":"product_cat-glass-containers","7":"product_cat-glass-jars","8":"product_cat-glass-jars-with-lids","9":"product_tag-borosilicate-glass-jars","10":"product_tag-candy-jars","11":"product_tag-seasoning-jars","12":"product_tag-storage-jars","14":"first","15":"instock","16":"shipping-taxable","17":"product-type-simple"},"jetpack_sharing_enabled":true,"_links":{"self":[{"href":"https:\/\/minghanggroup.com\/es\/wp-json\/wp\/v2\/product\/3938","targetHints":{"allow":["GET"]}}],"collection":[{"href":"https:\/\/minghanggroup.com\/es\/wp-json\/wp\/v2\/product"}],"about":[{"href":"https:\/\/minghanggroup.com\/es\/wp-json\/wp\/v2\/types\/product"}],"wp:featuredmedia":[{"embeddable":true,"href":"https:\/\/minghanggroup.com\/es\/wp-json\/wp\/v2\/media\/3941"}],"wp:attachment":[{"href":"https:\/\/minghanggroup.com\/es\/wp-json\/wp\/v2\/media?parent=3938"}],"wp:term":[{"taxonomy":"product_brand","embeddable":true,"href":"https:\/\/minghanggroup.com\/es\/wp-json\/wp\/v2\/product_brand?post=3938"},{"taxonomy":"product_cat","embeddable":true,"href":"https:\/\/minghanggroup.com\/es\/wp-json\/wp\/v2\/product_cat?post=3938"},{"taxonomy":"product_tag","embeddable":true,"href":"https:\/\/minghanggroup.com\/es\/wp-json\/wp\/v2\/product_tag?post=3938"}],"curies":[{"name":"wp","href":"https:\/\/api.w.org\/{rel}","templated":true}]}}